{"id":20128,"date":"2020-10-27T18:24:44","date_gmt":"2020-10-27T18:24:44","guid":{"rendered":"https:\/\/medipurpose.com\/descargas\/alphaindex\/d\/"},"modified":"2020-10-27T18:24:46","modified_gmt":"2020-10-27T18:24:46","slug":"d","status":"publish","type":"page","link":"https:\/\/medipurpose.com\/es\/descargas\/alphaindex\/d\/","title":{"rendered":"D"},"content":{"rendered":"<div class=\"wpb-content-wrapper\"><p>[vc_row css_animation=\u00bb\u00bb row_type=\u00bbrow\u00bb use_row_as_full_screen_section=\u00bbno\u00bb type=\u00bbgrid\u00bb angled_section=\u00bbno\u00bb text_align=\u00bbleft\u00bb background_image_as_pattern=\u00bbwithout_pattern\u00bb css=\u00bb.vc_custom_1495570570868{margin-top: 50px !important;}\u00bb][vc_column][vc_row_inner row_type=\u00bbrow\u00bb type=\u00bbfull_width\u00bb text_align=\u00bbleft\u00bb css_animation=\u00bb\u00bb][vc_column_inner][vc_column_text]<\/p>\n<p style=\"text-align: center;\"><a href=\"http:\/\/medipurpose.com\/es\/descargas\/alphaindex\/un\/\">a<\/a> ?  <a href=\"http:\/\/medipurpose.com\/es\/descargas\/alphaindex\/b\/\">b<\/a> ?  <a href=\"http:\/\/medipurpose.com\/es\/descargas\/alphaindex\/c\/\">c<\/a> ?  <a href=\"http:\/\/medipurpose.com\/es\/descargas\/alphaindex\/d\/\">d \u00e1<\/a> <span style=\"color: #303030;\">e<\/span> ?  <a href=\"http:\/\/medipurpose.com\/es\/descargas\/alphaindex\/f\/\">f<\/a> ?  <span style=\"color: #303030;\">g<\/span> ?  <a href=\"http:\/\/medipurpose.com\/es\/descargas\/alphaindex\/h\/\">h<\/a> \u00e1  <span style=\"color: #303030;\">i<\/span> . . . . . . .  <span style=\"color: #303030;\">j<\/span> . . . . . . .  <span style=\"color: #303030;\">k<\/span> ?  <a href=\"http:\/\/medipurpose.com\/es\/descargas\/alphaindex\/l\/\">l<\/a> . . . . . . .  <a href=\"http:\/\/medipurpose.com\/es\/descargas\/alphaindex\/m\/\">m<\/a> . . . . . . .  <span style=\"color: #303030;\">n<\/span> . . . . . . .  <a href=\"http:\/\/medipurpose.com\/es\/descargas\/alphaindex\/o\/\">o<\/a> <a href=\"http:\/\/medipurpose.com\/es\/descargas\/alphaindex\/p\/\">p<\/a> ?  <span style=\"color: #303030;\">q<\/span> ?  <span style=\"color: #303030;\">r<\/span> ?  <a href=\"http:\/\/medipurpose.com\/es\/descargas\/alphaindex\/s\/\">s ?<\/a> <a href=\"http:\/\/medipurpose.com\/es\/descargas\/alphaindex\/t\/\">t<\/a> ?  <a href=\"http:\/\/medipurpose.com\/es\/descargas\/alphaindex\/u\/\">u<\/a> ?  <span style=\"color: #303030;\">v<\/span> ?  <a href=\"http:\/\/medipurpose.com\/es\/descargas\/alphaindex\/w\/\">w<\/a> ?  <span style=\"color: #303030;\">x<\/span> ?  <span style=\"color: #303030;\">y<\/span> ?  <span style=\"color: #303030;\">Z<\/span><\/p>\n<p>[\/vc_column_text][\/vc_column_inner][\/vc_row_inner][vc_separator type=\u00bbnormal\u00bb color=\u00bb#a0a0a0&#8243; up=\u00bb20&#8243; down=\u00bb50&#8243;][\/vc_column][\/vc_row][vc_row css_animation=\u00bb\u00bb row_type=\u00bbrow\u00bb use_row_as_full_screen_section=\u00bbno\u00bb type=\u00bbgrid\u00bb angled_section=\u00bbno\u00bb text_align=\u00bbleft\u00bb background_image_as_pattern=\u00bbwithout_pattern\u00bb css=\u00bb.vc_custom_1495569914651{margin-bottom: 30px !important;}\u00bb][vc_column][vc_column_text]<\/p>\n<h1>Elementos que comienzan con Archivos D<\/h1>\n<p>[\/vc_column_text][vc_row_inner row_type=\u00bbrow\u00bb type=\u00bbgrid\u00bb text_align=\u00bbleft\u00bb css_animation=\u00bb\u00bb][vc_column_inner width=\u00bb1\/2&#8243; css=\u00bb.vc_custom_1495569022655{padding-top: 30px !important;padding-right: 30px !important;padding-bottom: 30px !important;padding-left: 30px !important;background-color: #ffffff !important;}\u00bb][vc_column_text]<\/p>\n<h2><a href=\"http:\/\/medipurpose.com\/downloads-2\/item\/babylance-white-paper-ergnomics\/\">Definici\u00f3n, traducci\u00f3n y validaci\u00f3n de especificaciones de dise\u00f1o ergon\u00f3mico<\/a><\/h2>\n<p><strong>Versi\u00f3n: <\/strong>0[\/vc_column_text][vc_separator type=\u00bbnormal\u00bb color=\u00bb#a0a0a0&#8243; up=\u00bb20&#8243; down=\u00bb20&#8243;]<a  itemprop=\"url\" href=\"\/wp-content\/uploads\/pdf\/babylance\/BL-White Paper-Ergonomics.pdf\" target=\"_self\"  class=\"qbutton  default\" style=\"\">Descargar<\/a>[\/vc_column_inner][vc_column_inner width=\u00bb1\/2&#8243; css=\u00bb.vc_custom_1495569032027{padding-top: 30px !important;padding-right: 30px !important;padding-bottom: 30px !important;padding-left: 30px !important;background-color: #ffffff !important;}\u00bb][vc_column_text]<\/p>\n<h2><a href=\"http:\/\/medipurpose.com\/downloads-2\/item\/babylance-white-paper-safety\/\">Definici\u00f3n, traducci\u00f3n y validaci\u00f3n de caracter\u00edsticas de seguridad<\/a><\/h2>\n<p><strong>Versi\u00f3n: <\/strong> 0[\/vc_column_text][vc_separator type=\u00bbnormal\u00bb color=\u00bb#a0a0a0&#8243; up=\u00bb20&#8243; down=\u00bb20&#8243;]<a  itemprop=\"url\" href=\"\/wp-content\/uploads\/pdf\/babylance\/BABYLANCE-White%20Paper-Safety-Rev.A.pdf\" target=\"_self\"  class=\"qbutton  default\" style=\"\">Descargar<\/a>[\/vc_column_inner][\/vc_row_inner][\/vc_column][\/vc_row][vc_row css_animation=\u00bb\u00bb row_type=\u00bbrow\u00bb use_row_as_full_screen_section=\u00bbno\u00bb type=\u00bbfull_width\u00bb angled_section=\u00bbno\u00bb text_align=\u00bbleft\u00bb background_image_as_pattern=\u00bbwithout_pattern\u00bb][vc_column offset=\u00bbvc_hidden-md vc_hidden-xs\u00bb][vc_empty_space height=\u00bb130px\u00bb][\/vc_column][\/vc_row]<\/p>\n<\/div>","protected":false},"excerpt":{"rendered":"<p>[vc_row css_animation=\u00bb\u00bb row_type=\u00bbrow\u00bb use_row_as_full_screen_section=\u00bbno\u00bb type=\u00bbgrid\u00bb angled_section=\u00bbno\u00bb text_align=\u00bbleft\u00bb background_image_as_pattern=\u00bbwithout_pattern\u00bb css=\u00bb.vc_custom_1495570570868{margin-top: 50px !important;}\u00bb][vc_column][vc_row_inner row_type=\u00bbrow\u00bb type=\u00bbfull_width\u00bb text_align=\u00bbleft\u00bb css_animation=\u00bb\u00bb][vc_column_inner][vc_column_text] a ? b ? c ? d \u00e1 e ? f ? g ? h \u00e1 i . . . . . . . j . . . . &#8230;.<\/p>\n","protected":false},"author":3,"featured_media":0,"parent":20060,"menu_order":0,"comment_status":"open","ping_status":"open","template":"full_width.php","meta":{"_monsterinsights_skip_tracking":false,"_monsterinsights_sitenote_active":false,"_monsterinsights_sitenote_note":"","_monsterinsights_sitenote_category":0,"footnotes":""},"class_list":["post-20128","page","type-page","status-publish","hentry"],"yoast_head":"<!-- This site is optimized with the Yoast SEO plugin v27.1.1 - https:\/\/yoast.com\/product\/yoast-seo-wordpress\/ -->\n<title>D - MediPurpose<\/title>\n<meta name=\"robots\" content=\"index, follow, max-snippet:-1, max-image-preview:large, max-video-preview:-1\" \/>\n<link rel=\"canonical\" href=\"https:\/\/medipurpose.com\/es\/descargas\/alphaindex\/d\/\" \/>\n<meta property=\"og:locale\" content=\"es_ES\" \/>\n<meta property=\"og:type\" content=\"article\" \/>\n<meta property=\"og:title\" content=\"D - MediPurpose\" \/>\n<meta property=\"og:description\" content=\"[vc_row css_animation=\u00bb\u00bb row_type=\u00bbrow\u00bb use_row_as_full_screen_section=\u00bbno\u00bb type=\u00bbgrid\u00bb angled_section=\u00bbno\u00bb text_align=\u00bbleft\u00bb background_image_as_pattern=\u00bbwithout_pattern\u00bb css=\u00bb.vc_custom_1495570570868{margin-top: 50px !important;}\u00bb][vc_column][vc_row_inner row_type=\u00bbrow\u00bb type=\u00bbfull_width\u00bb text_align=\u00bbleft\u00bb css_animation=\u00bb\u00bb][vc_column_inner][vc_column_text] a ? b ? c ? d \u00e1 e ? f ? g ? h \u00e1 i . . . . . . . j . . . . ....\" \/>\n<meta property=\"og:url\" content=\"https:\/\/medipurpose.com\/es\/descargas\/alphaindex\/d\/\" \/>\n<meta property=\"og:site_name\" content=\"MediPurpose\" \/>\n<meta property=\"article:modified_time\" content=\"2020-10-27T18:24:46+00:00\" \/>\n<meta name=\"twitter:card\" content=\"summary_large_image\" \/>\n<meta name=\"twitter:label1\" content=\"Tiempo de lectura\" \/>\n\t<meta name=\"twitter:data1\" content=\"2 minutos\" \/>\n<script type=\"application\/ld+json\" class=\"yoast-schema-graph\">{\"@context\":\"https:\/\/schema.org\",\"@graph\":[{\"@type\":\"WebPage\",\"@id\":\"https:\/\/medipurpose.com\/es\/descargas\/alphaindex\/d\/\",\"url\":\"https:\/\/medipurpose.com\/es\/descargas\/alphaindex\/d\/\",\"name\":\"D - MediPurpose\",\"isPartOf\":{\"@id\":\"https:\/\/medipurpose.com\/es\/#website\"},\"datePublished\":\"2020-10-27T18:24:44+00:00\",\"dateModified\":\"2020-10-27T18:24:46+00:00\",\"breadcrumb\":{\"@id\":\"https:\/\/medipurpose.com\/es\/descargas\/alphaindex\/d\/#breadcrumb\"},\"inLanguage\":\"es\",\"potentialAction\":[{\"@type\":\"ReadAction\",\"target\":[\"https:\/\/medipurpose.com\/es\/descargas\/alphaindex\/d\/\"]}]},{\"@type\":\"BreadcrumbList\",\"@id\":\"https:\/\/medipurpose.com\/es\/descargas\/alphaindex\/d\/#breadcrumb\",\"itemListElement\":[{\"@type\":\"ListItem\",\"position\":1,\"name\":\"Home\",\"item\":\"https:\/\/medipurpose.com\/es\/\"},{\"@type\":\"ListItem\",\"position\":2,\"name\":\"Descargas\",\"item\":\"https:\/\/medipurpose.com\/es\/descargas\/\"},{\"@type\":\"ListItem\",\"position\":3,\"name\":\"Alphaindex\",\"item\":\"https:\/\/medipurpose.com\/es\/descargas\/alphaindex\/\"},{\"@type\":\"ListItem\",\"position\":4,\"name\":\"D\"}]},{\"@type\":\"WebSite\",\"@id\":\"https:\/\/medipurpose.com\/es\/#website\",\"url\":\"https:\/\/medipurpose.com\/es\/\",\"name\":\"MediPurpose\",\"description\":\"\",\"potentialAction\":[{\"@type\":\"SearchAction\",\"target\":{\"@type\":\"EntryPoint\",\"urlTemplate\":\"https:\/\/medipurpose.com\/es\/?s={search_term_string}\"},\"query-input\":{\"@type\":\"PropertyValueSpecification\",\"valueRequired\":true,\"valueName\":\"search_term_string\"}}],\"inLanguage\":\"es\"}]}<\/script>\n<!-- \/ Yoast SEO plugin. -->","yoast_head_json":{"title":"D - MediPurpose","robots":{"index":"index","follow":"follow","max-snippet":"max-snippet:-1","max-image-preview":"max-image-preview:large","max-video-preview":"max-video-preview:-1"},"canonical":"https:\/\/medipurpose.com\/es\/descargas\/alphaindex\/d\/","og_locale":"es_ES","og_type":"article","og_title":"D - MediPurpose","og_description":"[vc_row css_animation=\u00bb\u00bb row_type=\u00bbrow\u00bb use_row_as_full_screen_section=\u00bbno\u00bb type=\u00bbgrid\u00bb angled_section=\u00bbno\u00bb text_align=\u00bbleft\u00bb background_image_as_pattern=\u00bbwithout_pattern\u00bb css=\u00bb.vc_custom_1495570570868{margin-top: 50px !important;}\u00bb][vc_column][vc_row_inner row_type=\u00bbrow\u00bb type=\u00bbfull_width\u00bb text_align=\u00bbleft\u00bb css_animation=\u00bb\u00bb][vc_column_inner][vc_column_text] a ? b ? c ? d \u00e1 e ? f ? g ? h \u00e1 i . . . . . . . j . . . . ....","og_url":"https:\/\/medipurpose.com\/es\/descargas\/alphaindex\/d\/","og_site_name":"MediPurpose","article_modified_time":"2020-10-27T18:24:46+00:00","twitter_card":"summary_large_image","twitter_misc":{"Tiempo de lectura":"2 minutos"},"schema":{"@context":"https:\/\/schema.org","@graph":[{"@type":"WebPage","@id":"https:\/\/medipurpose.com\/es\/descargas\/alphaindex\/d\/","url":"https:\/\/medipurpose.com\/es\/descargas\/alphaindex\/d\/","name":"D - MediPurpose","isPartOf":{"@id":"https:\/\/medipurpose.com\/es\/#website"},"datePublished":"2020-10-27T18:24:44+00:00","dateModified":"2020-10-27T18:24:46+00:00","breadcrumb":{"@id":"https:\/\/medipurpose.com\/es\/descargas\/alphaindex\/d\/#breadcrumb"},"inLanguage":"es","potentialAction":[{"@type":"ReadAction","target":["https:\/\/medipurpose.com\/es\/descargas\/alphaindex\/d\/"]}]},{"@type":"BreadcrumbList","@id":"https:\/\/medipurpose.com\/es\/descargas\/alphaindex\/d\/#breadcrumb","itemListElement":[{"@type":"ListItem","position":1,"name":"Home","item":"https:\/\/medipurpose.com\/es\/"},{"@type":"ListItem","position":2,"name":"Descargas","item":"https:\/\/medipurpose.com\/es\/descargas\/"},{"@type":"ListItem","position":3,"name":"Alphaindex","item":"https:\/\/medipurpose.com\/es\/descargas\/alphaindex\/"},{"@type":"ListItem","position":4,"name":"D"}]},{"@type":"WebSite","@id":"https:\/\/medipurpose.com\/es\/#website","url":"https:\/\/medipurpose.com\/es\/","name":"MediPurpose","description":"","potentialAction":[{"@type":"SearchAction","target":{"@type":"EntryPoint","urlTemplate":"https:\/\/medipurpose.com\/es\/?s={search_term_string}"},"query-input":{"@type":"PropertyValueSpecification","valueRequired":true,"valueName":"search_term_string"}}],"inLanguage":"es"}]}},"_links":{"self":[{"href":"https:\/\/medipurpose.com\/es\/wp-json\/wp\/v2\/pages\/20128","targetHints":{"allow":["GET"]}}],"collection":[{"href":"https:\/\/medipurpose.com\/es\/wp-json\/wp\/v2\/pages"}],"about":[{"href":"https:\/\/medipurpose.com\/es\/wp-json\/wp\/v2\/types\/page"}],"author":[{"embeddable":true,"href":"https:\/\/medipurpose.com\/es\/wp-json\/wp\/v2\/users\/3"}],"replies":[{"embeddable":true,"href":"https:\/\/medipurpose.com\/es\/wp-json\/wp\/v2\/comments?post=20128"}],"version-history":[{"count":1,"href":"https:\/\/medipurpose.com\/es\/wp-json\/wp\/v2\/pages\/20128\/revisions"}],"predecessor-version":[{"id":20134,"href":"https:\/\/medipurpose.com\/es\/wp-json\/wp\/v2\/pages\/20128\/revisions\/20134"}],"up":[{"embeddable":true,"href":"https:\/\/medipurpose.com\/es\/wp-json\/wp\/v2\/pages\/20060"}],"wp:attachment":[{"href":"https:\/\/medipurpose.com\/es\/wp-json\/wp\/v2\/media?parent=20128"}],"curies":[{"name":"wp","href":"https:\/\/api.w.org\/{rel}","templated":true}]}}