{"id":19590,"date":"2017-10-18T23:12:39","date_gmt":"2017-10-18T23:12:39","guid":{"rendered":"https:\/\/medipurpose.com\/surgilance-2\/instrucciones-de-uso\/"},"modified":"2020-10-30T16:37:34","modified_gmt":"2020-10-30T16:37:34","slug":"instrucciones-de-uso","status":"publish","type":"page","link":"https:\/\/medipurpose.com\/es\/surgilance-2\/instrucciones-de-uso\/","title":{"rendered":"Instrucciones de uso"},"content":{"rendered":"<div class=\"wpb-content-wrapper\"><p>[vc_row css_animation=\u00bb\u00bb row_type=\u00bbrow\u00bb use_row_as_full_screen_section=\u00bbno\u00bb type=\u00bbfull_width\u00bb angled_section=\u00bbno\u00bb text_align=\u00bbleft\u00bb background_image_as_pattern=\u00bbwithout_pattern\u00bb][vc_column width=\u00bb1\/2&#8243;][vc_single_image image=\u00bb19456&#8243; img_size=\u00bbfull\u00bb qode_css_animation=\u00bb\u00bb][\/vc_column][vc_column width=\u00bb1\/2&#8243;][vc_single_image image=\u00bb19454&#8243; img_size=\u00bbfull\u00bb qode_css_animation=\u00bb\u00bb][\/vc_column][\/vc_row][vc_row css_animation=\u00bb\u00bb row_type=\u00bbrow\u00bb use_row_as_full_screen_section=\u00bbno\u00bb type=\u00bbfull_width\u00bb angled_section=\u00bbno\u00bb text_align=\u00bbleft\u00bb background_image_as_pattern=\u00bbwithout_pattern\u00bb][vc_column][vc_empty_space height=\u00bb20px\u00bb][\/vc_column][\/vc_row][vc_row css_animation=\u00bb\u00bb row_type=\u00bbrow\u00bb use_row_as_full_screen_section=\u00bbno\u00bb type=\u00bbfull_width\u00bb angled_section=\u00bbno\u00bb text_align=\u00bbleft\u00bb background_image_as_pattern=\u00bbwithout_pattern\u00bb][vc_column width=\u00bb1\/2&#8243;][vc_column_text]<\/p>\n<ul id=\"menu-surgilance-ifu\" class=\"menu\">\n<li id=\"menu-item-16539\" class=\"menu-item menu-item-type-post_type menu-item-object-page menu-item-16539\"><a href=\"http:\/\/medipurpose.com\/es\/surgilance-2\/video\/\">Video<\/a><\/li>\n<li id=\"menu-item-16364\" class=\"menu-item menu-item-type-post_type menu-item-object-page menu-item-16364\"><a href=\"http:\/\/medipurpose.com\/es\/surgilance-2\/surgilance-clasico\/instrucciones-de-uso-de-surgilance-ingles\/\">Ingl\u00e9s<\/a><\/li>\n<li id=\"menu-item-16481\" class=\"menu-item menu-item-type-post_type menu-item-object-page menu-item-16481\"><a href=\"http:\/\/medipurpose.com\/surgilance\/surgilance-classic\/deutsch\/\">Alem\u00e1n<\/a><\/li>\n<li id=\"menu-item-16496\" class=\"menu-item menu-item-type-post_type menu-item-object-page menu-item-16496\"><a href=\"http:\/\/medipurpose.com\/es\/surgilance-2\/surgilance-clasico\/instrucciones-de-uso-de-surgilance-espanol\/\">Espa\u00f1ol<\/a><\/li>\n<li id=\"menu-item-16499\" class=\"menu-item menu-item-type-post_type menu-item-object-page menu-item-16499\"><a href=\"http:\/\/medipurpose.com\/surgilance\/surgilance-classic\/francais\/\">Franc\u00e9s<\/a><\/li>\n<li id=\"menu-item-16515\" class=\"menu-item menu-item-type-post_type menu-item-object-page menu-item-16515\"><a href=\"http:\/\/medipurpose.com\/surgilance\/surgilance-classic\/italiano\/\">Italiano<\/a><\/li>\n<li id=\"menu-item-16527\" class=\"menu-item menu-item-type-post_type menu-item-object-page menu-item-16527\"><a href=\"http:\/\/medipurpose.com\/surgilance\/surgilance-classic\/portugues\/\">Portugu\u00e9s<\/a><\/li>\n<\/ul>\n<p>[\/vc_column_text][\/vc_column][vc_column width=\u00bb1\/2&#8243;][vc_column_text]<\/p>\n<ul id=\"menu-surgilance-lite\" class=\"menu\">\n<li id=\"menu-item-18913\" class=\"menu-item menu-item-type-post_type menu-item-object-page menu-item-18913\"><a href=\"http:\/\/medipurpose.com\/surgilance\/surgilance-lite\/english\/\">Ingl\u00e9s<\/a><\/li>\n<li id=\"menu-item-18924\" class=\"menu-item menu-item-type-post_type menu-item-object-page menu-item-18924\"><a href=\"http:\/\/medipurpose.com\/surgilance\/surgilance-lite\/deutsch\/\">Alem\u00e1n<\/a><\/li>\n<li id=\"menu-item-18930\" class=\"menu-item menu-item-type-post_type menu-item-object-page menu-item-18930\"><a href=\"http:\/\/medipurpose.com\/es\/surgilance-2\/surgilance-lite\/instrucciones-de-uso-de-surgilance-lite-espanol\/\">Espa\u00f1ol<\/a><\/li>\n<li id=\"menu-item-18943\" class=\"menu-item menu-item-type-post_type menu-item-object-page menu-item-18943\"><a href=\"http:\/\/medipurpose.com\/surgilance\/surgilance-lite\/francais\/\">Franc\u00e9s<\/a><\/li>\n<li id=\"menu-item-18946\" class=\"menu-item menu-item-type-post_type menu-item-object-page menu-item-18946\"><a href=\"http:\/\/medipurpose.com\/surgilance\/surgilance-lite\/italiano\/\">Italiano<\/a><\/li>\n<li id=\"menu-item-18950\" class=\"menu-item menu-item-type-post_type menu-item-object-page current-menu-item page_item page-item-18947 current_page_item menu-item-18950\"><a href=\"http:\/\/medipurpose.com\/surgilance\/surgilance-lite\/portugues\/\">Portugu\u00e9s<\/a><\/li>\n<\/ul>\n<p>[\/vc_column_text][\/vc_column][\/vc_row]<\/p>\n<\/div>","protected":false},"excerpt":{"rendered":"<p>[vc_row css_animation=\u00bb\u00bb row_type=\u00bbrow\u00bb use_row_as_full_screen_section=\u00bbno\u00bb type=\u00bbfull_width\u00bb angled_section=\u00bbno\u00bb text_align=\u00bbleft\u00bb background_image_as_pattern=\u00bbwithout_pattern\u00bb][vc_column width=\u00bb1\/2&#8243;][vc_single_image image=\u00bb19456&#8243; img_size=\u00bbfull\u00bb qode_css_animation=\u00bb\u00bb][\/vc_column][vc_column width=\u00bb1\/2&#8243;][vc_single_image image=\u00bb19454&#8243; img_size=\u00bbfull\u00bb qode_css_animation=\u00bb\u00bb][\/vc_column][\/vc_row][vc_row css_animation=\u00bb\u00bb row_type=\u00bbrow\u00bb use_row_as_full_screen_section=\u00bbno\u00bb type=\u00bbfull_width\u00bb angled_section=\u00bbno\u00bb text_align=\u00bbleft\u00bb background_image_as_pattern=\u00bbwithout_pattern\u00bb][vc_column][vc_empty_space height=\u00bb20px\u00bb][\/vc_column][\/vc_row][vc_row css_animation=\u00bb\u00bb row_type=\u00bbrow\u00bb use_row_as_full_screen_section=\u00bbno\u00bb type=\u00bbfull_width\u00bb angled_section=\u00bbno\u00bb text_align=\u00bbleft\u00bb background_image_as_pattern=\u00bbwithout_pattern\u00bb][vc_column width=\u00bb1\/2&#8243;][vc_column_text] Video Ingl\u00e9s Alem\u00e1n Espa\u00f1ol Franc\u00e9s Italiano Portugu\u00e9s [\/vc_column_text][\/vc_column][vc_column width=\u00bb1\/2&#8243;][vc_column_text] Ingl\u00e9s Alem\u00e1n Espa\u00f1ol Franc\u00e9s&#8230;<\/p>\n","protected":false},"author":3,"featured_media":0,"parent":19447,"menu_order":0,"comment_status":"closed","ping_status":"closed","template":"","meta":{"_monsterinsights_skip_tracking":false,"_monsterinsights_sitenote_active":false,"_monsterinsights_sitenote_note":"","_monsterinsights_sitenote_category":0,"footnotes":""},"class_list":["post-19590","page","type-page","status-publish","hentry"],"yoast_head":"<!-- This site is optimized with the Yoast SEO plugin v27.3 - https:\/\/yoast.com\/product\/yoast-seo-wordpress\/ -->\n<title>Instrucciones de uso - MediPurpose<\/title>\n<meta name=\"robots\" content=\"index, follow, max-snippet:-1, max-image-preview:large, max-video-preview:-1\" \/>\n<link rel=\"canonical\" href=\"https:\/\/medipurpose.com\/es\/surgilance-2\/instrucciones-de-uso\/\" \/>\n<meta property=\"og:locale\" content=\"es_ES\" \/>\n<meta property=\"og:type\" content=\"article\" \/>\n<meta property=\"og:title\" content=\"Instrucciones de uso - MediPurpose\" \/>\n<meta property=\"og:description\" content=\"[vc_row css_animation=\u00bb\u00bb row_type=\u00bbrow\u00bb use_row_as_full_screen_section=\u00bbno\u00bb type=\u00bbfull_width\u00bb angled_section=\u00bbno\u00bb text_align=\u00bbleft\u00bb background_image_as_pattern=\u00bbwithout_pattern\u00bb][vc_column width=\u00bb1\/2&#8243;][vc_single_image image=\u00bb19456&#8243; img_size=\u00bbfull\u00bb qode_css_animation=\u00bb\u00bb][\/vc_column][vc_column width=\u00bb1\/2&#8243;][vc_single_image image=\u00bb19454&#8243; img_size=\u00bbfull\u00bb qode_css_animation=\u00bb\u00bb][\/vc_column][\/vc_row][vc_row css_animation=\u00bb\u00bb row_type=\u00bbrow\u00bb use_row_as_full_screen_section=\u00bbno\u00bb type=\u00bbfull_width\u00bb angled_section=\u00bbno\u00bb text_align=\u00bbleft\u00bb background_image_as_pattern=\u00bbwithout_pattern\u00bb][vc_column][vc_empty_space height=\u00bb20px\u00bb][\/vc_column][\/vc_row][vc_row css_animation=\u00bb\u00bb row_type=\u00bbrow\u00bb use_row_as_full_screen_section=\u00bbno\u00bb type=\u00bbfull_width\u00bb angled_section=\u00bbno\u00bb text_align=\u00bbleft\u00bb background_image_as_pattern=\u00bbwithout_pattern\u00bb][vc_column width=\u00bb1\/2&#8243;][vc_column_text] Video Ingl\u00e9s Alem\u00e1n Espa\u00f1ol Franc\u00e9s Italiano Portugu\u00e9s [\/vc_column_text][\/vc_column][vc_column width=\u00bb1\/2&#8243;][vc_column_text] Ingl\u00e9s Alem\u00e1n Espa\u00f1ol Franc\u00e9s...\" \/>\n<meta property=\"og:url\" content=\"https:\/\/medipurpose.com\/es\/surgilance-2\/instrucciones-de-uso\/\" \/>\n<meta property=\"og:site_name\" content=\"MediPurpose\" \/>\n<meta property=\"article:modified_time\" content=\"2020-10-30T16:37:34+00:00\" \/>\n<meta name=\"twitter:card\" content=\"summary_large_image\" \/>\n<meta name=\"twitter:label1\" content=\"Tiempo de lectura\" \/>\n\t<meta name=\"twitter:data1\" content=\"1 minuto\" \/>\n<script type=\"application\/ld+json\" class=\"yoast-schema-graph\">{\"@context\":\"https:\\\/\\\/schema.org\",\"@graph\":[{\"@type\":\"WebPage\",\"@id\":\"https:\\\/\\\/medipurpose.com\\\/es\\\/surgilance-2\\\/instrucciones-de-uso\\\/\",\"url\":\"https:\\\/\\\/medipurpose.com\\\/es\\\/surgilance-2\\\/instrucciones-de-uso\\\/\",\"name\":\"Instrucciones de uso - MediPurpose\",\"isPartOf\":{\"@id\":\"https:\\\/\\\/medipurpose.com\\\/es\\\/#website\"},\"datePublished\":\"2017-10-18T23:12:39+00:00\",\"dateModified\":\"2020-10-30T16:37:34+00:00\",\"breadcrumb\":{\"@id\":\"https:\\\/\\\/medipurpose.com\\\/es\\\/surgilance-2\\\/instrucciones-de-uso\\\/#breadcrumb\"},\"inLanguage\":\"es\",\"potentialAction\":[{\"@type\":\"ReadAction\",\"target\":[\"https:\\\/\\\/medipurpose.com\\\/es\\\/surgilance-2\\\/instrucciones-de-uso\\\/\"]}]},{\"@type\":\"BreadcrumbList\",\"@id\":\"https:\\\/\\\/medipurpose.com\\\/es\\\/surgilance-2\\\/instrucciones-de-uso\\\/#breadcrumb\",\"itemListElement\":[{\"@type\":\"ListItem\",\"position\":1,\"name\":\"Home\",\"item\":\"https:\\\/\\\/medipurpose.com\\\/es\\\/\"},{\"@type\":\"ListItem\",\"position\":2,\"name\":\"Surgilance\",\"item\":\"https:\\\/\\\/medipurpose.com\\\/es\\\/surgilance-2\\\/\"},{\"@type\":\"ListItem\",\"position\":3,\"name\":\"Instrucciones de uso\"}]},{\"@type\":\"WebSite\",\"@id\":\"https:\\\/\\\/medipurpose.com\\\/es\\\/#website\",\"url\":\"https:\\\/\\\/medipurpose.com\\\/es\\\/\",\"name\":\"MediPurpose\",\"description\":\"\",\"potentialAction\":[{\"@type\":\"SearchAction\",\"target\":{\"@type\":\"EntryPoint\",\"urlTemplate\":\"https:\\\/\\\/medipurpose.com\\\/es\\\/?s={search_term_string}\"},\"query-input\":{\"@type\":\"PropertyValueSpecification\",\"valueRequired\":true,\"valueName\":\"search_term_string\"}}],\"inLanguage\":\"es\"}]}<\/script>\n<!-- \/ Yoast SEO plugin. -->","yoast_head_json":{"title":"Instrucciones de uso - MediPurpose","robots":{"index":"index","follow":"follow","max-snippet":"max-snippet:-1","max-image-preview":"max-image-preview:large","max-video-preview":"max-video-preview:-1"},"canonical":"https:\/\/medipurpose.com\/es\/surgilance-2\/instrucciones-de-uso\/","og_locale":"es_ES","og_type":"article","og_title":"Instrucciones de uso - MediPurpose","og_description":"[vc_row css_animation=\u00bb\u00bb row_type=\u00bbrow\u00bb use_row_as_full_screen_section=\u00bbno\u00bb type=\u00bbfull_width\u00bb angled_section=\u00bbno\u00bb text_align=\u00bbleft\u00bb background_image_as_pattern=\u00bbwithout_pattern\u00bb][vc_column width=\u00bb1\/2&#8243;][vc_single_image image=\u00bb19456&#8243; img_size=\u00bbfull\u00bb qode_css_animation=\u00bb\u00bb][\/vc_column][vc_column width=\u00bb1\/2&#8243;][vc_single_image image=\u00bb19454&#8243; img_size=\u00bbfull\u00bb qode_css_animation=\u00bb\u00bb][\/vc_column][\/vc_row][vc_row css_animation=\u00bb\u00bb row_type=\u00bbrow\u00bb use_row_as_full_screen_section=\u00bbno\u00bb type=\u00bbfull_width\u00bb angled_section=\u00bbno\u00bb text_align=\u00bbleft\u00bb background_image_as_pattern=\u00bbwithout_pattern\u00bb][vc_column][vc_empty_space height=\u00bb20px\u00bb][\/vc_column][\/vc_row][vc_row css_animation=\u00bb\u00bb row_type=\u00bbrow\u00bb use_row_as_full_screen_section=\u00bbno\u00bb type=\u00bbfull_width\u00bb angled_section=\u00bbno\u00bb text_align=\u00bbleft\u00bb background_image_as_pattern=\u00bbwithout_pattern\u00bb][vc_column width=\u00bb1\/2&#8243;][vc_column_text] Video Ingl\u00e9s Alem\u00e1n Espa\u00f1ol Franc\u00e9s Italiano Portugu\u00e9s [\/vc_column_text][\/vc_column][vc_column width=\u00bb1\/2&#8243;][vc_column_text] Ingl\u00e9s Alem\u00e1n Espa\u00f1ol Franc\u00e9s...","og_url":"https:\/\/medipurpose.com\/es\/surgilance-2\/instrucciones-de-uso\/","og_site_name":"MediPurpose","article_modified_time":"2020-10-30T16:37:34+00:00","twitter_card":"summary_large_image","twitter_misc":{"Tiempo de lectura":"1 minuto"},"schema":{"@context":"https:\/\/schema.org","@graph":[{"@type":"WebPage","@id":"https:\/\/medipurpose.com\/es\/surgilance-2\/instrucciones-de-uso\/","url":"https:\/\/medipurpose.com\/es\/surgilance-2\/instrucciones-de-uso\/","name":"Instrucciones de uso - MediPurpose","isPartOf":{"@id":"https:\/\/medipurpose.com\/es\/#website"},"datePublished":"2017-10-18T23:12:39+00:00","dateModified":"2020-10-30T16:37:34+00:00","breadcrumb":{"@id":"https:\/\/medipurpose.com\/es\/surgilance-2\/instrucciones-de-uso\/#breadcrumb"},"inLanguage":"es","potentialAction":[{"@type":"ReadAction","target":["https:\/\/medipurpose.com\/es\/surgilance-2\/instrucciones-de-uso\/"]}]},{"@type":"BreadcrumbList","@id":"https:\/\/medipurpose.com\/es\/surgilance-2\/instrucciones-de-uso\/#breadcrumb","itemListElement":[{"@type":"ListItem","position":1,"name":"Home","item":"https:\/\/medipurpose.com\/es\/"},{"@type":"ListItem","position":2,"name":"Surgilance","item":"https:\/\/medipurpose.com\/es\/surgilance-2\/"},{"@type":"ListItem","position":3,"name":"Instrucciones de uso"}]},{"@type":"WebSite","@id":"https:\/\/medipurpose.com\/es\/#website","url":"https:\/\/medipurpose.com\/es\/","name":"MediPurpose","description":"","potentialAction":[{"@type":"SearchAction","target":{"@type":"EntryPoint","urlTemplate":"https:\/\/medipurpose.com\/es\/?s={search_term_string}"},"query-input":{"@type":"PropertyValueSpecification","valueRequired":true,"valueName":"search_term_string"}}],"inLanguage":"es"}]}},"_links":{"self":[{"href":"https:\/\/medipurpose.com\/es\/wp-json\/wp\/v2\/pages\/19590","targetHints":{"allow":["GET"]}}],"collection":[{"href":"https:\/\/medipurpose.com\/es\/wp-json\/wp\/v2\/pages"}],"about":[{"href":"https:\/\/medipurpose.com\/es\/wp-json\/wp\/v2\/types\/page"}],"author":[{"embeddable":true,"href":"https:\/\/medipurpose.com\/es\/wp-json\/wp\/v2\/users\/3"}],"replies":[{"embeddable":true,"href":"https:\/\/medipurpose.com\/es\/wp-json\/wp\/v2\/comments?post=19590"}],"version-history":[{"count":5,"href":"https:\/\/medipurpose.com\/es\/wp-json\/wp\/v2\/pages\/19590\/revisions"}],"predecessor-version":[{"id":20287,"href":"https:\/\/medipurpose.com\/es\/wp-json\/wp\/v2\/pages\/19590\/revisions\/20287"}],"up":[{"embeddable":true,"href":"https:\/\/medipurpose.com\/es\/wp-json\/wp\/v2\/pages\/19447"}],"wp:attachment":[{"href":"https:\/\/medipurpose.com\/es\/wp-json\/wp\/v2\/media?parent=19590"}],"curies":[{"name":"wp","href":"https:\/\/api.w.org\/{rel}","templated":true}]}}