{"id":19547,"date":"2020-09-30T17:52:48","date_gmt":"2020-09-30T17:52:48","guid":{"rendered":"https:\/\/medipurpose.com\/surgilance-2\/muestras-y-precios\/"},"modified":"2020-10-27T18:17:16","modified_gmt":"2020-10-27T18:17:16","slug":"muestras-y-precios","status":"publish","type":"page","link":"https:\/\/medipurpose.com\/es\/surgilance-2\/muestras-y-precios\/","title":{"rendered":"Muestras y precios"},"content":{"rendered":"<div class=\"wpb-content-wrapper\"><p>[vc_row css_animation=\u00bb\u00bb row_type=\u00bbrow\u00bb use_row_as_full_screen_section=\u00bbno\u00bb type=\u00bbfull_width\u00bb angled_section=\u00bbno\u00bb text_align=\u00bbleft\u00bb background_image_as_pattern=\u00bbwithout_pattern\u00bb border_color=\u00bb#eaeaea\u00bb css=\u00bb.vc_custom_1495132632011{margin-top: -40px !important;margin-bottom: 20px !important;}\u00bb][vc_column css=\u00bb.vc_custom_1494971774956{border-top-width: 1px !important;border-right-width: 1px !important;border-bottom-width: 1px !important;border-left-width: 1px !important;border-left-color: #ffffff !important;border-left-style: solid !important;border-right-color: #ffffff !important;border-right-style: solid !important;border-top-color: #ffffff !important;border-top-style: solid !important;border-bottom-color: #ffffff !important;border-bottom-style: solid !important;}\u00bb][vc_column_text]<\/p>\n<h2>SurgiLance\u2122 Muestra y Solicitud de precios<\/h2>\n<p>[\/vc_column_text][vc_separator type=\u00bbnormal\u00bb transparency=\u00bb0&#8243; down=\u00bb5&#8243;][vc_column_text]<\/p>\n<h3>\u00a1Gracias por su inter\u00e9s en SurgiLance\u2122 Safety Lancets!<\/h3>\n<p><strong>Tenga en cuenta que las muestras son solo para pacientes m\u00e9dicos y proveedores de atenci\u00f3n m\u00e9dica. MediPurpose verifica todas las solicitudes antes de procesarlas debido a los altos vol\u00famenes de solicitudes fraudulentas.<\/strong><\/p>\n<p>&nbsp;<\/p>\n<p>Para recibir muestras y precios, complete el siguiente formulario.<\/p>\n<p>&nbsp;<\/p>\n<p>Si prefiere realizar su pedido por tel\u00e9fono o tiene preguntas inmediatas, llame al +1-404-855-3655.[\/vc_column_text][vc_separator type=\u00bbnormal\u00bb transparency=\u00bb0&#8243; up=\u00bb20&#8243; down=\u00bb5&#8243;][vc_separator type=\u00bbnormal\u00bb transparency=\u00bb0&#8243; down=\u00bb5&#8243;][\/vc_column][\/vc_row][vc_row css_animation=\u00bb\u00bb row_type=\u00bbrow\u00bb use_row_as_full_screen_section=\u00bbno\u00bb type=\u00bbfull_width\u00bb angled_section=\u00bbno\u00bb text_align=\u00bbleft\u00bb background_image_as_pattern=\u00bbwithout_pattern\u00bb border_color=\u00bb#eaeaea\u00bb][vc_column]\n<div class=\"wpcf7 no-js\" id=\"wpcf7-f20174-o1\" lang=\"es-ES\" dir=\"ltr\" data-wpcf7-id=\"20174\">\n<div class=\"screen-reader-response\"><p role=\"status\" aria-live=\"polite\" aria-atomic=\"true\"><\/p> <ul><\/ul><\/div>\n<form action=\"\/es\/wp-json\/wp\/v2\/pages\/19547#wpcf7-f20174-o1\" method=\"post\" class=\"wpcf7-form init default\" aria-label=\"Formulario de contacto\" novalidate=\"novalidate\" data-status=\"init\">\n<fieldset class=\"hidden-fields-container\"><input type=\"hidden\" name=\"_wpcf7\" value=\"20174\" \/><input type=\"hidden\" name=\"_wpcf7_version\" value=\"6.1.5\" \/><input type=\"hidden\" name=\"_wpcf7_locale\" value=\"es_ES\" \/><input type=\"hidden\" name=\"_wpcf7_unit_tag\" value=\"wpcf7-f20174-o1\" \/><input type=\"hidden\" name=\"_wpcf7_container_post\" value=\"0\" \/><input type=\"hidden\" name=\"_wpcf7_posted_data_hash\" value=\"\" \/>\n<\/fieldset>\n<h3>\u00bfQu\u00e9 tipo de usuario es usted?\n<\/h3>\n<p>Para que podamos proporcionarle el mejor servicio posible, seleccione la descripci\u00f3n que mejor describa su inter\u00e9s en la lancetas de seguridad.SurgiLance\u2122 l\n<\/p>\n<h6>Soy <span style=\"color:red; font-size: 18px;\">*<\/span>\n<\/h6>\n<p><span class=\"wpcf7-form-control-wrap\" data-name=\"user-type\"><span class=\"wpcf7-form-control wpcf7-checkbox wpcf7-validates-as-required wpcf7-exclusive-checkbox\"><span class=\"wpcf7-list-item first\"><input type=\"checkbox\" name=\"user-type\" value=\"Private\/At-Home User\" \/><span class=\"wpcf7-list-item-label\">Private\/At-Home User<\/span><\/span><span class=\"wpcf7-list-item\"><input type=\"checkbox\" name=\"user-type\" value=\"Nurse\/Clinician\/Physician\" \/><span class=\"wpcf7-list-item-label\">Nurse\/Clinician\/Physician<\/span><\/span><span class=\"wpcf7-list-item\"><input type=\"checkbox\" name=\"user-type\" value=\"Healthcare Facility Administrator\" \/><span class=\"wpcf7-list-item-label\">Healthcare Facility Administrator<\/span><\/span><span class=\"wpcf7-list-item\"><input type=\"checkbox\" name=\"user-type\" value=\"Medical Product Distributor\" \/><span class=\"wpcf7-list-item-label\">Medical Product Distributor<\/span><\/span><span class=\"wpcf7-list-item\"><input type=\"checkbox\" name=\"user-type\" value=\"Group Purchasing Organization (GPO)\" \/><span class=\"wpcf7-list-item-label\">Group Purchasing Organization (GPO)<\/span><\/span><span class=\"wpcf7-list-item last\"><input type=\"checkbox\" name=\"user-type\" value=\"Other\" \/><span class=\"wpcf7-list-item-label\">Other<\/span><\/span><\/span><\/span><br \/>\nSi es otro, por favor explique: <span class=\"wpcf7-form-control-wrap\" data-name=\"other_usertype\"><input size=\"40\" maxlength=\"400\" class=\"wpcf7-form-control wpcf7-text\" aria-invalid=\"false\" value=\"\" type=\"text\" name=\"other_usertype\" \/><\/span>\n<\/p>\n<hr \/>\n<h3>\u00bfA d\u00f3nde debemos enviar sus muestras?\n<\/h3>\n<p>MediPurpose\u2122 respeta su privacidad. No venderemos ni compartiremos su informaci\u00f3n.\n<\/p>\n<p><label>Nombre <span style=\"color:red; font-size: 18px;\">*<\/span><br \/>\n<span class=\"wpcf7-form-control-wrap\" data-name=\"first-name\"><input size=\"40\" maxlength=\"400\" class=\"wpcf7-form-control wpcf7-text wpcf7-validates-as-required\" aria-required=\"true\" aria-invalid=\"false\" value=\"\" type=\"text\" name=\"first-name\" \/><\/span> <\/label>\n<\/p>\n<p><label>Apellido <span style=\"color:red; font-size: 18px;\">*<\/span><br \/>\n<span class=\"wpcf7-form-control-wrap\" data-name=\"last-name\"><input size=\"40\" maxlength=\"400\" class=\"wpcf7-form-control wpcf7-text wpcf7-validates-as-required\" aria-required=\"true\" aria-invalid=\"false\" value=\"\" type=\"text\" name=\"last-name\" \/><\/span><\/label>\n<\/p>\n<p><label>Empresa\/Facilidad<br \/>\n<span class=\"wpcf7-form-control-wrap\" data-name=\"company\"><input size=\"40\" maxlength=\"400\" class=\"wpcf7-form-control wpcf7-text\" aria-invalid=\"false\" value=\"\" type=\"text\" name=\"company\" \/><\/span><\/label>\n<\/p>\n<p><label>Direcci\u00f3n <span style=\"color:red; font-size: 18px;\">*<\/span><br \/>\n<span class=\"wpcf7-form-control-wrap\" data-name=\"street-address\"><input size=\"40\" maxlength=\"400\" class=\"wpcf7-form-control wpcf7-text wpcf7-validates-as-required\" aria-required=\"true\" aria-invalid=\"false\" value=\"\" type=\"text\" name=\"street-address\" \/><\/span><\/label>\n<\/p>\n<p><label>Direcci\u00f3n L\u00ednea 2<br \/>\n<span class=\"wpcf7-form-control-wrap\" data-name=\"street-address2\"><input size=\"40\" maxlength=\"400\" class=\"wpcf7-form-control wpcf7-text\" aria-invalid=\"false\" value=\"\" type=\"text\" name=\"street-address2\" \/><\/span><\/label>\n<\/p>\n<p><label>Ciudad <span style=\"color:red; font-size: 18px;\">*<\/span><br \/>\n<span class=\"wpcf7-form-control-wrap\" data-name=\"city\"><input size=\"40\" maxlength=\"400\" class=\"wpcf7-form-control wpcf7-text wpcf7-validates-as-required\" aria-required=\"true\" aria-invalid=\"false\" value=\"\" type=\"text\" name=\"city\" \/><\/span><\/label>\n<\/p>\n<p><label>Estado\/Provincia\/Regi\u00f3n <span style=\"color:red; font-size: 18px;\">*<\/span><br \/>\n<span class=\"wpcf7-form-control-wrap\" data-name=\"state-prov-reg\"><input size=\"40\" maxlength=\"400\" class=\"wpcf7-form-control wpcf7-text wpcf7-validates-as-required\" aria-required=\"true\" aria-invalid=\"false\" value=\"\" type=\"text\" name=\"state-prov-reg\" \/><\/span><\/label>\n<\/p>\n<p><label>C\u00f3digo Postal <span style=\"color:red; font-size: 18px;\">*<\/span><br \/>\n<span class=\"wpcf7-form-control-wrap\" data-name=\"postal-code\"><input size=\"40\" maxlength=\"400\" class=\"wpcf7-form-control wpcf7-text wpcf7-validates-as-required\" aria-required=\"true\" aria-invalid=\"false\" value=\"\" type=\"text\" name=\"postal-code\" \/><\/span><\/label>\n<\/p>\n<p>Pa\u00eds <span style=\"color:red; font-size: 18px;\">*<\/span><br \/>\n[select* country \"United States\" \"United Kingdom\" \"Afghanistan\" \"Albania\" \"Algeria\" \"Andorra\" \"Angola\" \"Antigua and Barbuda\" \"Argentina\" \"Armenia\" \"Aruba\" \"Australia\" \"Austria\" \"Azerbaijan\" \"Bahamas, The\" \"Bahrain\" \"Bangladesh\" \"Barbados\" \"Belarus\" \"Belgium\" \"Belize\" \"Benin\" \"Bhutan\" \"Bolivia\" \"Bosnia and Herzegovina\" \"Botswana\" \"Brazil\" \"Brunei\" \"Bulgaria\" \"Burkina Faso\" \"Burma\" \"Burundi\" \"Cambodia\" \"Cameroon\" \"Canada\" \"Cabo Verde\" \"Central African Republic\" \"Chad\" \"Chile\" \"China\" \"Colombia\" \"Comoros\" \"Congo, Democratic Republic of the\" \"Congo, Republic of the\" \"Costa Rica\" \"Cote d\" ivoire=\"\" \"Croatia\" \"Cuba\" \"Curacao\" \"Cyprus\" \"Czechia\" \"Denmark\" \"Djibouti\" \"Dominica\" \"Dominican Republic\" \"East Timor\" \"Ecuador\" \"Egypt\" \"El Salvador\" \"Equatorial Guinea\" \"Eritrea\" \"Estonia\" \"Ethiopia\" \"Fiji\" \"Finland\" \"France\" \"Gabon\" \"Gambia, The\" \"Georgia\" \"Germany\" \"Ghana\" \"Greece\" \"Grenada\" \"Guatemala\" \"Guinea\" \"Guinea-Bissau\" \"Guyana\" \"Haiti\" \"Holy See\" \"Honduras\" \"Hong Kong\" \"Hungary\" \"Iceland\" \"India\" \"Indonesia\" \"Iran\" \"Iraq\" \"Ireland\" \"Israel\" \"Italy\" \"Jamaica\" \"Japan\" \"Jordan\" \"Kazakhstan\" \"Kenya\" \"Kiribati\" \"Korea, North\" \"Korea, South\" \"Kosovo\" \"Kuwait\" \"Kyrgyzstan\" \"Laos\" \"Latvia\" \"Lebanon\" \"Lesotho\" \"Liberia\" \"Libya\" \"Liechtenstein\" \"Lithuania\" \"Luxembourg\" \"Macau\" \"Macedonia\" \"Madagascar\" \"Malawi\" \"Malaysia\" \"Maldives\" \"Mali\" \"Malta\" \"Marshall Islands\" \"Mauritania\" \"Mauritius\" \"Mexico\" \"Micronesia\" \"Moldova\" \"Monaco\" \"Mongolia\" \"Montenegro\" \"Morocco\" \"Mozambique\" \"Namibia\" \"Nauru\" \"Nepal\" \"Netherlands\" \"New Zealand\" \"Nicaragua\" \"Niger\" \"Nigeria\" \"North Korea\" \"Norway\" \"Oman\" \"Pakistan\" \"Palau\" \"Palestinian Territories\" \"Panama\" \"Papua New Guinea\" \"Paraguay\" \"Peru\" \"Philippines\" \"Poland\" \"Portugal\" \"Qatar\" \"Romania\" \"Russia\" \"Rwanda\" \"Saint Kitts and Nevis\" \"Saint Lucia\" \"Saint Vincent and the Grenadines\" \"Samoa\" \"San Marino\" \"Sao Tome and Principe\" \"Saudi Arabia\" \"Senegal\" \"Serbia\" \"Seychelles\" \"Sierra Leone\" \"Singapore\" \"Sint Maarten\" \"Slovakia\" \"Slovenia\" \"Solomon Islands\" \"Somalia\" \"South Africa\" \"South Korea\" \"South Sudan\" \"Spain\" \"Sri Lanka\" \"Sudan\" \"Suriname\" \"Swaziland\" \"Sweden\" \"Switzerland\" \"Syria\" \"Taiwan\" \"Tajikistan\" \"Tanzania\" \"Thailand\" \"Timor-Leste\" \"Togo\" \"Tonga\" \"Trinidad and Tobago\" \"Tunisia\" \"Turkey\" \"Turkmenistan\" \"Tuvalu\" \"Uganda\" \"Ukraine\" \"United Arab Emirates\" \"Uruguay\" \"Uzbekistan\" \"Vanuatu\" \"Venezuela\" \"Vietnam\" \"Yemen\" \"Zambia\" \"Zimbabwe\"]\n<\/p>\n<p><label>Tel\u00e9fono <span style=\"color:red; font-size: 18px;\">*<\/span><br \/>\n<span class=\"wpcf7-form-control-wrap\" data-name=\"phone\"><input size=\"40\" maxlength=\"400\" class=\"wpcf7-form-control wpcf7-tel wpcf7-validates-as-required wpcf7-text wpcf7-validates-as-tel\" aria-required=\"true\" aria-invalid=\"false\" value=\"\" type=\"tel\" name=\"phone\" \/><\/span><\/label>\n<\/p>\n<p><label>Correo electr\u00f3nico <span style=\"color:red; font-size: 18px;\">*<\/span><br \/>\n<span class=\"wpcf7-form-control-wrap\" data-name=\"your-email\"><input size=\"40\" maxlength=\"400\" class=\"wpcf7-form-control wpcf7-email wpcf7-validates-as-required wpcf7-text wpcf7-validates-as-email\" aria-required=\"true\" aria-invalid=\"false\" value=\"\" type=\"email\" name=\"your-email\" \/><\/span> <\/label>\n<\/p>\n<hr \/>\n<h3 style=\"margin-bottom: 15px;\">\u00bfQu\u00e9 producto le gustar\u00eda recibir?\n<\/h3>\n<h6>Modelos de SurgiLance\u2122 <span style=\"color:red; font-size: 18px;\">*<\/span>\n<\/h6>\n<p><span class=\"wpcf7-form-control-wrap\" data-name=\"surgilance-classic\"><span class=\"wpcf7-form-control wpcf7-checkbox wpcf7-validates-as-required\"><span class=\"wpcf7-list-item first\"><input type=\"checkbox\" name=\"surgilance-classic[]\" value=\"SLN100 (Yellow - 1.0 mm Needle)\" \/><span class=\"wpcf7-list-item-label\">SLN100 (Yellow - 1.0 mm Needle)<\/span><\/span><span class=\"wpcf7-list-item\"><input type=\"checkbox\" name=\"surgilance-classic[]\" value=\"SLN200 (Grey - 1.8 mm Needle)\" \/><span class=\"wpcf7-list-item-label\">SLN200 (Grey - 1.8 mm Needle)<\/span><\/span><span class=\"wpcf7-list-item\"><input type=\"checkbox\" name=\"surgilance-classic[]\" value=\"SLN240 (Orange - 2.2 mm Needle)\" \/><span class=\"wpcf7-list-item-label\">SLN240 (Orange - 2.2 mm Needle)<\/span><\/span><span class=\"wpcf7-list-item\"><input type=\"checkbox\" name=\"surgilance-classic[]\" value=\"SLN300 (Pink - 2.8 mm Needle)\" \/><span class=\"wpcf7-list-item-label\">SLN300 (Pink - 2.8 mm Needle)<\/span><\/span><span class=\"wpcf7-list-item\"><input type=\"checkbox\" name=\"surgilance-classic[]\" value=\"SLB200 (Green - 1.8 mm Blade)\" \/><span class=\"wpcf7-list-item-label\">SLB200 (Green - 1.8 mm Blade)<\/span><\/span><span class=\"wpcf7-list-item\"><input type=\"checkbox\" name=\"surgilance-classic[]\" value=\"SLB250 (Blue - 2.3 mm Blade)\" \/><span class=\"wpcf7-list-item-label\">SLB250 (Blue - 2.3 mm Blade)<\/span><\/span><span class=\"wpcf7-list-item last\"><input type=\"checkbox\" name=\"surgilance-classic[]\" value=\"None\" \/><span class=\"wpcf7-list-item-label\">None<\/span><\/span><\/span><\/span>\n<\/p>\n<h6>Modelos SurgiLance\u2122 Lite <span style=\"color:red; font-size: 18px;\">*<\/span>\n<\/h6>\n<p><span class=\"wpcf7-form-control-wrap\" data-name=\"surgilance-lite\"><span class=\"wpcf7-form-control wpcf7-checkbox wpcf7-validates-as-required\"><span class=\"wpcf7-list-item first\"><input type=\"checkbox\" name=\"surgilance-lite[]\" value=\"SLL140 (Yellow - 1.4 mm Needle)\" \/><span class=\"wpcf7-list-item-label\">SLL140 (Yellow - 1.4 mm Needle)<\/span><\/span><span class=\"wpcf7-list-item\"><input type=\"checkbox\" name=\"surgilance-lite[]\" value=\"SLL180 (Grey - 1.8 mm Needle)\" \/><span class=\"wpcf7-list-item-label\">SLL180 (Grey - 1.8 mm Needle)<\/span><\/span><span class=\"wpcf7-list-item\"><input type=\"checkbox\" name=\"surgilance-lite[]\" value=\"SLL220 (Orange - 2.2 mm Needle)\" \/><span class=\"wpcf7-list-item-label\">SLL220 (Orange - 2.2 mm Needle)<\/span><\/span><span class=\"wpcf7-list-item\"><input type=\"checkbox\" name=\"surgilance-lite[]\" value=\"SLN21G180 (Purple - 1.8 mm Needle)\" \/><span class=\"wpcf7-list-item-label\">SLN21G180 (Purple - 1.8 mm Needle)<\/span><\/span><span class=\"wpcf7-list-item\"><input type=\"checkbox\" name=\"surgilance-lite[]\" value=\"SLN21G220(Lime - 2.2 mm Needle)\" \/><span class=\"wpcf7-list-item-label\">SLN21G220(Lime - 2.2 mm Needle)<\/span><\/span><span class=\"wpcf7-list-item\"><input type=\"checkbox\" name=\"surgilance-lite[]\" value=\"SLN21G280 (Pink - 2.8 mm Needle)\" \/><span class=\"wpcf7-list-item-label\">SLN21G280 (Pink - 2.8 mm Needle)<\/span><\/span><span class=\"wpcf7-list-item last\"><input type=\"checkbox\" name=\"surgilance-lite[]\" value=\"None\" \/><span class=\"wpcf7-list-item-label\">None<\/span><\/span><\/span><\/span>\n<\/p>\n<hr \/>\n<h3 style=\"margin-bottom: 15px;\">Preguntas o comentarios\n<\/h3>\n<p><span class=\"wpcf7-form-control-wrap\" data-name=\"questions\"><textarea cols=\"40\" rows=\"10\" maxlength=\"2000\" class=\"wpcf7-form-control wpcf7-textarea\" aria-invalid=\"false\" name=\"questions\"><\/textarea><\/span>\n<\/p>\n<p><input class=\"wpcf7-form-control wpcf7-submit has-spinner\" type=\"submit\" value=\"Send\" \/>\n<\/p><p style=\"display: none !important;\" class=\"akismet-fields-container\" data-prefix=\"_wpcf7_ak_\"><label>&#916;<textarea name=\"_wpcf7_ak_hp_textarea\" cols=\"45\" rows=\"8\" maxlength=\"100\"><\/textarea><\/label><input type=\"hidden\" id=\"ak_js_1\" name=\"_wpcf7_ak_js\" value=\"147\"\/><script type=\"text\/javascript\">\n\/* <![CDATA[ *\/\ndocument.getElementById( \"ak_js_1\" ).setAttribute( \"value\", ( new Date() ).getTime() );\n\/* ]]> *\/\n<\/script>\n<\/p><div class=\"wpcf7-response-output\" aria-hidden=\"true\"><\/div>\n<\/form>\n<\/div>\n[vc_empty_space height=\u00bb60px\u00bb][\/vc_column][\/vc_row]<\/p>\n<\/div>","protected":false},"excerpt":{"rendered":"<p>[vc_row css_animation=\u00bb\u00bb row_type=\u00bbrow\u00bb use_row_as_full_screen_section=\u00bbno\u00bb type=\u00bbfull_width\u00bb angled_section=\u00bbno\u00bb text_align=\u00bbleft\u00bb background_image_as_pattern=\u00bbwithout_pattern\u00bb border_color=\u00bb#eaeaea\u00bb css=\u00bb.vc_custom_1495132632011{margin-top: -40px !important;margin-bottom: 20px !important;}\u00bb][vc_column css=\u00bb.vc_custom_1494971774956{border-top-width: 1px !important;border-right-width: 1px !important;border-bottom-width: 1px !important;border-left-width: 1px !important;border-left-color: #ffffff !important;border-left-style: solid !important;border-right-color: #ffffff !important;border-right-style: solid !important;border-top-color: #ffffff !important;border-top-style: solid !important;border-bottom-color: #ffffff !important;border-bottom-style: solid !important;}\u00bb][vc_column_text] SurgiLance\u2122 Muestra y Solicitud de precios&#8230;<\/p>\n","protected":false},"author":3,"featured_media":0,"parent":19447,"menu_order":0,"comment_status":"open","ping_status":"open","template":"","meta":{"_monsterinsights_skip_tracking":false,"_monsterinsights_sitenote_active":false,"_monsterinsights_sitenote_note":"","_monsterinsights_sitenote_category":0,"footnotes":""},"class_list":["post-19547","page","type-page","status-publish","hentry"],"yoast_head":"<!-- This site is optimized with the Yoast SEO plugin v27.5 - https:\/\/yoast.com\/product\/yoast-seo-wordpress\/ -->\n<title>Muestras y precios - MediPurpose<\/title>\n<meta name=\"robots\" content=\"index, follow, max-snippet:-1, max-image-preview:large, max-video-preview:-1\" \/>\n<link rel=\"canonical\" href=\"https:\/\/medipurpose.com\/es\/surgilance-2\/muestras-y-precios\/\" \/>\n<meta property=\"og:locale\" content=\"es_ES\" \/>\n<meta property=\"og:type\" content=\"article\" \/>\n<meta property=\"og:title\" content=\"Muestras y precios - MediPurpose\" \/>\n<meta property=\"og:description\" content=\"[vc_row css_animation=\u00bb\u00bb row_type=\u00bbrow\u00bb use_row_as_full_screen_section=\u00bbno\u00bb type=\u00bbfull_width\u00bb angled_section=\u00bbno\u00bb text_align=\u00bbleft\u00bb background_image_as_pattern=\u00bbwithout_pattern\u00bb border_color=\u00bb#eaeaea\u00bb css=\u00bb.vc_custom_1495132632011{margin-top: -40px !important;margin-bottom: 20px !important;}\u00bb][vc_column css=\u00bb.vc_custom_1494971774956{border-top-width: 1px !important;border-right-width: 1px !important;border-bottom-width: 1px !important;border-left-width: 1px !important;border-left-color: #ffffff !important;border-left-style: solid !important;border-right-color: #ffffff !important;border-right-style: solid !important;border-top-color: #ffffff !important;border-top-style: solid !important;border-bottom-color: #ffffff !important;border-bottom-style: solid !important;}\u00bb][vc_column_text] SurgiLance\u2122 Muestra y Solicitud de precios...\" \/>\n<meta property=\"og:url\" content=\"https:\/\/medipurpose.com\/es\/surgilance-2\/muestras-y-precios\/\" \/>\n<meta property=\"og:site_name\" content=\"MediPurpose\" \/>\n<meta property=\"article:modified_time\" content=\"2020-10-27T18:17:16+00:00\" \/>\n<meta name=\"twitter:card\" content=\"summary_large_image\" \/>\n<meta name=\"twitter:label1\" content=\"Tiempo de lectura\" \/>\n\t<meta name=\"twitter:data1\" content=\"1 minuto\" \/>\n<script type=\"application\/ld+json\" class=\"yoast-schema-graph\">{\"@context\":\"https:\\\/\\\/schema.org\",\"@graph\":[{\"@type\":\"WebPage\",\"@id\":\"https:\\\/\\\/medipurpose.com\\\/es\\\/surgilance-2\\\/muestras-y-precios\\\/\",\"url\":\"https:\\\/\\\/medipurpose.com\\\/es\\\/surgilance-2\\\/muestras-y-precios\\\/\",\"name\":\"Muestras y precios - MediPurpose\",\"isPartOf\":{\"@id\":\"https:\\\/\\\/medipurpose.com\\\/es\\\/#website\"},\"datePublished\":\"2020-09-30T17:52:48+00:00\",\"dateModified\":\"2020-10-27T18:17:16+00:00\",\"breadcrumb\":{\"@id\":\"https:\\\/\\\/medipurpose.com\\\/es\\\/surgilance-2\\\/muestras-y-precios\\\/#breadcrumb\"},\"inLanguage\":\"es\",\"potentialAction\":[{\"@type\":\"ReadAction\",\"target\":[\"https:\\\/\\\/medipurpose.com\\\/es\\\/surgilance-2\\\/muestras-y-precios\\\/\"]}]},{\"@type\":\"BreadcrumbList\",\"@id\":\"https:\\\/\\\/medipurpose.com\\\/es\\\/surgilance-2\\\/muestras-y-precios\\\/#breadcrumb\",\"itemListElement\":[{\"@type\":\"ListItem\",\"position\":1,\"name\":\"Home\",\"item\":\"https:\\\/\\\/medipurpose.com\\\/es\\\/\"},{\"@type\":\"ListItem\",\"position\":2,\"name\":\"Surgilance\",\"item\":\"https:\\\/\\\/medipurpose.com\\\/es\\\/surgilance-2\\\/\"},{\"@type\":\"ListItem\",\"position\":3,\"name\":\"Muestras y precios\"}]},{\"@type\":\"WebSite\",\"@id\":\"https:\\\/\\\/medipurpose.com\\\/es\\\/#website\",\"url\":\"https:\\\/\\\/medipurpose.com\\\/es\\\/\",\"name\":\"MediPurpose\",\"description\":\"\",\"potentialAction\":[{\"@type\":\"SearchAction\",\"target\":{\"@type\":\"EntryPoint\",\"urlTemplate\":\"https:\\\/\\\/medipurpose.com\\\/es\\\/?s={search_term_string}\"},\"query-input\":{\"@type\":\"PropertyValueSpecification\",\"valueRequired\":true,\"valueName\":\"search_term_string\"}}],\"inLanguage\":\"es\"}]}<\/script>\n<!-- \/ Yoast SEO plugin. -->","yoast_head_json":{"title":"Muestras y precios - MediPurpose","robots":{"index":"index","follow":"follow","max-snippet":"max-snippet:-1","max-image-preview":"max-image-preview:large","max-video-preview":"max-video-preview:-1"},"canonical":"https:\/\/medipurpose.com\/es\/surgilance-2\/muestras-y-precios\/","og_locale":"es_ES","og_type":"article","og_title":"Muestras y precios - MediPurpose","og_description":"[vc_row css_animation=\u00bb\u00bb row_type=\u00bbrow\u00bb use_row_as_full_screen_section=\u00bbno\u00bb type=\u00bbfull_width\u00bb angled_section=\u00bbno\u00bb text_align=\u00bbleft\u00bb background_image_as_pattern=\u00bbwithout_pattern\u00bb border_color=\u00bb#eaeaea\u00bb css=\u00bb.vc_custom_1495132632011{margin-top: -40px !important;margin-bottom: 20px !important;}\u00bb][vc_column css=\u00bb.vc_custom_1494971774956{border-top-width: 1px !important;border-right-width: 1px !important;border-bottom-width: 1px !important;border-left-width: 1px !important;border-left-color: #ffffff !important;border-left-style: solid !important;border-right-color: #ffffff !important;border-right-style: solid !important;border-top-color: #ffffff !important;border-top-style: solid !important;border-bottom-color: #ffffff !important;border-bottom-style: solid !important;}\u00bb][vc_column_text] SurgiLance\u2122 Muestra y Solicitud de precios...","og_url":"https:\/\/medipurpose.com\/es\/surgilance-2\/muestras-y-precios\/","og_site_name":"MediPurpose","article_modified_time":"2020-10-27T18:17:16+00:00","twitter_card":"summary_large_image","twitter_misc":{"Tiempo de lectura":"1 minuto"},"schema":{"@context":"https:\/\/schema.org","@graph":[{"@type":"WebPage","@id":"https:\/\/medipurpose.com\/es\/surgilance-2\/muestras-y-precios\/","url":"https:\/\/medipurpose.com\/es\/surgilance-2\/muestras-y-precios\/","name":"Muestras y precios - MediPurpose","isPartOf":{"@id":"https:\/\/medipurpose.com\/es\/#website"},"datePublished":"2020-09-30T17:52:48+00:00","dateModified":"2020-10-27T18:17:16+00:00","breadcrumb":{"@id":"https:\/\/medipurpose.com\/es\/surgilance-2\/muestras-y-precios\/#breadcrumb"},"inLanguage":"es","potentialAction":[{"@type":"ReadAction","target":["https:\/\/medipurpose.com\/es\/surgilance-2\/muestras-y-precios\/"]}]},{"@type":"BreadcrumbList","@id":"https:\/\/medipurpose.com\/es\/surgilance-2\/muestras-y-precios\/#breadcrumb","itemListElement":[{"@type":"ListItem","position":1,"name":"Home","item":"https:\/\/medipurpose.com\/es\/"},{"@type":"ListItem","position":2,"name":"Surgilance","item":"https:\/\/medipurpose.com\/es\/surgilance-2\/"},{"@type":"ListItem","position":3,"name":"Muestras y precios"}]},{"@type":"WebSite","@id":"https:\/\/medipurpose.com\/es\/#website","url":"https:\/\/medipurpose.com\/es\/","name":"MediPurpose","description":"","potentialAction":[{"@type":"SearchAction","target":{"@type":"EntryPoint","urlTemplate":"https:\/\/medipurpose.com\/es\/?s={search_term_string}"},"query-input":{"@type":"PropertyValueSpecification","valueRequired":true,"valueName":"search_term_string"}}],"inLanguage":"es"}]}},"_links":{"self":[{"href":"https:\/\/medipurpose.com\/es\/wp-json\/wp\/v2\/pages\/19547","targetHints":{"allow":["GET"]}}],"collection":[{"href":"https:\/\/medipurpose.com\/es\/wp-json\/wp\/v2\/pages"}],"about":[{"href":"https:\/\/medipurpose.com\/es\/wp-json\/wp\/v2\/types\/page"}],"author":[{"embeddable":true,"href":"https:\/\/medipurpose.com\/es\/wp-json\/wp\/v2\/users\/3"}],"replies":[{"embeddable":true,"href":"https:\/\/medipurpose.com\/es\/wp-json\/wp\/v2\/comments?post=19547"}],"version-history":[{"count":5,"href":"https:\/\/medipurpose.com\/es\/wp-json\/wp\/v2\/pages\/19547\/revisions"}],"predecessor-version":[{"id":19996,"href":"https:\/\/medipurpose.com\/es\/wp-json\/wp\/v2\/pages\/19547\/revisions\/19996"}],"up":[{"embeddable":true,"href":"https:\/\/medipurpose.com\/es\/wp-json\/wp\/v2\/pages\/19447"}],"wp:attachment":[{"href":"https:\/\/medipurpose.com\/es\/wp-json\/wp\/v2\/media?parent=19547"}],"curies":[{"name":"wp","href":"https:\/\/api.w.org\/{rel}","templated":true}]}}