{"id":19527,"date":"2020-09-30T17:52:44","date_gmt":"2020-09-30T17:52:44","guid":{"rendered":"http:\/\/medipurpose.com\/surgilance-2\/ordenar\/"},"modified":"2020-10-27T18:17:07","modified_gmt":"2020-10-27T18:17:07","slug":"ordenar","status":"publish","type":"page","link":"https:\/\/medipurpose.com\/es\/surgilance-2\/ordenar\/","title":{"rendered":"Ordenar"},"content":{"rendered":"<div class=\"wpb-content-wrapper\"><p>[vc_row css_animation=\u00bb\u00bb row_type=\u00bbrow\u00bb use_row_as_full_screen_section=\u00bbno\u00bb type=\u00bbfull_width\u00bb angled_section=\u00bbno\u00bb text_align=\u00bbleft\u00bb background_image_as_pattern=\u00bbwithout_pattern\u00bb][vc_column][vc_column_text]<\/p>\n<h3>Compras por caja (uso personal)<\/h3>\n<p><strong>Para solicitar SurgiLance\u2122 lancetas de seguridad para uso personal o por la caja, <a href=\"http:\/\/www.aossmedicalsupply.com\/Surgilance\/index.html\">haga clic aqu\u00ed.<\/a> <\/strong> Se le portar\u00e1 al sitio web seguro de nuestro socio de confianza AOSS Medical Supply. All\u00ed, se le proporcionar\u00e1n instrucciones de pedido y precios.<\/p>\n<p>&nbsp;<\/p>\n<h3>Compras por el caso (Bulk\/Wholesaler)<\/h3>\n<p>Para pedir SurgiLance\u2122 lancetas de seguridad por el caso, por favor env\u00ede su pedido por correo electr\u00f3nico a <a href=\"mailto:orders@medipurpose.com\">orders@medipurpose.com<\/a>. Alternativamente, puede comunicarse con nosotros al +1 404-855-3655.<\/p>\n<p>&nbsp;<\/p>\n<h3>Centro de atenci\u00f3n al cliente (Enviar pedidos directamente a trav\u00e9s de NetSuite)<\/h3>\n<p>Con el Centro de atenci\u00f3n al cliente en l\u00ednea, tendr\u00e1 acceso a informaci\u00f3n sobre pedidos de ventas actuales y anteriores, facturas, autorizaciones de devoluci\u00f3n y pagos.<\/p>\n<p>Para acceder al Centro de Atenci\u00f3n al Cliente, <a href=\"https:\/\/system.netsuite.com\/app\/login\/secure\/privatelogin.nl?c=ACCT106808\">haga clic aqu\u00ed<\/a>.<\/p>\n<p>Para solicitar acceso, <a href=\"http:\/\/medipurpose.com\/wp-content\/uploads\/2017\/07\/NetsuiteCustomerCenterCustomerAccessEmailRequestForm.doc.pdf\">haga clic aqu\u00ed<\/a>.[\/vc_column_text][\/vc_column][\/vc_row][vc_row css_animation=\u00bb\u00bb row_type=\u00bbrow\u00bb use_row_as_full_screen_section=\u00bbno\u00bb type=\u00bbfull_width\u00bb angled_section=\u00bbno\u00bb text_align=\u00bbleft\u00bb background_image_as_pattern=\u00bbwithout_pattern\u00bb][vc_column][vc_empty_space height=\u00bb20px\u00bb][\/vc_column][\/vc_row]<\/p>\n<\/div>","protected":false},"excerpt":{"rendered":"<p>[vc_row css_animation=\u00bb\u00bb row_type=\u00bbrow\u00bb use_row_as_full_screen_section=\u00bbno\u00bb type=\u00bbfull_width\u00bb angled_section=\u00bbno\u00bb text_align=\u00bbleft\u00bb background_image_as_pattern=\u00bbwithout_pattern\u00bb][vc_column][vc_column_text] Compras por caja (uso personal) Para solicitar SurgiLance\u2122 lancetas de seguridad para uso personal o por la caja, haga clic aqu\u00ed. Se le portar\u00e1 al sitio web seguro de nuestro socio de confianza AOSS Medical Supply. All\u00ed,&#8230;<\/p>\n","protected":false},"author":3,"featured_media":0,"parent":19447,"menu_order":0,"comment_status":"open","ping_status":"open","template":"","meta":{"_monsterinsights_skip_tracking":false,"_monsterinsights_sitenote_active":false,"_monsterinsights_sitenote_note":"","_monsterinsights_sitenote_category":0,"footnotes":""},"class_list":["post-19527","page","type-page","status-publish","hentry"],"yoast_head":"<!-- This site is optimized with the Yoast SEO plugin v27.1.1 - https:\/\/yoast.com\/product\/yoast-seo-wordpress\/ -->\n<title>Ordenar - MediPurpose<\/title>\n<meta name=\"robots\" content=\"index, follow, max-snippet:-1, max-image-preview:large, max-video-preview:-1\" \/>\n<link rel=\"canonical\" href=\"https:\/\/medipurpose.com\/es\/surgilance-2\/ordenar\/\" \/>\n<meta property=\"og:locale\" content=\"es_ES\" \/>\n<meta property=\"og:type\" content=\"article\" \/>\n<meta property=\"og:title\" content=\"Ordenar - MediPurpose\" \/>\n<meta property=\"og:description\" content=\"[vc_row css_animation=\u00bb\u00bb row_type=\u00bbrow\u00bb use_row_as_full_screen_section=\u00bbno\u00bb type=\u00bbfull_width\u00bb angled_section=\u00bbno\u00bb text_align=\u00bbleft\u00bb background_image_as_pattern=\u00bbwithout_pattern\u00bb][vc_column][vc_column_text] Compras por caja (uso personal) Para solicitar SurgiLance\u2122 lancetas de seguridad para uso personal o por la caja, haga clic aqu\u00ed. Se le portar\u00e1 al sitio web seguro de nuestro socio de confianza AOSS Medical Supply. All\u00ed,...\" \/>\n<meta property=\"og:url\" content=\"https:\/\/medipurpose.com\/es\/surgilance-2\/ordenar\/\" \/>\n<meta property=\"og:site_name\" content=\"MediPurpose\" \/>\n<meta property=\"article:modified_time\" content=\"2020-10-27T18:17:07+00:00\" \/>\n<meta name=\"twitter:card\" content=\"summary_large_image\" \/>\n<meta name=\"twitter:label1\" content=\"Tiempo de lectura\" \/>\n\t<meta name=\"twitter:data1\" content=\"1 minuto\" \/>\n<script type=\"application\/ld+json\" class=\"yoast-schema-graph\">{\"@context\":\"https:\/\/schema.org\",\"@graph\":[{\"@type\":\"WebPage\",\"@id\":\"https:\/\/medipurpose.com\/es\/surgilance-2\/ordenar\/\",\"url\":\"https:\/\/medipurpose.com\/es\/surgilance-2\/ordenar\/\",\"name\":\"Ordenar - MediPurpose\",\"isPartOf\":{\"@id\":\"https:\/\/medipurpose.com\/es\/#website\"},\"datePublished\":\"2020-09-30T17:52:44+00:00\",\"dateModified\":\"2020-10-27T18:17:07+00:00\",\"breadcrumb\":{\"@id\":\"https:\/\/medipurpose.com\/es\/surgilance-2\/ordenar\/#breadcrumb\"},\"inLanguage\":\"es\",\"potentialAction\":[{\"@type\":\"ReadAction\",\"target\":[\"https:\/\/medipurpose.com\/es\/surgilance-2\/ordenar\/\"]}]},{\"@type\":\"BreadcrumbList\",\"@id\":\"https:\/\/medipurpose.com\/es\/surgilance-2\/ordenar\/#breadcrumb\",\"itemListElement\":[{\"@type\":\"ListItem\",\"position\":1,\"name\":\"Home\",\"item\":\"https:\/\/medipurpose.com\/es\/\"},{\"@type\":\"ListItem\",\"position\":2,\"name\":\"Surgilance\",\"item\":\"https:\/\/medipurpose.com\/es\/surgilance-2\/\"},{\"@type\":\"ListItem\",\"position\":3,\"name\":\"Ordenar\"}]},{\"@type\":\"WebSite\",\"@id\":\"https:\/\/medipurpose.com\/es\/#website\",\"url\":\"https:\/\/medipurpose.com\/es\/\",\"name\":\"MediPurpose\",\"description\":\"\",\"potentialAction\":[{\"@type\":\"SearchAction\",\"target\":{\"@type\":\"EntryPoint\",\"urlTemplate\":\"https:\/\/medipurpose.com\/es\/?s={search_term_string}\"},\"query-input\":{\"@type\":\"PropertyValueSpecification\",\"valueRequired\":true,\"valueName\":\"search_term_string\"}}],\"inLanguage\":\"es\"}]}<\/script>\n<!-- \/ Yoast SEO plugin. -->","yoast_head_json":{"title":"Ordenar - MediPurpose","robots":{"index":"index","follow":"follow","max-snippet":"max-snippet:-1","max-image-preview":"max-image-preview:large","max-video-preview":"max-video-preview:-1"},"canonical":"https:\/\/medipurpose.com\/es\/surgilance-2\/ordenar\/","og_locale":"es_ES","og_type":"article","og_title":"Ordenar - MediPurpose","og_description":"[vc_row css_animation=\u00bb\u00bb row_type=\u00bbrow\u00bb use_row_as_full_screen_section=\u00bbno\u00bb type=\u00bbfull_width\u00bb angled_section=\u00bbno\u00bb text_align=\u00bbleft\u00bb background_image_as_pattern=\u00bbwithout_pattern\u00bb][vc_column][vc_column_text] Compras por caja (uso personal) Para solicitar SurgiLance\u2122 lancetas de seguridad para uso personal o por la caja, haga clic aqu\u00ed. Se le portar\u00e1 al sitio web seguro de nuestro socio de confianza AOSS Medical Supply. All\u00ed,...","og_url":"https:\/\/medipurpose.com\/es\/surgilance-2\/ordenar\/","og_site_name":"MediPurpose","article_modified_time":"2020-10-27T18:17:07+00:00","twitter_card":"summary_large_image","twitter_misc":{"Tiempo de lectura":"1 minuto"},"schema":{"@context":"https:\/\/schema.org","@graph":[{"@type":"WebPage","@id":"https:\/\/medipurpose.com\/es\/surgilance-2\/ordenar\/","url":"https:\/\/medipurpose.com\/es\/surgilance-2\/ordenar\/","name":"Ordenar - MediPurpose","isPartOf":{"@id":"https:\/\/medipurpose.com\/es\/#website"},"datePublished":"2020-09-30T17:52:44+00:00","dateModified":"2020-10-27T18:17:07+00:00","breadcrumb":{"@id":"https:\/\/medipurpose.com\/es\/surgilance-2\/ordenar\/#breadcrumb"},"inLanguage":"es","potentialAction":[{"@type":"ReadAction","target":["https:\/\/medipurpose.com\/es\/surgilance-2\/ordenar\/"]}]},{"@type":"BreadcrumbList","@id":"https:\/\/medipurpose.com\/es\/surgilance-2\/ordenar\/#breadcrumb","itemListElement":[{"@type":"ListItem","position":1,"name":"Home","item":"https:\/\/medipurpose.com\/es\/"},{"@type":"ListItem","position":2,"name":"Surgilance","item":"https:\/\/medipurpose.com\/es\/surgilance-2\/"},{"@type":"ListItem","position":3,"name":"Ordenar"}]},{"@type":"WebSite","@id":"https:\/\/medipurpose.com\/es\/#website","url":"https:\/\/medipurpose.com\/es\/","name":"MediPurpose","description":"","potentialAction":[{"@type":"SearchAction","target":{"@type":"EntryPoint","urlTemplate":"https:\/\/medipurpose.com\/es\/?s={search_term_string}"},"query-input":{"@type":"PropertyValueSpecification","valueRequired":true,"valueName":"search_term_string"}}],"inLanguage":"es"}]}},"_links":{"self":[{"href":"https:\/\/medipurpose.com\/es\/wp-json\/wp\/v2\/pages\/19527","targetHints":{"allow":["GET"]}}],"collection":[{"href":"https:\/\/medipurpose.com\/es\/wp-json\/wp\/v2\/pages"}],"about":[{"href":"https:\/\/medipurpose.com\/es\/wp-json\/wp\/v2\/types\/page"}],"author":[{"embeddable":true,"href":"https:\/\/medipurpose.com\/es\/wp-json\/wp\/v2\/users\/3"}],"replies":[{"embeddable":true,"href":"https:\/\/medipurpose.com\/es\/wp-json\/wp\/v2\/comments?post=19527"}],"version-history":[{"count":5,"href":"https:\/\/medipurpose.com\/es\/wp-json\/wp\/v2\/pages\/19527\/revisions"}],"predecessor-version":[{"id":19990,"href":"https:\/\/medipurpose.com\/es\/wp-json\/wp\/v2\/pages\/19527\/revisions\/19990"}],"up":[{"embeddable":true,"href":"https:\/\/medipurpose.com\/es\/wp-json\/wp\/v2\/pages\/19447"}],"wp:attachment":[{"href":"https:\/\/medipurpose.com\/es\/wp-json\/wp\/v2\/media?parent=19527"}],"curies":[{"name":"wp","href":"https:\/\/api.w.org\/{rel}","templated":true}]}}