{"id":19489,"date":"2017-05-17T14:48:06","date_gmt":"2017-05-17T14:48:06","guid":{"rendered":"https:\/\/medipurpose.com\/descargas\/"},"modified":"2022-05-19T06:10:34","modified_gmt":"2022-05-19T06:10:34","slug":"descargas","status":"publish","type":"page","link":"https:\/\/medipurpose.com\/es\/descargas\/","title":{"rendered":"Descargas"},"content":{"rendered":"<div class=\"wpb-content-wrapper\"><p>[vc_row css_animation=\u00bb\u00bb row_type=\u00bbrow\u00bb use_row_as_full_screen_section=\u00bbno\u00bb type=\u00bbfull_width\u00bb angled_section=\u00bbno\u00bb text_align=\u00bbleft\u00bb background_image_as_pattern=\u00bbwithout_pattern\u00bb][vc_column][vc_empty_space height=\u00bb20px\u00bb][\/vc_column][\/vc_row][vc_row css_animation=\u00bb\u00bb row_type=\u00bbrow\u00bb use_row_as_full_screen_section=\u00bbno\u00bb type=\u00bbfull_width\u00bb angled_section=\u00bbno\u00bb text_align=\u00bbleft\u00bb background_image_as_pattern=\u00bbwithout_pattern\u00bb][vc_column][vc_row_inner row_type=\u00bbrow\u00bb type=\u00bbgrid\u00bb text_align=\u00bbleft\u00bb css_animation=\u00bb\u00bb][vc_column_inner width=\u00bb1\/3&#8243; css=\u00bb.vc_custom_1652940603554{padding-top: 30px !important;padding-right: 30px !important;padding-bottom: 30px !important;padding-left: 30px !important;}\u00bb][vc_column_text]<\/p>\n<h1>MediPurpose\u2122<\/h1>\n<p>[\/vc_column_text][vc_separator type=\u00bbnormal\u00bb color=\u00bb#a0a0a0&#8243; up=\u00bb20&#8243; down=\u00bb20&#8243;][vc_column_text]<a href=\"http:\/\/medipurpose.com\/es\/descargas\/categorias\/cartas-de-los-archivos-del-presidente\/\">Cartas del Presidente<\/a><\/p>\n<p><a href=\"http:\/\/medipurpose.com\/es\/descargas\/categorias\/formas\/\">Formulario de cuenta nueva de MediPurpose<\/a><\/p>\n<p><a href=\"http:\/\/medipurpose.com\/es\/symbols-mpp-qms-mkt-029-rev-0-2\/\">S\u00edmbolos de MediPurpose de uso com\u00fan<\/a><\/p>\n<p><a href=\"http:\/\/medipurpose.com\/wp-content\/uploads\/2019\/06\/MEDIPURPOSE-Company-Overview-14-Aug-2018.pptx\">Presentaci\u00f3n de Introducci\u00f3n MediPurpose<\/a>[\/vc_column_text][\/vc_column_inner][vc_column_inner width=\u00bb1\/3&#8243; css=\u00bb.vc_custom_1652940615171{padding-top: 30px !important;padding-right: 30px !important;padding-bottom: 30px !important;padding-left: 30px !important;}\u00bb][vc_column_text]<\/p>\n<h1>babyLance\u2122<\/h1>\n<p>[\/vc_column_text][vc_separator type=\u00bbnormal\u00bb color=\u00bb#a0a0a0&#8243; up=\u00bb20&#8243; down=\u00bb20&#8243;][vc_column_text]<a href=\"http:\/\/medipurpose.com\/babylance\/\">Caso pr\u00e1ctico<\/a><\/p>\n<p>&nbsp;<\/p>\n<p>&nbsp;<\/p>\n<p>[\/vc_column_text][\/vc_column_inner][vc_column_inner width=\u00bb1\/3&#8243; css=\u00bb.vc_custom_1652940628709{padding-top: 30px !important;padding-right: 30px !important;padding-bottom: 30px !important;padding-left: 30px !important;}\u00bb][vc_column_text]<\/p>\n<h1>SurgiLance\u2122<\/h1>\n<p>[\/vc_column_text][vc_separator type=\u00bbnormal\u00bb color=\u00bb#a0a0a0&#8243; up=\u00bb20&#8243; down=\u00bb20&#8243;][vc_column_text]<a href=\"http:\/\/medipurpose.com\/es\/descargas\/categorias\/surgilance-archivos-colaterales\/\">Colateral<\/a><\/p>\n<p><a href=\"http:\/\/medipurpose.com\/es\/descargas\/categorias\/archivos-de-surgilance-white-papers\/\">Libros Blancos<\/a><\/p>\n<p>&nbsp;<\/p>\n<p>[\/vc_column_text][\/vc_column_inner][\/vc_row_inner][\/vc_column][\/vc_row][vc_row css_animation=\u00bb\u00bb row_type=\u00bbrow\u00bb use_row_as_full_screen_section=\u00bbno\u00bb type=\u00bbfull_width\u00bb angled_section=\u00bbno\u00bb text_align=\u00bbleft\u00bb background_image_as_pattern=\u00bbwithout_pattern\u00bb][vc_column][vc_empty_space height=\u00bb20px\u00bb][\/vc_column][\/vc_row][vc_row css_animation=\u00bb\u00bb row_type=\u00bbrow\u00bb use_row_as_full_screen_section=\u00bbno\u00bb type=\u00bbgrid\u00bb angled_section=\u00bbno\u00bb text_align=\u00bbleft\u00bb background_image_as_pattern=\u00bbwithout_pattern\u00bb][vc_column][vc_column_text]<strong>El Formulario de Cuenta Nueva de MediPurpose\u2122 est\u00e1 disponible como archivos PDF descargables que puede completar y firmar digital o manualmente.<\/strong><\/p>\n<p>&nbsp;<\/p>\n<h2>Como completar digitalmente y firmar digitalmente un Formulario de Cuenta Nueva de MediPurpose\u2122<\/h2>\n<p>Firmar digitalmente un Formulario de Cuenta Nueva de MediPurpose\u2122 es simple y seguro. Una vez completado, puede devolverlo por correo electr\u00f3nico a su administrador de cuentas clave o a <a href=\"mailto:admin@medipurpose.com\" target=\"_blank\" rel=\"noopener noreferrer\">admin@medipurpose.com<\/a>.<\/p>\n<ol>\n<li>Descargue el formulario haciendo clic en el enlace del cuadro anterior.<\/li>\n<li>Abra el formulario descargado con Adobe Acrobat Reader. Si no tiene la aplicaci\u00f3n, <a href=\"https:\/\/get.adobe.com\/reader\/\" target=\"_blank\" rel=\"noopener noreferrer\">haga clic aqu\u00ed para descargarla gratis<\/a>.<\/li>\n<li>Complete el formulario colocando el cursor en el campo apropiado para introducir texto o seleccionar casillas de verificaci\u00f3n\/botones de opcion.<\/li>\n<li>Guarde el documento.<\/li>\n<li>Firme digitalmente el documento. <a href=\"https:\/\/helpx.adobe.com\/reader\/using\/sign-pdfs.html\" target=\"_blank\" rel=\"noopener noreferrer\">Haga clic aqu\u00ed para obtener instrucciones detalladas<\/a> sobre c\u00f3mo crear una firma digital y\/o firmar digitalmente archivos PDF con Adobe Acrobat Reader.<\/li>\n<li>Guarde el documento y env\u00edelo a MediPurpose\u2122 como archivo adjunto a nuestro correo electr\u00f3nico.<\/li>\n<\/ol>\n<p>&nbsp;<\/p>\n<h2>C\u00f3mo completar digitalmente y firmar manualmente un Formulario de Cuenta Nueva de MediPurpose\u2122<\/h2>\n<p>Puede optar por completar digitalmente un Formulario de Cuenta Nueva de MediPurpose\u2122, pero firmarlo manualmente. Una vez completado, por favor devu\u00e9lvalo por correo electr\u00f3nico o fax a su administrador de cuentas clave o a <a href=\"mailto:admin@medipurpose.com\" target=\"_blank\" rel=\"noopener noreferrer\">admin@medipurpose.com<\/a>.<\/p>\n<ol>\n<li>Descargue el formulario haciendo clic en el enlace del cuadro anterior.<\/li>\n<li>Abra el formulario descargado con Adobe Acrobat Reader. Si no tiene la aplicaci\u00f3n, <a href=\"https:\/\/get.adobe.com\/reader\/\" target=\"_blank\" rel=\"noopener noreferrer\">haga clic aqu\u00ed para descargarla gratis<\/a>.<\/li>\n<li>Complete el formulario colocando el cursor en el campo apropiado para introducir texto o seleccionar casillas de verificaci\u00f3n\/botones de opcion.<\/li>\n<li>Guarde el documento.<\/li>\n<li>Imprima y firme manualmente el documento.<\/li>\n<li>Si ser\u00e1 retornado por correo electr\u00f3nico, escanee el documento y env\u00edelo como archivo adjunto.<\/li>\n<li>Si ser\u00e1 retornado por fax, contacte a su administrador de cuentas claves para obtener el numero de fax.<\/li>\n<\/ol>\n<p>&nbsp;<\/p>\n<h2>C\u00f3mo completar manualmente y firmar manualmente un Formulario de Cuenta Nueva de MediPurpose\u2122<\/h2>\n<p>Tambi\u00e9n puede optar por completar manualmente y firmar un Formulario de Cuenta Nueva de MediPurpose\u2122. Una vez completado, por favor devu\u00e9lvalo por correo electr\u00f3nico o fax a su administrador de cuentas clave o a <a href=\"mailto:admin@medipurpose.com\" target=\"_blank\" rel=\"noopener noreferrer\">admin@medipurpose.com<\/a>.<\/p>\n<ol>\n<li>Descargue el formulario haciendo clic en el enlace del cuadro anterior.<\/li>\n<li>Abra el formulario descargado con Adobe Acrobat Reader. Si no tiene la aplicaci\u00f3n, <a href=\"https:\/\/get.adobe.com\/reader\/\" target=\"_blank\" rel=\"noopener noreferrer\">haga clic aqu\u00ed para descargarla gratis<\/a>.<\/li>\n<li>Imprima el formulario.<\/li>\n<li>Complete el formulario.<\/li>\n<li>Si ser\u00e1 retornado por correo electr\u00f3nico, escanee el documento y env\u00edelo como archivo adjunto.<\/li>\n<li>Si ser\u00e1 retornado por fax, contacte a su administrador de cuentas claves para obtener el numero de fax.<\/li>\n<\/ol>\n<p>[\/vc_column_text][\/vc_column][\/vc_row][vc_row css_animation=\u00bb\u00bb row_type=\u00bbrow\u00bb use_row_as_full_screen_section=\u00bbno\u00bb type=\u00bbfull_width\u00bb angled_section=\u00bbno\u00bb text_align=\u00bbleft\u00bb background_image_as_pattern=\u00bbwithout_pattern\u00bb][vc_column][vc_empty_space height=\u00bb20px\u00bb][\/vc_column][\/vc_row]<\/p>\n<\/div>","protected":false},"excerpt":{"rendered":"<p>[vc_row css_animation=\u00bb\u00bb row_type=\u00bbrow\u00bb use_row_as_full_screen_section=\u00bbno\u00bb type=\u00bbfull_width\u00bb angled_section=\u00bbno\u00bb text_align=\u00bbleft\u00bb background_image_as_pattern=\u00bbwithout_pattern\u00bb][vc_column][vc_empty_space height=\u00bb20px\u00bb][\/vc_column][\/vc_row][vc_row css_animation=\u00bb\u00bb row_type=\u00bbrow\u00bb use_row_as_full_screen_section=\u00bbno\u00bb type=\u00bbfull_width\u00bb angled_section=\u00bbno\u00bb text_align=\u00bbleft\u00bb background_image_as_pattern=\u00bbwithout_pattern\u00bb][vc_column][vc_row_inner row_type=\u00bbrow\u00bb type=\u00bbgrid\u00bb text_align=\u00bbleft\u00bb css_animation=\u00bb\u00bb][vc_column_inner width=\u00bb1\/3&#8243; css=\u00bb.vc_custom_1652940603554{padding-top: 30px !important;padding-right: 30px !important;padding-bottom: 30px !important;padding-left: 30px !important;}\u00bb][vc_column_text] MediPurpose\u2122 [\/vc_column_text][vc_separator type=\u00bbnormal\u00bb color=\u00bb#a0a0a0&#8243; up=\u00bb20&#8243; down=\u00bb20&#8243;][vc_column_text]Cartas del Presidente Formulario de cuenta nueva de MediPurpose S\u00edmbolos&#8230;<\/p>\n","protected":false},"author":3,"featured_media":0,"parent":0,"menu_order":0,"comment_status":"open","ping_status":"open","template":"full_width.php","meta":{"_monsterinsights_skip_tracking":false,"_monsterinsights_sitenote_active":false,"_monsterinsights_sitenote_note":"","_monsterinsights_sitenote_category":0,"footnotes":""},"class_list":["post-19489","page","type-page","status-publish","hentry"],"yoast_head":"<!-- This site is optimized with the Yoast SEO plugin v27.3 - https:\/\/yoast.com\/product\/yoast-seo-wordpress\/ -->\n<title>Descargas - MediPurpose<\/title>\n<meta name=\"robots\" content=\"index, follow, max-snippet:-1, max-image-preview:large, max-video-preview:-1\" \/>\n<link rel=\"canonical\" href=\"https:\/\/medipurpose.com\/es\/descargas\/\" \/>\n<meta property=\"og:locale\" content=\"es_ES\" \/>\n<meta property=\"og:type\" content=\"article\" \/>\n<meta property=\"og:title\" content=\"Descargas - MediPurpose\" \/>\n<meta property=\"og:description\" content=\"[vc_row css_animation=\u00bb\u00bb row_type=\u00bbrow\u00bb use_row_as_full_screen_section=\u00bbno\u00bb type=\u00bbfull_width\u00bb angled_section=\u00bbno\u00bb text_align=\u00bbleft\u00bb background_image_as_pattern=\u00bbwithout_pattern\u00bb][vc_column][vc_empty_space height=\u00bb20px\u00bb][\/vc_column][\/vc_row][vc_row css_animation=\u00bb\u00bb row_type=\u00bbrow\u00bb use_row_as_full_screen_section=\u00bbno\u00bb type=\u00bbfull_width\u00bb angled_section=\u00bbno\u00bb text_align=\u00bbleft\u00bb background_image_as_pattern=\u00bbwithout_pattern\u00bb][vc_column][vc_row_inner row_type=\u00bbrow\u00bb type=\u00bbgrid\u00bb text_align=\u00bbleft\u00bb css_animation=\u00bb\u00bb][vc_column_inner width=\u00bb1\/3&#8243; css=\u00bb.vc_custom_1652940603554{padding-top: 30px !important;padding-right: 30px !important;padding-bottom: 30px !important;padding-left: 30px !important;}\u00bb][vc_column_text] MediPurpose\u2122 [\/vc_column_text][vc_separator type=\u00bbnormal\u00bb color=\u00bb#a0a0a0&#8243; up=\u00bb20&#8243; down=\u00bb20&#8243;][vc_column_text]Cartas del Presidente Formulario de cuenta nueva de MediPurpose S\u00edmbolos...\" \/>\n<meta property=\"og:url\" content=\"https:\/\/medipurpose.com\/es\/descargas\/\" \/>\n<meta property=\"og:site_name\" content=\"MediPurpose\" \/>\n<meta property=\"article:modified_time\" content=\"2022-05-19T06:10:34+00:00\" \/>\n<meta name=\"twitter:card\" content=\"summary_large_image\" \/>\n<meta name=\"twitter:label1\" content=\"Tiempo de lectura\" \/>\n\t<meta name=\"twitter:data1\" content=\"3 minutos\" \/>\n<script type=\"application\/ld+json\" class=\"yoast-schema-graph\">{\"@context\":\"https:\\\/\\\/schema.org\",\"@graph\":[{\"@type\":\"WebPage\",\"@id\":\"https:\\\/\\\/medipurpose.com\\\/es\\\/descargas\\\/\",\"url\":\"https:\\\/\\\/medipurpose.com\\\/es\\\/descargas\\\/\",\"name\":\"Descargas - MediPurpose\",\"isPartOf\":{\"@id\":\"https:\\\/\\\/medipurpose.com\\\/es\\\/#website\"},\"datePublished\":\"2017-05-17T14:48:06+00:00\",\"dateModified\":\"2022-05-19T06:10:34+00:00\",\"breadcrumb\":{\"@id\":\"https:\\\/\\\/medipurpose.com\\\/es\\\/descargas\\\/#breadcrumb\"},\"inLanguage\":\"es\",\"potentialAction\":[{\"@type\":\"ReadAction\",\"target\":[\"https:\\\/\\\/medipurpose.com\\\/es\\\/descargas\\\/\"]}]},{\"@type\":\"BreadcrumbList\",\"@id\":\"https:\\\/\\\/medipurpose.com\\\/es\\\/descargas\\\/#breadcrumb\",\"itemListElement\":[{\"@type\":\"ListItem\",\"position\":1,\"name\":\"Home\",\"item\":\"https:\\\/\\\/medipurpose.com\\\/es\\\/\"},{\"@type\":\"ListItem\",\"position\":2,\"name\":\"Descargas\"}]},{\"@type\":\"WebSite\",\"@id\":\"https:\\\/\\\/medipurpose.com\\\/es\\\/#website\",\"url\":\"https:\\\/\\\/medipurpose.com\\\/es\\\/\",\"name\":\"MediPurpose\",\"description\":\"\",\"potentialAction\":[{\"@type\":\"SearchAction\",\"target\":{\"@type\":\"EntryPoint\",\"urlTemplate\":\"https:\\\/\\\/medipurpose.com\\\/es\\\/?s={search_term_string}\"},\"query-input\":{\"@type\":\"PropertyValueSpecification\",\"valueRequired\":true,\"valueName\":\"search_term_string\"}}],\"inLanguage\":\"es\"}]}<\/script>\n<!-- \/ Yoast SEO plugin. -->","yoast_head_json":{"title":"Descargas - MediPurpose","robots":{"index":"index","follow":"follow","max-snippet":"max-snippet:-1","max-image-preview":"max-image-preview:large","max-video-preview":"max-video-preview:-1"},"canonical":"https:\/\/medipurpose.com\/es\/descargas\/","og_locale":"es_ES","og_type":"article","og_title":"Descargas - MediPurpose","og_description":"[vc_row css_animation=\u00bb\u00bb row_type=\u00bbrow\u00bb use_row_as_full_screen_section=\u00bbno\u00bb type=\u00bbfull_width\u00bb angled_section=\u00bbno\u00bb text_align=\u00bbleft\u00bb background_image_as_pattern=\u00bbwithout_pattern\u00bb][vc_column][vc_empty_space height=\u00bb20px\u00bb][\/vc_column][\/vc_row][vc_row css_animation=\u00bb\u00bb row_type=\u00bbrow\u00bb use_row_as_full_screen_section=\u00bbno\u00bb type=\u00bbfull_width\u00bb angled_section=\u00bbno\u00bb text_align=\u00bbleft\u00bb background_image_as_pattern=\u00bbwithout_pattern\u00bb][vc_column][vc_row_inner row_type=\u00bbrow\u00bb type=\u00bbgrid\u00bb text_align=\u00bbleft\u00bb css_animation=\u00bb\u00bb][vc_column_inner width=\u00bb1\/3&#8243; css=\u00bb.vc_custom_1652940603554{padding-top: 30px !important;padding-right: 30px !important;padding-bottom: 30px !important;padding-left: 30px !important;}\u00bb][vc_column_text] MediPurpose\u2122 [\/vc_column_text][vc_separator type=\u00bbnormal\u00bb color=\u00bb#a0a0a0&#8243; up=\u00bb20&#8243; down=\u00bb20&#8243;][vc_column_text]Cartas del Presidente Formulario de cuenta nueva de MediPurpose S\u00edmbolos...","og_url":"https:\/\/medipurpose.com\/es\/descargas\/","og_site_name":"MediPurpose","article_modified_time":"2022-05-19T06:10:34+00:00","twitter_card":"summary_large_image","twitter_misc":{"Tiempo de lectura":"3 minutos"},"schema":{"@context":"https:\/\/schema.org","@graph":[{"@type":"WebPage","@id":"https:\/\/medipurpose.com\/es\/descargas\/","url":"https:\/\/medipurpose.com\/es\/descargas\/","name":"Descargas - MediPurpose","isPartOf":{"@id":"https:\/\/medipurpose.com\/es\/#website"},"datePublished":"2017-05-17T14:48:06+00:00","dateModified":"2022-05-19T06:10:34+00:00","breadcrumb":{"@id":"https:\/\/medipurpose.com\/es\/descargas\/#breadcrumb"},"inLanguage":"es","potentialAction":[{"@type":"ReadAction","target":["https:\/\/medipurpose.com\/es\/descargas\/"]}]},{"@type":"BreadcrumbList","@id":"https:\/\/medipurpose.com\/es\/descargas\/#breadcrumb","itemListElement":[{"@type":"ListItem","position":1,"name":"Home","item":"https:\/\/medipurpose.com\/es\/"},{"@type":"ListItem","position":2,"name":"Descargas"}]},{"@type":"WebSite","@id":"https:\/\/medipurpose.com\/es\/#website","url":"https:\/\/medipurpose.com\/es\/","name":"MediPurpose","description":"","potentialAction":[{"@type":"SearchAction","target":{"@type":"EntryPoint","urlTemplate":"https:\/\/medipurpose.com\/es\/?s={search_term_string}"},"query-input":{"@type":"PropertyValueSpecification","valueRequired":true,"valueName":"search_term_string"}}],"inLanguage":"es"}]}},"_links":{"self":[{"href":"https:\/\/medipurpose.com\/es\/wp-json\/wp\/v2\/pages\/19489","targetHints":{"allow":["GET"]}}],"collection":[{"href":"https:\/\/medipurpose.com\/es\/wp-json\/wp\/v2\/pages"}],"about":[{"href":"https:\/\/medipurpose.com\/es\/wp-json\/wp\/v2\/types\/page"}],"author":[{"embeddable":true,"href":"https:\/\/medipurpose.com\/es\/wp-json\/wp\/v2\/users\/3"}],"replies":[{"embeddable":true,"href":"https:\/\/medipurpose.com\/es\/wp-json\/wp\/v2\/comments?post=19489"}],"version-history":[{"count":5,"href":"https:\/\/medipurpose.com\/es\/wp-json\/wp\/v2\/pages\/19489\/revisions"}],"predecessor-version":[{"id":22160,"href":"https:\/\/medipurpose.com\/es\/wp-json\/wp\/v2\/pages\/19489\/revisions\/22160"}],"wp:attachment":[{"href":"https:\/\/medipurpose.com\/es\/wp-json\/wp\/v2\/media?parent=19489"}],"curies":[{"name":"wp","href":"https:\/\/api.w.org\/{rel}","templated":true}]}}