{"id":19447,"date":"2017-05-16T20:40:45","date_gmt":"2017-05-16T20:40:45","guid":{"rendered":"https:\/\/medipurpose.com\/surgilance-2\/"},"modified":"2022-05-19T05:55:22","modified_gmt":"2022-05-19T05:55:22","slug":"surgilance-2","status":"publish","type":"page","link":"https:\/\/medipurpose.com\/es\/surgilance-2\/","title":{"rendered":"Surgilance"},"content":{"rendered":"<div class=\"wpb-content-wrapper\"><p>[vc_row css_animation=\u00bb\u00bb row_type=\u00bbrow\u00bb use_row_as_full_screen_section=\u00bbno\u00bb type=\u00bbfull_width\u00bb angled_section=\u00bbno\u00bb text_align=\u00bbleft\u00bb background_image_as_pattern=\u00bbwithout_pattern\u00bb css=\u00bb.vc_custom_1494967889996{padding-top: 10px !important;padding-bottom: 10px !important;}\u00bb][vc_column width=\u00bb1\/3&#8243; offset=\u00bbvc_col-lg-4 vc_col-md-4 vc_col-xs-4&#8243;][vc_single_image image=\u00bb19456&#8243; img_size=\u00bbfull\u00bb alignment=\u00bbcenter\u00bb onclick=\u00bbcustom_link\u00bb qode_css_animation=\u00bb\u00bb link=\u00bb\/surgilance\/surgilance-classic\/\u00bb][\/vc_column][vc_column width=\u00bb1\/3&#8243; offset=\u00bbvc_col-lg-4 vc_col-md-4 vc_col-xs-4&#8243;][\/vc_column][vc_column width=\u00bb1\/3&#8243; offset=\u00bbvc_col-lg-4 vc_col-md-4 vc_col-xs-4&#8243;][vc_single_image image=\u00bb19454&#8243; img_size=\u00bbfull\u00bb alignment=\u00bbcenter\u00bb onclick=\u00bbcustom_link\u00bb qode_css_animation=\u00bb\u00bb link=\u00bb\/surgilance\/surgilance-lite\/\u00bb][\/vc_column][\/vc_row][vc_row css_animation=\u00bb\u00bb row_type=\u00bbrow\u00bb use_row_as_full_screen_section=\u00bbno\u00bb type=\u00bbfull_width\u00bb angled_section=\u00bbno\u00bb text_align=\u00bbleft\u00bb background_image_as_pattern=\u00bbwithout_pattern\u00bb background_color=\u00bb#eeeeee\u00bb css=\u00bb.vc_custom_1494968028698{padding-top: 10px !important;padding-bottom: 10px !important;}\u00bb][vc_column width=\u00bb1\/3&#8243; offset=\u00bbvc_col-lg-4 vc_col-md-4 vc_col-xs-4&#8243;][vc_single_image image=\u00bb19452&#8243; img_size=\u00bbfull\u00bb alignment=\u00bbcenter\u00bb qode_css_animation=\u00bb\u00bb][\/vc_column][vc_column width=\u00bb1\/3&#8243; offset=\u00bbvc_col-lg-4 vc_col-md-4 vc_col-xs-4&#8243;][vc_column_text]<\/p>\n<p style=\"text-align: center; padding-top: 9%;\"><big>F\u00c1CIL DE USAR<\/big><\/p>\n<p>[\/vc_column_text][\/vc_column][vc_column width=\u00bb1\/3&#8243; offset=\u00bbvc_col-lg-4 vc_col-md-4 vc_col-xs-4&#8243;][vc_single_image image=\u00bb19452&#8243; img_size=\u00bbfull\u00bb alignment=\u00bbcenter\u00bb qode_css_animation=\u00bb\u00bb][\/vc_column][\/vc_row][vc_row css_animation=\u00bb\u00bb row_type=\u00bbrow\u00bb use_row_as_full_screen_section=\u00bbno\u00bb type=\u00bbfull_width\u00bb angled_section=\u00bbno\u00bb text_align=\u00bbleft\u00bb background_image_as_pattern=\u00bbwithout_pattern\u00bb background_color=\u00bb#ffffff\u00bb css=\u00bb.vc_custom_1494968453341{padding-top: 10px !important;padding-bottom: 10px !important;}\u00bb][vc_column width=\u00bb1\/3&#8243; offset=\u00bbvc_col-lg-4 vc_col-md-4 vc_col-xs-4&#8243;][vc_single_image image=\u00bb19452&#8243; img_size=\u00bbfull\u00bb alignment=\u00bbcenter\u00bb qode_css_animation=\u00bb\u00bb][\/vc_column][vc_column width=\u00bb1\/3&#8243; offset=\u00bbvc_col-lg-4 vc_col-md-4 vc_col-xs-4&#8243;][vc_column_text]<\/p>\n<p style=\"text-align: center; padding-top: 9%;\"><big>MINIMIZA EL DOLOR<\/big><\/p>\n<p>[\/vc_column_text][\/vc_column][vc_column width=\u00bb1\/3&#8243; offset=\u00bbvc_col-lg-4 vc_col-md-4 vc_col-xs-4&#8243;][vc_single_image image=\u00bb19452&#8243; img_size=\u00bbfull\u00bb alignment=\u00bbcenter\u00bb qode_css_animation=\u00bb\u00bb][\/vc_column][\/vc_row][vc_row css_animation=\u00bb\u00bb row_type=\u00bbrow\u00bb use_row_as_full_screen_section=\u00bbno\u00bb type=\u00bbfull_width\u00bb angled_section=\u00bbno\u00bb text_align=\u00bbleft\u00bb background_image_as_pattern=\u00bbwithout_pattern\u00bb background_color=\u00bb#eeeeee\u00bb css=\u00bb.vc_custom_1494968505101{padding-top: 10px !important;padding-bottom: 10px !important;}\u00bb][vc_column width=\u00bb1\/3&#8243; offset=\u00bbvc_col-lg-4 vc_col-md-4 vc_col-xs-4&#8243;][vc_single_image image=\u00bb19452&#8243; img_size=\u00bbfull\u00bb alignment=\u00bbcenter\u00bb qode_css_animation=\u00bb\u00bb][\/vc_column][vc_column width=\u00bb1\/3&#8243; offset=\u00bbvc_col-lg-4 vc_col-md-4 vc_col-xs-4&#8243;][vc_column_text]<\/p>\n<p style=\"text-align: center; padding-top: 9%;\"><big>DISE\u00d1O SEGURO DE UN SOLO USO<\/big><\/p>\n<p>[\/vc_column_text][\/vc_column][vc_column width=\u00bb1\/3&#8243; offset=\u00bbvc_col-lg-4 vc_col-md-4 vc_col-xs-4&#8243;][vc_single_image image=\u00bb19452&#8243; img_size=\u00bbfull\u00bb alignment=\u00bbcenter\u00bb qode_css_animation=\u00bb\u00bb][\/vc_column][\/vc_row][vc_row css_animation=\u00bb\u00bb row_type=\u00bbrow\u00bb use_row_as_full_screen_section=\u00bbno\u00bb type=\u00bbfull_width\u00bb angled_section=\u00bbno\u00bb text_align=\u00bbleft\u00bb background_image_as_pattern=\u00bbwithout_pattern\u00bb background_color=\u00bb#ffffff\u00bb css=\u00bb.vc_custom_1494968631532{padding-top: 10px !important;padding-bottom: 10px !important;}\u00bb][vc_column width=\u00bb1\/3&#8243; offset=\u00bbvc_col-lg-4 vc_col-md-4 vc_col-xs-4&#8243;][vc_single_image image=\u00bb19452&#8243; img_size=\u00bbfull\u00bb alignment=\u00bbcenter\u00bb qode_css_animation=\u00bb\u00bb][\/vc_column][vc_column width=\u00bb1\/3&#8243; offset=\u00bbvc_col-lg-4 vc_col-md-4 vc_col-xs-4&#8243;][vc_column_text]<\/p>\n<p style=\"text-align: center; padding-top: 9%;\"><big>FIABILIDAD COMPROBADA<\/big><\/p>\n<p>[\/vc_column_text][\/vc_column][vc_column width=\u00bb1\/3&#8243; offset=\u00bbvc_col-lg-4 vc_col-md-4 vc_col-xs-4&#8243;][vc_single_image image=\u00bb19452&#8243; img_size=\u00bbfull\u00bb alignment=\u00bbcenter\u00bb qode_css_animation=\u00bb\u00bb][\/vc_column][\/vc_row][vc_row css_animation=\u00bb\u00bb row_type=\u00bbrow\u00bb use_row_as_full_screen_section=\u00bbno\u00bb type=\u00bbfull_width\u00bb angled_section=\u00bbno\u00bb text_align=\u00bbleft\u00bb background_image_as_pattern=\u00bbwithout_pattern\u00bb background_color=\u00bb#eeeeee\u00bb css=\u00bb.vc_custom_1494968649748{padding-top: 10px !important;padding-bottom: 10px !important;}\u00bb][vc_column width=\u00bb1\/3&#8243; offset=\u00bbvc_col-lg-4 vc_col-md-4 vc_col-xs-4&#8243;][vc_single_image image=\u00bb19452&#8243; img_size=\u00bbfull\u00bb alignment=\u00bbcenter\u00bb qode_css_animation=\u00bb\u00bb][\/vc_column][vc_column width=\u00bb1\/3&#8243; offset=\u00bbvc_col-lg-4 vc_col-md-4 vc_col-xs-4&#8243;][vc_column_text]<\/p>\n<p style=\"text-align: center; padding-top: 9%;\"><big>AGUJAS DE 21 CALIBRES<\/big><\/p>\n<p>[\/vc_column_text][\/vc_column][vc_column width=\u00bb1\/3&#8243;][vc_single_image image=\u00bb19452&#8243; img_size=\u00bbfull\u00bb alignment=\u00bbcenter\u00bb qode_css_animation=\u00bb\u00bb][\/vc_column][\/vc_row][vc_row css_animation=\u00bb\u00bb row_type=\u00bbrow\u00bb use_row_as_full_screen_section=\u00bbno\u00bb type=\u00bbfull_width\u00bb angled_section=\u00bbno\u00bb text_align=\u00bbleft\u00bb background_image_as_pattern=\u00bbwithout_pattern\u00bb background_color=\u00bb#ffffff\u00bb css=\u00bb.vc_custom_1494968981300{padding-top: 10px !important;padding-bottom: 10px !important;}\u00bb][vc_column width=\u00bb1\/3&#8243; offset=\u00bbvc_col-lg-4 vc_col-md-4 vc_col-xs-4&#8243;][vc_single_image image=\u00bb19452&#8243; img_size=\u00bbfull\u00bb alignment=\u00bbcenter\u00bb qode_css_animation=\u00bb\u00bb][\/vc_column][vc_column width=\u00bb1\/3&#8243; offset=\u00bbvc_col-lg-4 vc_col-md-4 vc_col-xs-4&#8243;][vc_column_text]<\/p>\n<p style=\"text-align: center; padding-top: 9%;\"><big>AGUJAS DE 28 CALIBRES<\/big><\/p>\n<p>[\/vc_column_text][\/vc_column][vc_column width=\u00bb1\/3&#8243; offset=\u00bbvc_col-lg-4 vc_col-md-4 vc_col-xs-4&#8243;][vc_single_image image=\u00bb19452&#8243; img_size=\u00bbfull\u00bb alignment=\u00bbcenter\u00bb qode_css_animation=\u00bb\u00bb][\/vc_column][\/vc_row][vc_row css_animation=\u00bb\u00bb row_type=\u00bbrow\u00bb use_row_as_full_screen_section=\u00bbno\u00bb type=\u00bbfull_width\u00bb angled_section=\u00bbno\u00bb text_align=\u00bbleft\u00bb background_image_as_pattern=\u00bbwithout_pattern\u00bb background_color=\u00bb#eeeeee\u00bb css=\u00bb.vc_custom_1494969010737{padding-top: 10px !important;padding-bottom: 10px !important;}\u00bb][vc_column width=\u00bb1\/3&#8243; offset=\u00bbvc_col-lg-4 vc_col-md-4 vc_col-xs-4&#8243;][vc_single_image image=\u00bb19452&#8243; img_size=\u00bbfull\u00bb alignment=\u00bbcenter\u00bb qode_css_animation=\u00bb\u00bb][\/vc_column][vc_column width=\u00bb1\/3&#8243; offset=\u00bbvc_col-lg-4 vc_col-md-4 vc_col-xs-4&#8243;][vc_column_text]<\/p>\n<p style=\"text-align: center; padding-top: 9%;\"><big>CUCHILLAS DE 18 CALIBRES<\/big><\/p>\n<p>[\/vc_column_text][\/vc_column][vc_column width=\u00bb1\/3&#8243; offset=\u00bbvc_col-lg-4 vc_col-md-4 vc_col-xs-4&#8243;][\/vc_column][\/vc_row][vc_row css_animation=\u00bb\u00bb row_type=\u00bbrow\u00bb use_row_as_full_screen_section=\u00bbno\u00bb type=\u00bbfull_width\u00bb angled_section=\u00bbno\u00bb text_align=\u00bbleft\u00bb background_image_as_pattern=\u00bbwithout_pattern\u00bb background_color=\u00bb#ffffff\u00bb css=\u00bb.vc_custom_1494968981300{padding-top: 10px !important;padding-bottom: 10px !important;}\u00bb][vc_column width=\u00bb1\/3&#8243; offset=\u00bbvc_col-lg-4 vc_col-md-4 vc_col-xs-4&#8243;][\/vc_column][vc_column width=\u00bb1\/3&#8243; offset=\u00bbvc_col-lg-4 vc_col-md-4 vc_col-xs-4&#8243;][vc_column_text]<\/p>\n<p style=\"text-align: center; padding-top: 9%;\"><big>DISE\u00d1O ECOL\u00d3GICO<\/big><\/p>\n<p>[\/vc_column_text][\/vc_column][vc_column width=\u00bb1\/3&#8243;][vc_single_image image=\u00bb19452&#8243; img_size=\u00bbfull\u00bb alignment=\u00bbcenter\u00bb qode_css_animation=\u00bb\u00bb][\/vc_column][\/vc_row][vc_row css_animation=\u00bb\u00bb row_type=\u00bbrow\u00bb use_row_as_full_screen_section=\u00bbno\u00bb type=\u00bbfull_width\u00bb angled_section=\u00bbno\u00bb text_align=\u00bbleft\u00bb background_image_as_pattern=\u00bbwithout_pattern\u00bb background_color=\u00bb#eeeeee\u00bb css=\u00bb.vc_custom_1495722559518{padding-top: 10px !important;padding-bottom: 10px !important;}\u00bb][vc_column width=\u00bb1\/3&#8243; offset=\u00bbvc_col-lg-4 vc_col-md-4 vc_col-xs-4&#8243;][\/vc_column][vc_column width=\u00bb1\/3&#8243; offset=\u00bbvc_col-lg-4 vc_col-md-4 vc_col-xs-4&#8243;][vc_column_text]<\/p>\n<p style=\"text-align: center; padding-top: 9%;\"><big>M\u00e1s f\u00e1cil para las manos peque\u00f1as<\/big><\/p>\n<p>[\/vc_column_text][\/vc_column][vc_column width=\u00bb1\/3&#8243; offset=\u00bbvc_col-lg-4 vc_col-md-4 vc_col-xs-4&#8243;][vc_single_image image=\u00bb19452&#8243; img_size=\u00bbfull\u00bb alignment=\u00bbcenter\u00bb qode_css_animation=\u00bb\u00bb][\/vc_column][\/vc_row][vc_row css_animation=\u00bb\u00bb row_type=\u00bbrow\u00bb use_row_as_full_screen_section=\u00bbno\u00bb type=\u00bbfull_width\u00bb angled_section=\u00bbno\u00bb text_align=\u00bbleft\u00bb background_image_as_pattern=\u00bbwithout_pattern\u00bb][vc_column][vc_column_text]<\/p>\n<h3 style=\"text-transform: none; margin: 40px 0px; text-align: left;\">Con <strong>m\u00e1s de mil millones de dispositivos vendidos desde 2000<\/strong>, hay una raz\u00f3n por la que la marca SurgiLance\u2122 de MediPurpose\u2122 ha seguido siendo la mejor opci\u00f3n para los usuarios de la recogida de sangre capilar <strong>dedos<\/strong>: Les encanta la <strong>facilidad de uso de<\/strong>SurgiLance, <strong>comodidad,<\/strong> <strong>seguridad<\/strong> y <strong>fiabilidad<\/strong>!<\/h3>\n<h3>Y debido a que es un producto m\u00e9dico de MediPurpose, los clientes saben que est\u00e1n obteniendo un excelente valor de una empresa conocida por sus compromisos con la <strong>calidad<\/strong> y el servicio al <strong>cliente.<\/strong><\/h3>\n<p>&nbsp;<\/p>\n<h3>Disponible en dos dise\u00f1os &#8211; el <a href=\"http:\/\/medipurpose.com\/es\/surgilance-2\/surgilance-clasico\/\"><strong>surgiLance cl\u00e1sico<\/strong><\/a> y el <a href=\"http:\/\/medipurpose.com\/es\/surgilance-2\/surgilance-lite\/\"><strong>mas peque\u00f1o, el surgiLance Lite<\/strong><\/a> (ideal para usuarios con manos peque\u00f1as) &#8211; tres calibres y 12 modelos, hay un dispositivo SurgiLance\u2122 para pr\u00e1cticamente cualquier punci\u00f3n!<\/h3>\n<p>[\/vc_column_text][\/vc_column][\/vc_row][vc_row css_animation=\u00bb\u00bb row_type=\u00bbrow\u00bb use_row_as_full_screen_section=\u00bbno\u00bb type=\u00bbfull_width\u00bb angled_section=\u00bbno\u00bb text_align=\u00bbleft\u00bb background_image_as_pattern=\u00bbwithout_pattern\u00bb][vc_column][vc_empty_space height=\u00bb20px\u00bb][\/vc_column][\/vc_row]<\/p>\n<\/div>","protected":false},"excerpt":{"rendered":"<p>[vc_row css_animation=\u00bb\u00bb row_type=\u00bbrow\u00bb use_row_as_full_screen_section=\u00bbno\u00bb type=\u00bbfull_width\u00bb angled_section=\u00bbno\u00bb text_align=\u00bbleft\u00bb background_image_as_pattern=\u00bbwithout_pattern\u00bb css=\u00bb.vc_custom_1494967889996{padding-top: 10px !important;padding-bottom: 10px !important;}\u00bb][vc_column width=\u00bb1\/3&#8243; offset=\u00bbvc_col-lg-4 vc_col-md-4 vc_col-xs-4&#8243;][vc_single_image image=\u00bb19456&#8243; img_size=\u00bbfull\u00bb alignment=\u00bbcenter\u00bb onclick=\u00bbcustom_link\u00bb qode_css_animation=\u00bb\u00bb link=\u00bb\/surgilance\/surgilance-classic\/\u00bb][\/vc_column][vc_column width=\u00bb1\/3&#8243; offset=\u00bbvc_col-lg-4 vc_col-md-4 vc_col-xs-4&#8243;][\/vc_column][vc_column width=\u00bb1\/3&#8243; offset=\u00bbvc_col-lg-4 vc_col-md-4 vc_col-xs-4&#8243;][vc_single_image image=\u00bb19454&#8243; img_size=\u00bbfull\u00bb alignment=\u00bbcenter\u00bb onclick=\u00bbcustom_link\u00bb qode_css_animation=\u00bb\u00bb link=\u00bb\/surgilance\/surgilance-lite\/\u00bb][\/vc_column][\/vc_row][vc_row css_animation=\u00bb\u00bb row_type=\u00bbrow\u00bb use_row_as_full_screen_section=\u00bbno\u00bb type=\u00bbfull_width\u00bb angled_section=\u00bbno\u00bb text_align=\u00bbleft\u00bb background_image_as_pattern=\u00bbwithout_pattern\u00bb background_color=\u00bb#eeeeee\u00bb&#8230;<\/p>\n","protected":false},"author":3,"featured_media":0,"parent":0,"menu_order":0,"comment_status":"open","ping_status":"open","template":"","meta":{"_monsterinsights_skip_tracking":false,"_monsterinsights_sitenote_active":false,"_monsterinsights_sitenote_note":"","_monsterinsights_sitenote_category":0,"footnotes":""},"class_list":["post-19447","page","type-page","status-publish","hentry"],"yoast_head":"<!-- This site is optimized with the Yoast SEO plugin v27.3 - https:\/\/yoast.com\/product\/yoast-seo-wordpress\/ -->\n<title>Surgilance - MediPurpose<\/title>\n<meta name=\"robots\" content=\"index, follow, max-snippet:-1, max-image-preview:large, max-video-preview:-1\" \/>\n<link rel=\"canonical\" href=\"https:\/\/medipurpose.com\/es\/surgilance-2\/\" \/>\n<meta property=\"og:locale\" content=\"es_ES\" \/>\n<meta property=\"og:type\" content=\"article\" \/>\n<meta property=\"og:title\" content=\"Surgilance - MediPurpose\" \/>\n<meta property=\"og:description\" content=\"[vc_row css_animation=\u00bb\u00bb row_type=\u00bbrow\u00bb use_row_as_full_screen_section=\u00bbno\u00bb type=\u00bbfull_width\u00bb angled_section=\u00bbno\u00bb text_align=\u00bbleft\u00bb background_image_as_pattern=\u00bbwithout_pattern\u00bb css=\u00bb.vc_custom_1494967889996{padding-top: 10px !important;padding-bottom: 10px !important;}\u00bb][vc_column width=\u00bb1\/3&#8243; offset=\u00bbvc_col-lg-4 vc_col-md-4 vc_col-xs-4&#8243;][vc_single_image image=\u00bb19456&#8243; img_size=\u00bbfull\u00bb alignment=\u00bbcenter\u00bb onclick=\u00bbcustom_link\u00bb qode_css_animation=\u00bb\u00bb link=\u00bb\/surgilance\/surgilance-classic\/\u00bb][\/vc_column][vc_column width=\u00bb1\/3&#8243; offset=\u00bbvc_col-lg-4 vc_col-md-4 vc_col-xs-4&#8243;][\/vc_column][vc_column width=\u00bb1\/3&#8243; offset=\u00bbvc_col-lg-4 vc_col-md-4 vc_col-xs-4&#8243;][vc_single_image image=\u00bb19454&#8243; img_size=\u00bbfull\u00bb alignment=\u00bbcenter\u00bb onclick=\u00bbcustom_link\u00bb qode_css_animation=\u00bb\u00bb link=\u00bb\/surgilance\/surgilance-lite\/\u00bb][\/vc_column][\/vc_row][vc_row css_animation=\u00bb\u00bb row_type=\u00bbrow\u00bb use_row_as_full_screen_section=\u00bbno\u00bb type=\u00bbfull_width\u00bb angled_section=\u00bbno\u00bb text_align=\u00bbleft\u00bb background_image_as_pattern=\u00bbwithout_pattern\u00bb background_color=\u00bb#eeeeee\u00bb...\" \/>\n<meta property=\"og:url\" content=\"https:\/\/medipurpose.com\/es\/surgilance-2\/\" \/>\n<meta property=\"og:site_name\" content=\"MediPurpose\" \/>\n<meta property=\"article:modified_time\" content=\"2022-05-19T05:55:22+00:00\" \/>\n<meta name=\"twitter:card\" content=\"summary_large_image\" \/>\n<meta name=\"twitter:label1\" content=\"Tiempo de lectura\" \/>\n\t<meta name=\"twitter:data1\" content=\"6 minutos\" \/>\n<script type=\"application\/ld+json\" class=\"yoast-schema-graph\">{\"@context\":\"https:\\\/\\\/schema.org\",\"@graph\":[{\"@type\":\"WebPage\",\"@id\":\"https:\\\/\\\/medipurpose.com\\\/es\\\/surgilance-2\\\/\",\"url\":\"https:\\\/\\\/medipurpose.com\\\/es\\\/surgilance-2\\\/\",\"name\":\"Surgilance - MediPurpose\",\"isPartOf\":{\"@id\":\"https:\\\/\\\/medipurpose.com\\\/es\\\/#website\"},\"datePublished\":\"2017-05-16T20:40:45+00:00\",\"dateModified\":\"2022-05-19T05:55:22+00:00\",\"breadcrumb\":{\"@id\":\"https:\\\/\\\/medipurpose.com\\\/es\\\/surgilance-2\\\/#breadcrumb\"},\"inLanguage\":\"es\",\"potentialAction\":[{\"@type\":\"ReadAction\",\"target\":[\"https:\\\/\\\/medipurpose.com\\\/es\\\/surgilance-2\\\/\"]}]},{\"@type\":\"BreadcrumbList\",\"@id\":\"https:\\\/\\\/medipurpose.com\\\/es\\\/surgilance-2\\\/#breadcrumb\",\"itemListElement\":[{\"@type\":\"ListItem\",\"position\":1,\"name\":\"Home\",\"item\":\"https:\\\/\\\/medipurpose.com\\\/es\\\/\"},{\"@type\":\"ListItem\",\"position\":2,\"name\":\"Surgilance\"}]},{\"@type\":\"WebSite\",\"@id\":\"https:\\\/\\\/medipurpose.com\\\/es\\\/#website\",\"url\":\"https:\\\/\\\/medipurpose.com\\\/es\\\/\",\"name\":\"MediPurpose\",\"description\":\"\",\"potentialAction\":[{\"@type\":\"SearchAction\",\"target\":{\"@type\":\"EntryPoint\",\"urlTemplate\":\"https:\\\/\\\/medipurpose.com\\\/es\\\/?s={search_term_string}\"},\"query-input\":{\"@type\":\"PropertyValueSpecification\",\"valueRequired\":true,\"valueName\":\"search_term_string\"}}],\"inLanguage\":\"es\"}]}<\/script>\n<!-- \/ Yoast SEO plugin. -->","yoast_head_json":{"title":"Surgilance - MediPurpose","robots":{"index":"index","follow":"follow","max-snippet":"max-snippet:-1","max-image-preview":"max-image-preview:large","max-video-preview":"max-video-preview:-1"},"canonical":"https:\/\/medipurpose.com\/es\/surgilance-2\/","og_locale":"es_ES","og_type":"article","og_title":"Surgilance - MediPurpose","og_description":"[vc_row css_animation=\u00bb\u00bb row_type=\u00bbrow\u00bb use_row_as_full_screen_section=\u00bbno\u00bb type=\u00bbfull_width\u00bb angled_section=\u00bbno\u00bb text_align=\u00bbleft\u00bb background_image_as_pattern=\u00bbwithout_pattern\u00bb css=\u00bb.vc_custom_1494967889996{padding-top: 10px !important;padding-bottom: 10px !important;}\u00bb][vc_column width=\u00bb1\/3&#8243; offset=\u00bbvc_col-lg-4 vc_col-md-4 vc_col-xs-4&#8243;][vc_single_image image=\u00bb19456&#8243; img_size=\u00bbfull\u00bb alignment=\u00bbcenter\u00bb onclick=\u00bbcustom_link\u00bb qode_css_animation=\u00bb\u00bb link=\u00bb\/surgilance\/surgilance-classic\/\u00bb][\/vc_column][vc_column width=\u00bb1\/3&#8243; offset=\u00bbvc_col-lg-4 vc_col-md-4 vc_col-xs-4&#8243;][\/vc_column][vc_column width=\u00bb1\/3&#8243; offset=\u00bbvc_col-lg-4 vc_col-md-4 vc_col-xs-4&#8243;][vc_single_image image=\u00bb19454&#8243; img_size=\u00bbfull\u00bb alignment=\u00bbcenter\u00bb onclick=\u00bbcustom_link\u00bb qode_css_animation=\u00bb\u00bb link=\u00bb\/surgilance\/surgilance-lite\/\u00bb][\/vc_column][\/vc_row][vc_row css_animation=\u00bb\u00bb row_type=\u00bbrow\u00bb use_row_as_full_screen_section=\u00bbno\u00bb type=\u00bbfull_width\u00bb angled_section=\u00bbno\u00bb text_align=\u00bbleft\u00bb background_image_as_pattern=\u00bbwithout_pattern\u00bb background_color=\u00bb#eeeeee\u00bb...","og_url":"https:\/\/medipurpose.com\/es\/surgilance-2\/","og_site_name":"MediPurpose","article_modified_time":"2022-05-19T05:55:22+00:00","twitter_card":"summary_large_image","twitter_misc":{"Tiempo de lectura":"6 minutos"},"schema":{"@context":"https:\/\/schema.org","@graph":[{"@type":"WebPage","@id":"https:\/\/medipurpose.com\/es\/surgilance-2\/","url":"https:\/\/medipurpose.com\/es\/surgilance-2\/","name":"Surgilance - MediPurpose","isPartOf":{"@id":"https:\/\/medipurpose.com\/es\/#website"},"datePublished":"2017-05-16T20:40:45+00:00","dateModified":"2022-05-19T05:55:22+00:00","breadcrumb":{"@id":"https:\/\/medipurpose.com\/es\/surgilance-2\/#breadcrumb"},"inLanguage":"es","potentialAction":[{"@type":"ReadAction","target":["https:\/\/medipurpose.com\/es\/surgilance-2\/"]}]},{"@type":"BreadcrumbList","@id":"https:\/\/medipurpose.com\/es\/surgilance-2\/#breadcrumb","itemListElement":[{"@type":"ListItem","position":1,"name":"Home","item":"https:\/\/medipurpose.com\/es\/"},{"@type":"ListItem","position":2,"name":"Surgilance"}]},{"@type":"WebSite","@id":"https:\/\/medipurpose.com\/es\/#website","url":"https:\/\/medipurpose.com\/es\/","name":"MediPurpose","description":"","potentialAction":[{"@type":"SearchAction","target":{"@type":"EntryPoint","urlTemplate":"https:\/\/medipurpose.com\/es\/?s={search_term_string}"},"query-input":{"@type":"PropertyValueSpecification","valueRequired":true,"valueName":"search_term_string"}}],"inLanguage":"es"}]}},"_links":{"self":[{"href":"https:\/\/medipurpose.com\/es\/wp-json\/wp\/v2\/pages\/19447","targetHints":{"allow":["GET"]}}],"collection":[{"href":"https:\/\/medipurpose.com\/es\/wp-json\/wp\/v2\/pages"}],"about":[{"href":"https:\/\/medipurpose.com\/es\/wp-json\/wp\/v2\/types\/page"}],"author":[{"embeddable":true,"href":"https:\/\/medipurpose.com\/es\/wp-json\/wp\/v2\/users\/3"}],"replies":[{"embeddable":true,"href":"https:\/\/medipurpose.com\/es\/wp-json\/wp\/v2\/comments?post=19447"}],"version-history":[{"count":5,"href":"https:\/\/medipurpose.com\/es\/wp-json\/wp\/v2\/pages\/19447\/revisions"}],"predecessor-version":[{"id":22154,"href":"https:\/\/medipurpose.com\/es\/wp-json\/wp\/v2\/pages\/19447\/revisions\/22154"}],"wp:attachment":[{"href":"https:\/\/medipurpose.com\/es\/wp-json\/wp\/v2\/media?parent=19447"}],"curies":[{"name":"wp","href":"https:\/\/api.w.org\/{rel}","templated":true}]}}