{"id":19388,"date":"2017-05-16T20:15:47","date_gmt":"2017-05-16T20:15:47","guid":{"rendered":"https:\/\/medipurpose.com\/servicios\/para-innovadores\/"},"modified":"2020-12-08T00:05:38","modified_gmt":"2020-12-08T00:05:38","slug":"para-innovadores","status":"publish","type":"page","link":"https:\/\/medipurpose.com\/es\/servicios\/para-innovadores\/","title":{"rendered":"Para Innovadores"},"content":{"rendered":"<div class=\"wpb-content-wrapper\"><p>[vc_row css_animation=\u00bb\u00bb row_type=\u00bbrow\u00bb use_row_as_full_screen_section=\u00bbno\u00bb type=\u00bbgrid\u00bb angled_section=\u00bbno\u00bb text_align=\u00bbleft\u00bb background_image_as_pattern=\u00bbwithout_pattern\u00bb background_color=\u00bb#ffffff\u00bb padding_top=\u00bb0&#8243; padding_bottom=\u00bb95&#8243; css=\u00bb.vc_custom_1498740228369{padding-top: 2px !important;padding-right: 2px !important;padding-bottom: 2px !important;padding-left: 2px !important;}\u00bb][vc_column width=\u00bb1\/2&#8243;][vc_column_text]La Divisi\u00f3n de Innovaci\u00f3n de Dispositivos M\u00e9dicos MediPurpose\u2122 colabora con los inventores e innovadores de dispositivos m\u00e9dicos para llevar nuevos productos desde el concepto hasta la comercializaci\u00f3n, reuniendo financiamiento, metodolog\u00eda probada de desarrollo y experiencia global para ayudar a asegurar el \u00e9xito.<\/p>\n<p>&nbsp;<\/p>\n<p>Llevar una nueva invenci\u00f3n m\u00e9dica desde el concepto hasta la comercializaci\u00f3n puede ser un proceso dif\u00edcil, que se vuelve pr\u00e1cticamente imposible sin la colaboraci\u00f3n y la asistencia de expertos calificados que han hecho el viaje con \u00e9xito en el pasado.<\/p>\n<p>&nbsp;<\/p>\n<p>MediPurpose cuenta con la financiaci\u00f3n, metodolog\u00eda probada y experiencia global para ayudar a innovadores e inventores a trav\u00e9s de todo el proceso:[\/vc_column_text][vc_separator type=\u00bbtransparent\u00bb up=\u00bb10&#8243; down=\u00bb10&#8243;][vc_column_text css=\u00bb.vc_custom_1494965872894{margin-left: 30px !important;}\u00bb]<\/p>\n<ul>\n<li>Concepci\u00f3n de la idea del dispositivo m\u00e9dico<\/li>\n<li>Revisi\u00f3n de productos y mercados<\/li>\n<li>Desarrollo de casos de negocio<\/li>\n<li>Dise\u00f1o de dispositivos m\u00e9dicos<\/li>\n<li>Pruebas y validaci\u00f3n de dispositivos<\/li>\n<li>Producci\u00f3n de dispositivos<\/li>\n<li>Lanzamiento al mercado<\/li>\n<li>Distribuci\u00f3n de dispositivos m\u00e9dicos<\/li>\n<li>Gesti\u00f3n del ciclo de vida del producto<\/li>\n<\/ul>\n<p>[\/vc_column_text][vc_separator type=\u00bbtransparent\u00bb up=\u00bb10&#8243; down=\u00bb10&#8243;][vc_column_text]Proporcionamos un enfoque flexible que permite a los inventores y peque\u00f1as empresas de dispositivos m\u00e9dicos elegir los servicios que necesitan, cuando los necesitan. Nuestro amplio conjunto de servicios de soporte puede facilitar cada etapa del desarrollo y comercializaci\u00f3n de dispositivos m\u00e9dicos, incluyendo:[\/vc_column_text][vc_separator type=\u00bbtransparent\u00bb up=\u00bb10&#8243; down=\u00bb10&#8243;][vc_column_text css=\u00bb.vc_custom_1494966082274{margin-left: 30px !important;}\u00bb]<\/p>\n<ul>\n<li>Consulta de Investigaci\u00f3n y Desarrollo de Productos<\/li>\n<li>Pruebas de materiales<\/li>\n<li>Dise\u00f1o de embalaje<\/li>\n<li>Control de calidad<\/li>\n<li>Realizaci\u00f3n de estudios de viabilidad<\/li>\n<\/ul>\n<p>[\/vc_column_text][vc_separator type=\u00bbtransparent\u00bb up=\u00bb20&#8243; down=\u00bb55&#8243;][\/vc_column][vc_column width=\u00bb1\/2&#8243;][vc_column_text]<\/p>\n<h3>Formulario de idea<\/h3>\n<p>[\/vc_column_text]\n<div class=\"wpcf7 no-js\" id=\"wpcf7-f20177-o1\" lang=\"es-ES\" dir=\"ltr\" data-wpcf7-id=\"20177\">\n<div class=\"screen-reader-response\"><p role=\"status\" aria-live=\"polite\" aria-atomic=\"true\"><\/p> <ul><\/ul><\/div>\n<form action=\"\/es\/wp-json\/wp\/v2\/pages\/19388#wpcf7-f20177-o1\" method=\"post\" class=\"wpcf7-form init default\" aria-label=\"Formulario de contacto\" novalidate=\"novalidate\" data-status=\"init\">\n<fieldset class=\"hidden-fields-container\"><input type=\"hidden\" name=\"_wpcf7\" value=\"20177\" \/><input type=\"hidden\" name=\"_wpcf7_version\" value=\"6.1.5\" \/><input type=\"hidden\" name=\"_wpcf7_locale\" value=\"es_ES\" \/><input type=\"hidden\" name=\"_wpcf7_unit_tag\" value=\"wpcf7-f20177-o1\" \/><input type=\"hidden\" name=\"_wpcf7_container_post\" value=\"0\" \/><input type=\"hidden\" name=\"_wpcf7_posted_data_hash\" value=\"\" \/>\n<\/fieldset>\n<p><label> Nombre (requerido)<br \/>\n<span class=\"wpcf7-form-control-wrap\" data-name=\"your-name\"><input size=\"40\" maxlength=\"400\" class=\"wpcf7-form-control wpcf7-text wpcf7-validates-as-required\" aria-required=\"true\" aria-invalid=\"false\" value=\"\" type=\"text\" name=\"your-name\" \/><\/span> <\/label>\n<\/p>\n<p><label> Correo electr\u00f3nico (requerido)<br \/>\n<span class=\"wpcf7-form-control-wrap\" data-name=\"your-email\"><input size=\"40\" maxlength=\"400\" class=\"wpcf7-form-control wpcf7-email wpcf7-validates-as-required wpcf7-text wpcf7-validates-as-email\" aria-required=\"true\" aria-invalid=\"false\" value=\"\" type=\"email\" name=\"your-email\" \/><\/span> <\/label>\n<\/p>\n<p><label> N\u00famero de tel\u00e9fono (requerido)<br \/>\n<span class=\"wpcf7-form-control-wrap\" data-name=\"Phone\"><input size=\"40\" maxlength=\"400\" class=\"wpcf7-form-control wpcf7-tel wpcf7-validates-as-required wpcf7-text wpcf7-validates-as-tel\" aria-required=\"true\" aria-invalid=\"false\" value=\"\" type=\"tel\" name=\"Phone\" \/><\/span> <\/label>\n<\/p>\n<p><label> Direcci\u00f3n<br \/>\n<span class=\"wpcf7-form-control-wrap\" data-name=\"your-address\"><textarea cols=\"40\" rows=\"3\" maxlength=\"2000\" class=\"wpcf7-form-control wpcf7-textarea\" aria-invalid=\"false\" name=\"your-address\"><\/textarea><\/span> <\/label>\n<\/p>\n<p><label> Por favor, h\u00e1blenos sobre su producto y sobre cualquier investigaci\u00f3n de mercado que haya realizado.<br \/>\n<span class=\"wpcf7-form-control-wrap\" data-name=\"YourIdea\"><textarea cols=\"40\" rows=\"10\" maxlength=\"2000\" class=\"wpcf7-form-control wpcf7-textarea wpcf7-validates-as-required\" aria-required=\"true\" aria-invalid=\"false\" name=\"YourIdea\"><\/textarea><\/span> <\/label>\n<\/p>\n<p><input class=\"wpcf7-form-control wpcf7-submit has-spinner\" type=\"submit\" value=\"Send\" \/>\n<\/p><p style=\"display: none !important;\" class=\"akismet-fields-container\" data-prefix=\"_wpcf7_ak_\"><label>&#916;<textarea name=\"_wpcf7_ak_hp_textarea\" cols=\"45\" rows=\"8\" maxlength=\"100\"><\/textarea><\/label><input type=\"hidden\" id=\"ak_js_1\" name=\"_wpcf7_ak_js\" value=\"145\"\/><script>document.getElementById( \"ak_js_1\" ).setAttribute( \"value\", ( new Date() ).getTime() );<\/script><\/p><div class=\"wpcf7-response-output\" aria-hidden=\"true\"><\/div>\n<\/form>\n<\/div>\n[\/vc_column][\/vc_row][vc_row css_animation=\u00bb\u00bb row_type=\u00bbrow\u00bb use_row_as_full_screen_section=\u00bbno\u00bb type=\u00bbfull_width\u00bb angled_section=\u00bbno\u00bb text_align=\u00bbleft\u00bb background_image_as_pattern=\u00bbwithout_pattern\u00bb][vc_column][vc_empty_space height=\u00bb20px\u00bb][\/vc_column][\/vc_row]<\/p>\n<\/div>","protected":false},"excerpt":{"rendered":"<p>[vc_row css_animation=\u00bb\u00bb row_type=\u00bbrow\u00bb use_row_as_full_screen_section=\u00bbno\u00bb type=\u00bbgrid\u00bb angled_section=\u00bbno\u00bb text_align=\u00bbleft\u00bb background_image_as_pattern=\u00bbwithout_pattern\u00bb background_color=\u00bb#ffffff\u00bb padding_top=\u00bb0&#8243; padding_bottom=\u00bb95&#8243; css=\u00bb.vc_custom_1498740228369{padding-top: 2px !important;padding-right: 2px !important;padding-bottom: 2px !important;padding-left: 2px !important;}\u00bb][vc_column width=\u00bb1\/2&#8243;][vc_column_text]La Divisi\u00f3n de Innovaci\u00f3n de Dispositivos M\u00e9dicos MediPurpose\u2122 colabora con los inventores e innovadores de dispositivos m\u00e9dicos para llevar nuevos productos desde el concepto hasta&#8230;<\/p>\n","protected":false},"author":3,"featured_media":0,"parent":19370,"menu_order":0,"comment_status":"open","ping_status":"open","template":"","meta":{"_monsterinsights_skip_tracking":false,"_monsterinsights_sitenote_active":false,"_monsterinsights_sitenote_note":"","_monsterinsights_sitenote_category":0,"footnotes":""},"class_list":["post-19388","page","type-page","status-publish","hentry"],"yoast_head":"<!-- This site is optimized with the Yoast SEO plugin v27.3 - https:\/\/yoast.com\/product\/yoast-seo-wordpress\/ -->\n<title>Para Innovadores - MediPurpose<\/title>\n<meta name=\"robots\" content=\"index, follow, max-snippet:-1, max-image-preview:large, max-video-preview:-1\" \/>\n<link rel=\"canonical\" href=\"https:\/\/medipurpose.com\/es\/servicios\/para-innovadores\/\" \/>\n<meta property=\"og:locale\" content=\"es_ES\" \/>\n<meta property=\"og:type\" content=\"article\" \/>\n<meta property=\"og:title\" content=\"Para Innovadores - MediPurpose\" \/>\n<meta property=\"og:description\" content=\"[vc_row css_animation=\u00bb\u00bb row_type=\u00bbrow\u00bb use_row_as_full_screen_section=\u00bbno\u00bb type=\u00bbgrid\u00bb angled_section=\u00bbno\u00bb text_align=\u00bbleft\u00bb background_image_as_pattern=\u00bbwithout_pattern\u00bb background_color=\u00bb#ffffff\u00bb padding_top=\u00bb0&#8243; padding_bottom=\u00bb95&#8243; css=\u00bb.vc_custom_1498740228369{padding-top: 2px !important;padding-right: 2px !important;padding-bottom: 2px !important;padding-left: 2px !important;}\u00bb][vc_column width=\u00bb1\/2&#8243;][vc_column_text]La Divisi\u00f3n de Innovaci\u00f3n de Dispositivos M\u00e9dicos MediPurpose\u2122 colabora con los inventores e innovadores de dispositivos m\u00e9dicos para llevar nuevos productos desde el concepto hasta...\" \/>\n<meta property=\"og:url\" content=\"https:\/\/medipurpose.com\/es\/servicios\/para-innovadores\/\" \/>\n<meta property=\"og:site_name\" content=\"MediPurpose\" \/>\n<meta property=\"article:modified_time\" content=\"2020-12-08T00:05:38+00:00\" \/>\n<meta name=\"twitter:card\" content=\"summary_large_image\" \/>\n<meta name=\"twitter:label1\" content=\"Tiempo de lectura\" \/>\n\t<meta name=\"twitter:data1\" content=\"2 minutos\" \/>\n<script type=\"application\/ld+json\" class=\"yoast-schema-graph\">{\"@context\":\"https:\\\/\\\/schema.org\",\"@graph\":[{\"@type\":\"WebPage\",\"@id\":\"https:\\\/\\\/medipurpose.com\\\/es\\\/servicios\\\/para-innovadores\\\/\",\"url\":\"https:\\\/\\\/medipurpose.com\\\/es\\\/servicios\\\/para-innovadores\\\/\",\"name\":\"Para Innovadores - MediPurpose\",\"isPartOf\":{\"@id\":\"https:\\\/\\\/medipurpose.com\\\/es\\\/#website\"},\"datePublished\":\"2017-05-16T20:15:47+00:00\",\"dateModified\":\"2020-12-08T00:05:38+00:00\",\"breadcrumb\":{\"@id\":\"https:\\\/\\\/medipurpose.com\\\/es\\\/servicios\\\/para-innovadores\\\/#breadcrumb\"},\"inLanguage\":\"es\",\"potentialAction\":[{\"@type\":\"ReadAction\",\"target\":[\"https:\\\/\\\/medipurpose.com\\\/es\\\/servicios\\\/para-innovadores\\\/\"]}]},{\"@type\":\"BreadcrumbList\",\"@id\":\"https:\\\/\\\/medipurpose.com\\\/es\\\/servicios\\\/para-innovadores\\\/#breadcrumb\",\"itemListElement\":[{\"@type\":\"ListItem\",\"position\":1,\"name\":\"Home\",\"item\":\"https:\\\/\\\/medipurpose.com\\\/es\\\/\"},{\"@type\":\"ListItem\",\"position\":2,\"name\":\"Servicios\",\"item\":\"https:\\\/\\\/medipurpose.com\\\/es\\\/servicios\\\/\"},{\"@type\":\"ListItem\",\"position\":3,\"name\":\"Para Innovadores\"}]},{\"@type\":\"WebSite\",\"@id\":\"https:\\\/\\\/medipurpose.com\\\/es\\\/#website\",\"url\":\"https:\\\/\\\/medipurpose.com\\\/es\\\/\",\"name\":\"MediPurpose\",\"description\":\"\",\"potentialAction\":[{\"@type\":\"SearchAction\",\"target\":{\"@type\":\"EntryPoint\",\"urlTemplate\":\"https:\\\/\\\/medipurpose.com\\\/es\\\/?s={search_term_string}\"},\"query-input\":{\"@type\":\"PropertyValueSpecification\",\"valueRequired\":true,\"valueName\":\"search_term_string\"}}],\"inLanguage\":\"es\"}]}<\/script>\n<!-- \/ Yoast SEO plugin. -->","yoast_head_json":{"title":"Para Innovadores - MediPurpose","robots":{"index":"index","follow":"follow","max-snippet":"max-snippet:-1","max-image-preview":"max-image-preview:large","max-video-preview":"max-video-preview:-1"},"canonical":"https:\/\/medipurpose.com\/es\/servicios\/para-innovadores\/","og_locale":"es_ES","og_type":"article","og_title":"Para Innovadores - MediPurpose","og_description":"[vc_row css_animation=\u00bb\u00bb row_type=\u00bbrow\u00bb use_row_as_full_screen_section=\u00bbno\u00bb type=\u00bbgrid\u00bb angled_section=\u00bbno\u00bb text_align=\u00bbleft\u00bb background_image_as_pattern=\u00bbwithout_pattern\u00bb background_color=\u00bb#ffffff\u00bb padding_top=\u00bb0&#8243; padding_bottom=\u00bb95&#8243; css=\u00bb.vc_custom_1498740228369{padding-top: 2px !important;padding-right: 2px !important;padding-bottom: 2px !important;padding-left: 2px !important;}\u00bb][vc_column width=\u00bb1\/2&#8243;][vc_column_text]La Divisi\u00f3n de Innovaci\u00f3n de Dispositivos M\u00e9dicos MediPurpose\u2122 colabora con los inventores e innovadores de dispositivos m\u00e9dicos para llevar nuevos productos desde el concepto hasta...","og_url":"https:\/\/medipurpose.com\/es\/servicios\/para-innovadores\/","og_site_name":"MediPurpose","article_modified_time":"2020-12-08T00:05:38+00:00","twitter_card":"summary_large_image","twitter_misc":{"Tiempo de lectura":"2 minutos"},"schema":{"@context":"https:\/\/schema.org","@graph":[{"@type":"WebPage","@id":"https:\/\/medipurpose.com\/es\/servicios\/para-innovadores\/","url":"https:\/\/medipurpose.com\/es\/servicios\/para-innovadores\/","name":"Para Innovadores - MediPurpose","isPartOf":{"@id":"https:\/\/medipurpose.com\/es\/#website"},"datePublished":"2017-05-16T20:15:47+00:00","dateModified":"2020-12-08T00:05:38+00:00","breadcrumb":{"@id":"https:\/\/medipurpose.com\/es\/servicios\/para-innovadores\/#breadcrumb"},"inLanguage":"es","potentialAction":[{"@type":"ReadAction","target":["https:\/\/medipurpose.com\/es\/servicios\/para-innovadores\/"]}]},{"@type":"BreadcrumbList","@id":"https:\/\/medipurpose.com\/es\/servicios\/para-innovadores\/#breadcrumb","itemListElement":[{"@type":"ListItem","position":1,"name":"Home","item":"https:\/\/medipurpose.com\/es\/"},{"@type":"ListItem","position":2,"name":"Servicios","item":"https:\/\/medipurpose.com\/es\/servicios\/"},{"@type":"ListItem","position":3,"name":"Para Innovadores"}]},{"@type":"WebSite","@id":"https:\/\/medipurpose.com\/es\/#website","url":"https:\/\/medipurpose.com\/es\/","name":"MediPurpose","description":"","potentialAction":[{"@type":"SearchAction","target":{"@type":"EntryPoint","urlTemplate":"https:\/\/medipurpose.com\/es\/?s={search_term_string}"},"query-input":{"@type":"PropertyValueSpecification","valueRequired":true,"valueName":"search_term_string"}}],"inLanguage":"es"}]}},"_links":{"self":[{"href":"https:\/\/medipurpose.com\/es\/wp-json\/wp\/v2\/pages\/19388","targetHints":{"allow":["GET"]}}],"collection":[{"href":"https:\/\/medipurpose.com\/es\/wp-json\/wp\/v2\/pages"}],"about":[{"href":"https:\/\/medipurpose.com\/es\/wp-json\/wp\/v2\/types\/page"}],"author":[{"embeddable":true,"href":"https:\/\/medipurpose.com\/es\/wp-json\/wp\/v2\/users\/3"}],"replies":[{"embeddable":true,"href":"https:\/\/medipurpose.com\/es\/wp-json\/wp\/v2\/comments?post=19388"}],"version-history":[{"count":5,"href":"https:\/\/medipurpose.com\/es\/wp-json\/wp\/v2\/pages\/19388\/revisions"}],"predecessor-version":[{"id":20411,"href":"https:\/\/medipurpose.com\/es\/wp-json\/wp\/v2\/pages\/19388\/revisions\/20411"}],"up":[{"embeddable":true,"href":"https:\/\/medipurpose.com\/es\/wp-json\/wp\/v2\/pages\/19370"}],"wp:attachment":[{"href":"https:\/\/medipurpose.com\/es\/wp-json\/wp\/v2\/media?parent=19388"}],"curies":[{"name":"wp","href":"https:\/\/api.w.org\/{rel}","templated":true}]}}