{"id":19361,"date":"2013-10-17T12:36:34","date_gmt":"2013-10-17T12:36:34","guid":{"rendered":"https:\/\/medipurpose.com\/blog-2\/"},"modified":"2022-05-15T05:57:55","modified_gmt":"2022-05-15T05:57:55","slug":"blog-2","status":"publish","type":"page","link":"https:\/\/medipurpose.com\/es\/blog-2\/","title":{"rendered":"Blog"},"content":{"rendered":"<div class=\"wpb-content-wrapper\"><p>[vc_row css_animation=\u00bb\u00bb row_type=\u00bbrow\u00bb use_row_as_full_screen_section=\u00bbno\u00bb type=\u00bbfull_width\u00bb angled_section=\u00bbno\u00bb text_align=\u00bbleft\u00bb background_image_as_pattern=\u00bbwithout_pattern\u00bb][vc_column]\n<div class='latest_post_holder minimal  ' >\n    <ul>\n    \n        <li class=\"clearfix\">\n            <div class=\"latest_post\"  >\n                <div class=\"latest_post_text\">\n                    <div class=\"latest_post_inner\">\n                        <div class=\"latest_post_text_inner\">\n                            <span class=\"post_infos\">\n                                                                    <span class=\"date_hour_holder\">\n                                        <span itemprop=\"dateCreated\" class=\"date entry_date updated\">04 noviembre, 2020 <meta itemprop=\"interactionCount\" content=\"UserComments: 0\"\/><\/span>\n                                    <\/span>\n                                \n                                \n                                \n                                \n                                                            <\/span>\n                            <h2 itemprop=\"name\" class=\"latest_post_title entry_title\"><a itemprop=\"url\" href=\"https:\/\/medipurpose.com\/es\/tiene-consejos-para-los-inventores-de-dispositivos-medicos-que-navegan-en-el-mercado-de-la-salud-de-ee-uu\/\">\u00bfTiene consejos para los inventores de dispositivos m\u00e9dicos que navegan en el mercado de la salud de EE.UU.?<\/a><\/h2>\n                        <\/div>\n                    <\/div>\n                <\/div>\n            <\/div>\n        <\/li>\n    \n        <li class=\"clearfix\">\n            <div class=\"latest_post\"  >\n                <div class=\"latest_post_text\">\n                    <div class=\"latest_post_inner\">\n                        <div class=\"latest_post_text_inner\">\n                            <span class=\"post_infos\">\n                                                                    <span class=\"date_hour_holder\">\n                                        <span itemprop=\"dateCreated\" class=\"date entry_date updated\">27 octubre, 2020 <meta itemprop=\"interactionCount\" content=\"UserComments: 0\"\/><\/span>\n                                    <\/span>\n                                \n                                \n                                \n                                \n                                                            <\/span>\n                            <h2 itemprop=\"name\" class=\"latest_post_title entry_title\"><a itemprop=\"url\" href=\"https:\/\/medipurpose.com\/es\/practicas-recomendadas-como-obtener-productos-medicos-oem\/\">Pr\u00e1cticas recomendadas: C\u00f3mo obtener productos m\u00e9dicos OEM<\/a><\/h2>\n                        <\/div>\n                    <\/div>\n                <\/div>\n            <\/div>\n        <\/li>\n    \n        <li class=\"clearfix\">\n            <div class=\"latest_post\"  >\n                <div class=\"latest_post_text\">\n                    <div class=\"latest_post_inner\">\n                        <div class=\"latest_post_text_inner\">\n                            <span class=\"post_infos\">\n                                                                    <span class=\"date_hour_holder\">\n                                        <span itemprop=\"dateCreated\" class=\"date entry_date updated\">27 octubre, 2020 <meta itemprop=\"interactionCount\" content=\"UserComments: 0\"\/><\/span>\n                                    <\/span>\n                                \n                                \n                                \n                                \n                                                            <\/span>\n                            <h2 itemprop=\"name\" class=\"latest_post_title entry_title\"><a itemprop=\"url\" href=\"https:\/\/medipurpose.com\/es\/como-estas-perspectiva-de-un-emprendedor-de-dispositivos-medicos\/\">\u00bfC\u00f3mo lo haces? Perspectiva de un emprendedor de dispositivos m\u00e9dicos<\/a><\/h2>\n                        <\/div>\n                    <\/div>\n                <\/div>\n            <\/div>\n        <\/li>\n    \n        <li class=\"clearfix\">\n            <div class=\"latest_post\"  >\n                <div class=\"latest_post_text\">\n                    <div class=\"latest_post_inner\">\n                        <div class=\"latest_post_text_inner\">\n                            <span class=\"post_infos\">\n                                                                    <span class=\"date_hour_holder\">\n                                        <span itemprop=\"dateCreated\" class=\"date entry_date updated\">27 octubre, 2020 <meta itemprop=\"interactionCount\" content=\"UserComments: 0\"\/><\/span>\n                                    <\/span>\n                                \n                                \n                                \n                                \n                                                            <\/span>\n                            <h2 itemprop=\"name\" class=\"latest_post_title entry_title\"><a itemprop=\"url\" href=\"https:\/\/medipurpose.com\/es\/sin-esfuerzo-no-hay-recompensa-no-cuando-se-trata-de-palos-de-dedo\/\">\u00bfSin esfuerzo no hay recompensa? No cuando se trata de punci\u00f3n de dedo<\/a><\/h2>\n                        <\/div>\n                    <\/div>\n                <\/div>\n            <\/div>\n        <\/li>\n    \n        <li class=\"clearfix\">\n            <div class=\"latest_post\"  >\n                <div class=\"latest_post_text\">\n                    <div class=\"latest_post_inner\">\n                        <div class=\"latest_post_text_inner\">\n                            <span class=\"post_infos\">\n                                                                    <span class=\"date_hour_holder\">\n                                        <span itemprop=\"dateCreated\" class=\"date entry_date updated\">27 octubre, 2020 <meta itemprop=\"interactionCount\" content=\"UserComments: 0\"\/><\/span>\n                                    <\/span>\n                                \n                                \n                                \n                                \n                                                            <\/span>\n                            <h2 itemprop=\"name\" class=\"latest_post_title entry_title\"><a itemprop=\"url\" href=\"https:\/\/medipurpose.com\/es\/uno-en-un-millon-surgilance-safety-lancet-quality\/\">Uno en un mill\u00f3n: La Calidad de las Lancetas de Seguridad SurgiLance\u2122<\/a><\/h2>\n                        <\/div>\n                    <\/div>\n                <\/div>\n            <\/div>\n        <\/li>\n    \n        <li class=\"clearfix\">\n            <div class=\"latest_post\"  >\n                <div class=\"latest_post_text\">\n                    <div class=\"latest_post_inner\">\n                        <div class=\"latest_post_text_inner\">\n                            <span class=\"post_infos\">\n                                                                    <span class=\"date_hour_holder\">\n                                        <span itemprop=\"dateCreated\" class=\"date entry_date updated\">27 octubre, 2020 <meta itemprop=\"interactionCount\" content=\"UserComments: 0\"\/><\/span>\n                                    <\/span>\n                                \n                                \n                                \n                                \n                                                            <\/span>\n                            <h2 itemprop=\"name\" class=\"latest_post_title entry_title\"><a itemprop=\"url\" href=\"https:\/\/medipurpose.com\/es\/charleston-sc-focus-group\/\">Charleston, SC Focus Group<\/a><\/h2>\n                        <\/div>\n                    <\/div>\n                <\/div>\n            <\/div>\n        <\/li>\n    \n        <li class=\"clearfix\">\n            <div class=\"latest_post\"  >\n                <div class=\"latest_post_text\">\n                    <div class=\"latest_post_inner\">\n                        <div class=\"latest_post_text_inner\">\n                            <span class=\"post_infos\">\n                                                                    <span class=\"date_hour_holder\">\n                                        <span itemprop=\"dateCreated\" class=\"date entry_date updated\">27 octubre, 2020 <meta itemprop=\"interactionCount\" content=\"UserComments: 0\"\/><\/span>\n                                    <\/span>\n                                \n                                \n                                \n                                \n                                                            <\/span>\n                            <h2 itemprop=\"name\" class=\"latest_post_title entry_title\"><a itemprop=\"url\" href=\"https:\/\/medipurpose.com\/es\/los-primeros-10-anos-despues-de-la-puesta-en-marcha-del-producto-medico-el-mas-dificil\/\">Los primeros 10 a\u00f1os despu\u00e9s de la puesta en marcha del producto m\u00e9dico: \u00bfel m\u00e1s dif\u00edcil?<\/a><\/h2>\n                        <\/div>\n                    <\/div>\n                <\/div>\n            <\/div>\n        <\/li>\n    \n        <li class=\"clearfix\">\n            <div class=\"latest_post\"  >\n                <div class=\"latest_post_text\">\n                    <div class=\"latest_post_inner\">\n                        <div class=\"latest_post_text_inner\">\n                            <span class=\"post_infos\">\n                                                                    <span class=\"date_hour_holder\">\n                                        <span itemprop=\"dateCreated\" class=\"date entry_date updated\">27 octubre, 2020 <meta itemprop=\"interactionCount\" content=\"UserComments: 0\"\/><\/span>\n                                    <\/span>\n                                \n                                \n                                \n                                \n                                                            <\/span>\n                            <h2 itemprop=\"name\" class=\"latest_post_title entry_title\"><a itemprop=\"url\" href=\"https:\/\/medipurpose.com\/es\/disenar-mejores-dispositivos-medicos-con-la-colaboracion-del-usuario-final\/\">Dise\u00f1ar Mejores Dispositivos M\u00e9dicos con la Colaboraci\u00f3n del Usuario Final<\/a><\/h2>\n                        <\/div>\n                    <\/div>\n                <\/div>\n            <\/div>\n        <\/li>\n    \n        <li class=\"clearfix\">\n            <div class=\"latest_post\"  >\n                <div class=\"latest_post_text\">\n                    <div class=\"latest_post_inner\">\n                        <div class=\"latest_post_text_inner\">\n                            <span class=\"post_infos\">\n                                                                    <span class=\"date_hour_holder\">\n                                        <span itemprop=\"dateCreated\" class=\"date entry_date updated\">30 septiembre, 2020 <meta itemprop=\"interactionCount\" content=\"UserComments: 0\"\/><\/span>\n                                    <\/span>\n                                \n                                \n                                \n                                \n                                                            <\/span>\n                            <h2 itemprop=\"name\" class=\"latest_post_title entry_title\"><a itemprop=\"url\" href=\"https:\/\/medipurpose.com\/es\/por-que-se-regulan-las-lancetas-de-seguridad-cuando-no-lo-estan-otras-lancetas\/\">\u00bfPor qu\u00e9 las lancetas de seguridad son reguladas y las lancetas regulares no?<\/a><\/h2>\n                        <\/div>\n                    <\/div>\n                <\/div>\n            <\/div>\n        <\/li>\n    \n        <li class=\"clearfix\">\n            <div class=\"latest_post\"  >\n                <div class=\"latest_post_text\">\n                    <div class=\"latest_post_inner\">\n                        <div class=\"latest_post_text_inner\">\n                            <span class=\"post_infos\">\n                                                                    <span class=\"date_hour_holder\">\n                                        <span itemprop=\"dateCreated\" class=\"date entry_date updated\">16 septiembre, 2020 <meta itemprop=\"interactionCount\" content=\"UserComments: 0\"\/><\/span>\n                                    <\/span>\n                                \n                                \n                                \n                                \n                                                            <\/span>\n                            <h2 itemprop=\"name\" class=\"latest_post_title entry_title\"><a itemprop=\"url\" href=\"https:\/\/medipurpose.com\/es\/covid-19-test-kit-packer-demand-grows-for-safety-lancets-2\/\">Covid-19 Test Kit Packer Demand Grows for Safety Lancets<\/a><\/h2>\n                        <\/div>\n                    <\/div>\n                <\/div>\n            <\/div>\n        <\/li>\n    \n        <li class=\"clearfix\">\n            <div class=\"latest_post\"  >\n                <div class=\"latest_post_text\">\n                    <div class=\"latest_post_inner\">\n                        <div class=\"latest_post_text_inner\">\n                            <span class=\"post_infos\">\n                                                                    <span class=\"date_hour_holder\">\n                                        <span itemprop=\"dateCreated\" class=\"date entry_date updated\">29 junio, 2013 <meta itemprop=\"interactionCount\" content=\"UserComments: 0\"\/><\/span>\n                                    <\/span>\n                                \n                                \n                                \n                                \n                                                            <\/span>\n                            <h2 itemprop=\"name\" class=\"latest_post_title entry_title\"><a itemprop=\"url\" href=\"https:\/\/medipurpose.com\/es\/la-virtuosidad-de-la-oficina-virtual-de-una-empresa-de-productos-medicos\/\">La virtuosidad de la oficina virtual de una empresa de productos m\u00e9dicos<\/a><\/h2>\n                        <\/div>\n                    <\/div>\n                <\/div>\n            <\/div>\n        <\/li>\n        <\/ul>\n<\/div>[\/vc_column][\/vc_row][vc_row css_animation=\u00bb\u00bb row_type=\u00bbrow\u00bb use_row_as_full_screen_section=\u00bbno\u00bb type=\u00bbfull_width\u00bb angled_section=\u00bbno\u00bb text_align=\u00bbleft\u00bb background_image_as_pattern=\u00bbwithout_pattern\u00bb][vc_column][vc_empty_space height=\u00bb20px\u00bb][\/vc_column][\/vc_row]<\/p>\n<\/div>","protected":false},"excerpt":{"rendered":"<p>[vc_row css_animation=\u00bb\u00bb row_type=\u00bbrow\u00bb use_row_as_full_screen_section=\u00bbno\u00bb type=\u00bbfull_width\u00bb angled_section=\u00bbno\u00bb text_align=\u00bbleft\u00bb background_image_as_pattern=\u00bbwithout_pattern\u00bb][vc_column][\/vc_column][\/vc_row][vc_row css_animation=\u00bb\u00bb row_type=\u00bbrow\u00bb use_row_as_full_screen_section=\u00bbno\u00bb type=\u00bbfull_width\u00bb angled_section=\u00bbno\u00bb text_align=\u00bbleft\u00bb background_image_as_pattern=\u00bbwithout_pattern\u00bb][vc_column][vc_empty_space height=\u00bb20px\u00bb][\/vc_column][\/vc_row]<\/p>\n","protected":false},"author":3,"featured_media":0,"parent":0,"menu_order":0,"comment_status":"open","ping_status":"open","template":"","meta":{"_monsterinsights_skip_tracking":false,"_monsterinsights_sitenote_active":false,"_monsterinsights_sitenote_note":"","_monsterinsights_sitenote_category":0,"footnotes":""},"class_list":["post-19361","page","type-page","status-publish","hentry"],"yoast_head":"<!-- This site is optimized with the Yoast SEO plugin v27.3 - https:\/\/yoast.com\/product\/yoast-seo-wordpress\/ -->\n<title>Blog - MediPurpose<\/title>\n<meta name=\"robots\" content=\"index, follow, max-snippet:-1, max-image-preview:large, max-video-preview:-1\" \/>\n<link rel=\"canonical\" href=\"https:\/\/medipurpose.com\/es\/blog-2\/\" \/>\n<meta property=\"og:locale\" content=\"es_ES\" \/>\n<meta property=\"og:type\" content=\"article\" \/>\n<meta property=\"og:title\" content=\"Blog - MediPurpose\" \/>\n<meta property=\"og:description\" content=\"[vc_row css_animation=\u00bb\u00bb row_type=\u00bbrow\u00bb use_row_as_full_screen_section=\u00bbno\u00bb type=\u00bbfull_width\u00bb angled_section=\u00bbno\u00bb text_align=\u00bbleft\u00bb background_image_as_pattern=\u00bbwithout_pattern\u00bb][vc_column][\/vc_column][\/vc_row][vc_row css_animation=\u00bb\u00bb row_type=\u00bbrow\u00bb use_row_as_full_screen_section=\u00bbno\u00bb type=\u00bbfull_width\u00bb angled_section=\u00bbno\u00bb text_align=\u00bbleft\u00bb background_image_as_pattern=\u00bbwithout_pattern\u00bb][vc_column][vc_empty_space height=\u00bb20px\u00bb][\/vc_column][\/vc_row]\" \/>\n<meta property=\"og:url\" content=\"https:\/\/medipurpose.com\/es\/blog-2\/\" \/>\n<meta property=\"og:site_name\" content=\"MediPurpose\" \/>\n<meta property=\"article:modified_time\" content=\"2022-05-15T05:57:55+00:00\" \/>\n<meta name=\"twitter:card\" content=\"summary_large_image\" \/>\n<meta name=\"twitter:label1\" content=\"Tiempo de lectura\" \/>\n\t<meta name=\"twitter:data1\" content=\"1 minuto\" \/>\n<script type=\"application\/ld+json\" class=\"yoast-schema-graph\">{\"@context\":\"https:\\\/\\\/schema.org\",\"@graph\":[{\"@type\":\"WebPage\",\"@id\":\"https:\\\/\\\/medipurpose.com\\\/es\\\/blog-2\\\/\",\"url\":\"https:\\\/\\\/medipurpose.com\\\/es\\\/blog-2\\\/\",\"name\":\"Blog - MediPurpose\",\"isPartOf\":{\"@id\":\"https:\\\/\\\/medipurpose.com\\\/es\\\/#website\"},\"datePublished\":\"2013-10-17T12:36:34+00:00\",\"dateModified\":\"2022-05-15T05:57:55+00:00\",\"breadcrumb\":{\"@id\":\"https:\\\/\\\/medipurpose.com\\\/es\\\/blog-2\\\/#breadcrumb\"},\"inLanguage\":\"es\",\"potentialAction\":[{\"@type\":\"ReadAction\",\"target\":[\"https:\\\/\\\/medipurpose.com\\\/es\\\/blog-2\\\/\"]}]},{\"@type\":\"BreadcrumbList\",\"@id\":\"https:\\\/\\\/medipurpose.com\\\/es\\\/blog-2\\\/#breadcrumb\",\"itemListElement\":[{\"@type\":\"ListItem\",\"position\":1,\"name\":\"Home\",\"item\":\"https:\\\/\\\/medipurpose.com\\\/es\\\/\"},{\"@type\":\"ListItem\",\"position\":2,\"name\":\"Blog\"}]},{\"@type\":\"WebSite\",\"@id\":\"https:\\\/\\\/medipurpose.com\\\/es\\\/#website\",\"url\":\"https:\\\/\\\/medipurpose.com\\\/es\\\/\",\"name\":\"MediPurpose\",\"description\":\"\",\"potentialAction\":[{\"@type\":\"SearchAction\",\"target\":{\"@type\":\"EntryPoint\",\"urlTemplate\":\"https:\\\/\\\/medipurpose.com\\\/es\\\/?s={search_term_string}\"},\"query-input\":{\"@type\":\"PropertyValueSpecification\",\"valueRequired\":true,\"valueName\":\"search_term_string\"}}],\"inLanguage\":\"es\"}]}<\/script>\n<!-- \/ Yoast SEO plugin. -->","yoast_head_json":{"title":"Blog - MediPurpose","robots":{"index":"index","follow":"follow","max-snippet":"max-snippet:-1","max-image-preview":"max-image-preview:large","max-video-preview":"max-video-preview:-1"},"canonical":"https:\/\/medipurpose.com\/es\/blog-2\/","og_locale":"es_ES","og_type":"article","og_title":"Blog - MediPurpose","og_description":"[vc_row css_animation=\u00bb\u00bb row_type=\u00bbrow\u00bb use_row_as_full_screen_section=\u00bbno\u00bb type=\u00bbfull_width\u00bb angled_section=\u00bbno\u00bb text_align=\u00bbleft\u00bb background_image_as_pattern=\u00bbwithout_pattern\u00bb][vc_column][\/vc_column][\/vc_row][vc_row css_animation=\u00bb\u00bb row_type=\u00bbrow\u00bb use_row_as_full_screen_section=\u00bbno\u00bb type=\u00bbfull_width\u00bb angled_section=\u00bbno\u00bb text_align=\u00bbleft\u00bb background_image_as_pattern=\u00bbwithout_pattern\u00bb][vc_column][vc_empty_space height=\u00bb20px\u00bb][\/vc_column][\/vc_row]","og_url":"https:\/\/medipurpose.com\/es\/blog-2\/","og_site_name":"MediPurpose","article_modified_time":"2022-05-15T05:57:55+00:00","twitter_card":"summary_large_image","twitter_misc":{"Tiempo de lectura":"1 minuto"},"schema":{"@context":"https:\/\/schema.org","@graph":[{"@type":"WebPage","@id":"https:\/\/medipurpose.com\/es\/blog-2\/","url":"https:\/\/medipurpose.com\/es\/blog-2\/","name":"Blog - MediPurpose","isPartOf":{"@id":"https:\/\/medipurpose.com\/es\/#website"},"datePublished":"2013-10-17T12:36:34+00:00","dateModified":"2022-05-15T05:57:55+00:00","breadcrumb":{"@id":"https:\/\/medipurpose.com\/es\/blog-2\/#breadcrumb"},"inLanguage":"es","potentialAction":[{"@type":"ReadAction","target":["https:\/\/medipurpose.com\/es\/blog-2\/"]}]},{"@type":"BreadcrumbList","@id":"https:\/\/medipurpose.com\/es\/blog-2\/#breadcrumb","itemListElement":[{"@type":"ListItem","position":1,"name":"Home","item":"https:\/\/medipurpose.com\/es\/"},{"@type":"ListItem","position":2,"name":"Blog"}]},{"@type":"WebSite","@id":"https:\/\/medipurpose.com\/es\/#website","url":"https:\/\/medipurpose.com\/es\/","name":"MediPurpose","description":"","potentialAction":[{"@type":"SearchAction","target":{"@type":"EntryPoint","urlTemplate":"https:\/\/medipurpose.com\/es\/?s={search_term_string}"},"query-input":{"@type":"PropertyValueSpecification","valueRequired":true,"valueName":"search_term_string"}}],"inLanguage":"es"}]}},"_links":{"self":[{"href":"https:\/\/medipurpose.com\/es\/wp-json\/wp\/v2\/pages\/19361","targetHints":{"allow":["GET"]}}],"collection":[{"href":"https:\/\/medipurpose.com\/es\/wp-json\/wp\/v2\/pages"}],"about":[{"href":"https:\/\/medipurpose.com\/es\/wp-json\/wp\/v2\/types\/page"}],"author":[{"embeddable":true,"href":"https:\/\/medipurpose.com\/es\/wp-json\/wp\/v2\/users\/3"}],"replies":[{"embeddable":true,"href":"https:\/\/medipurpose.com\/es\/wp-json\/wp\/v2\/comments?post=19361"}],"version-history":[{"count":3,"href":"https:\/\/medipurpose.com\/es\/wp-json\/wp\/v2\/pages\/19361\/revisions"}],"predecessor-version":[{"id":22053,"href":"https:\/\/medipurpose.com\/es\/wp-json\/wp\/v2\/pages\/19361\/revisions\/22053"}],"wp:attachment":[{"href":"https:\/\/medipurpose.com\/es\/wp-json\/wp\/v2\/media?parent=19361"}],"curies":[{"name":"wp","href":"https:\/\/api.w.org\/{rel}","templated":true}]}}