{"id":19349,"date":"2014-05-05T11:29:07","date_gmt":"2014-05-05T11:29:07","guid":{"rendered":"https:\/\/medipurpose.com\/sobre-nosotros\/"},"modified":"2020-10-30T01:56:14","modified_gmt":"2020-10-30T01:56:14","slug":"sobre-nosotros","status":"publish","type":"page","link":"https:\/\/medipurpose.com\/es\/sobre-nosotros\/","title":{"rendered":"Sobre nosotros"},"content":{"rendered":"<div class=\"wpb-content-wrapper\"><p>[vc_row css_animation=\u00bb\u00bb row_type=\u00bbrow\u00bb use_row_as_full_screen_section=\u00bbno\u00bb type=\u00bbgrid\u00bb anchor=\u00bbportfolio\u00bb angled_section=\u00bbno\u00bb text_align=\u00bbleft\u00bb background_image_as_pattern=\u00bbwithout_pattern\u00bb background_color=\u00bb#ffffff\u00bb border_color=\u00bb#eeeeee\u00bb padding_top=\u00bb82&#8243; padding_bottom=\u00bb0&#8243;][vc_column][vc_column_text]<\/p>\n<h2 style=\"text-align: center;\">Sobre MediPurpose<\/h2>\n<p>[\/vc_column_text][vc_separator type=\u00bbsmall\u00bb position=\u00bbcenter\u00bb color=\u00bb#818181&#8243; up=\u00bb20&#8243; down=\u00bb80&#8243;][vc_row_inner row_type=\u00bbrow\u00bb type=\u00bbfull_width\u00bb text_align=\u00bbleft\u00bb css_animation=\u00bb\u00bb][vc_column_inner][vc_column_text]<\/p>\n<h5>Sobre MediPurpose<\/h5>\n<p>[\/vc_column_text][vc_separator type=\u00bbtransparent\u00bb up=\u00bb12&#8243; down=\u00bb0&#8243;][vc_column_text]Nos especializamos en dispositivos m\u00e9dicos de seguridad para punci\u00f3n, y estamos orgullosos de nuestros productos banderas: la lanceta de seguridad <a title=\"\" href=\"http:\/\/medipurpose.com\/es\/surgilance-2\/\">SurgiLance\u2122<\/a> y la lanceta de seguridad para tal\u00f3n de beb\u00e9s <a title=\"\" href=\"http:\/\/medipurpose.com\/babylance\/\">babyLance\u2122<\/a> (adquirido por Clinical Innovations en julio del 2016). Tambi\u00e9n ofrecemos nuestra l\u00ednea de cuidado avanzado de heridas <a title=\"\" href=\"http:\/\/medipurpose.com\/es\/mediplus-2\/\">MediPlus\u2122<\/a> con una gama de productos de alta calidad y a precios totalmente asequibles. Nuestro producto m\u00e1s reciente es el bistur\u00ed de seguridad <a title=\"\" href=\"http:\/\/www.anzenscalpel.com\">Anzen\u2122<\/a> con un mango de metal reutilizable similar en peso y equilibrio a los bistur\u00eds de mango de metal tradicionales. Fue dise\u00f1ado utilizando la retroalimentaci\u00f3n de cirujanos y t\u00e9cnicos quir\u00fargicos para asegurar un dise\u00f1o intuitivo que es f\u00e1cil de usar y se siente familiar y c\u00f3modo.<\/p>\n<p>&nbsp;<\/p>\n<p>Nuestras divisiones de <a href=\"\/innovation\">Innovaci\u00f3n de Dispositivos M\u00e9dicos<\/a> y <a href=\"\/distribution\">Distribuci\u00f3n de Productos M\u00e9dicos<\/a> proporcionan consultor\u00eda en Investigaci\u00f3n y Desarrollo as\u00ed como en Comercializaci\u00f3n para nuevos inventores de dispositivos m\u00e9dicos y empresas innovadoras de productos m\u00e9dicos que buscan la entrada en nuevos mercados y que incluyen financiamiento de inversores, estudios de factibilidad, soporte de fabricaci\u00f3n y lanzamiento al mercado, entre otros servicios.[\/vc_column_text][vc_separator type=\u00bbtransparent\u00bb up=\u00bb50&#8243; down=\u00bb0&#8243;][\/vc_column_inner][\/vc_row_inner][\/vc_column][\/vc_row][vc_row css_animation=\u00bb\u00bb row_type=\u00bbrow\u00bb use_row_as_full_screen_section=\u00bbno\u00bb type=\u00bbgrid\u00bb anchor=\u00bbportfolio\u00bb angled_section=\u00bbno\u00bb text_align=\u00bbleft\u00bb background_image_as_pattern=\u00bbwithout_pattern\u00bb background_color=\u00bb#f8f8f8&#8243; border_color=\u00bb#eeeeee\u00bb padding_top=\u00bb75&#8243; padding_bottom=\u00bb0&#8243;][vc_column][vc_column_text]<\/p>\n<h2 style=\"text-align: center;\">NUESTRO EQUIPO<\/h2>\n<p>[\/vc_column_text][vc_separator type=\u00bbsmall\u00bb position=\u00bbcenter\u00bb color=\u00bb#818181&#8243; up=\u00bb20&#8243; down=\u00bb50&#8243;][vc_row_inner row_type=\u00bbrow\u00bb type=\u00bbfull_width\u00bb text_align=\u00bbleft\u00bb css_animation=\u00bb\u00bb el_class=\u00bbdownload-row\u00bb][vc_column_inner width=\u00bb1\/3&#8243;]<div class='q_team' style='background-color:#f8f8f8;'><div class='q_team_inner'><div class='q_team_image'><img itemprop='image' src='https:\/\/medipurpose.com\/wp-content\/uploads\/2017\/05\/patrick-yi-1.jpg' alt='patrick-yi' \/><\/div><div class='q_team_text' ><div class='q_team_text_inner'><div class='q_team_title_holder'><h3 class='q_team_name' style = ''>Patrick Yi<\/h3><span style = ''>Presidente y CEO<\/span><\/div><\/div><div class='q_team_social_holder'><\/div><\/div><\/div><\/div><a  itemprop=\"url\" href=\"\/sobre\/patrick-yi\" target=\"_self\"  class=\"qbutton  center default\" style=\"\">M\u00e1s Info<\/a>[vc_separator type=\u00bbtransparent\u00bb up=\u00bb36&#8243; down=\u00bb40&#8243;][\/vc_column_inner][vc_column_inner width=\u00bb1\/3&#8243;]<div class='q_team' style='background-color:#f8f8f8;'><div class='q_team_inner'><div class='q_team_image'><img itemprop='image' src='https:\/\/medipurpose.com\/wp-content\/uploads\/2017\/05\/cheryl-yi.jpg' alt='cheryl-yi' \/><\/div><div class='q_team_text' ><div class='q_team_text_inner'><div class='q_team_title_holder'><h3 class='q_team_name' style = ''>Cheryl Yi<\/h3><span style = ''>Gerente de Operaciones<\/span><\/div><\/div><div class='q_team_social_holder'><\/div><\/div><\/div><\/div><a  itemprop=\"url\" href=\"\/sobre\/cheryl-yi\" target=\"_self\"  class=\"qbutton  center default\" style=\"\">M\u00e1s Info<\/a>[vc_separator type=\u00bbtransparent\u00bb up=\u00bb36&#8243; down=\u00bb40&#8243;][\/vc_column_inner][vc_column_inner width=\u00bb1\/3&#8243;]<div class='q_team' style='background-color:#f8f8f8;'><div class='q_team_inner'><div class='q_team_image'><img itemprop='image' src='https:\/\/medipurpose.com\/wp-content\/uploads\/2017\/05\/cheryl-channell.jpg' alt='cheryl-channell' \/><\/div><div class='q_team_text' ><div class='q_team_text_inner'><div class='q_team_title_holder'><h3 class='q_team_name' style = ''>Cheryl Channell<\/h3><span style = ''>Administrador de Cuentas Clave<\/span><\/div><\/div><div class='q_team_social_holder'><\/div><\/div><\/div><\/div><a  itemprop=\"url\" href=\"\/sobre\/cheryl-channell\" target=\"_self\"  class=\"qbutton  center default\" style=\"\">M\u00e1s Info<\/a>[vc_separator type=\u00bbtransparent\u00bb up=\u00bb36&#8243; down=\u00bb40&#8243;][\/vc_column_inner][\/vc_row_inner][vc_row_inner row_type=\u00bbrow\u00bb type=\u00bbfull_width\u00bb text_align=\u00bbleft\u00bb css_animation=\u00bb\u00bb el_class=\u00bbdownload-row\u00bb][vc_column_inner width=\u00bb1\/3&#8243;]<div class='q_team' style='background-color:#f8f8f8;'><div class='q_team_inner'><div class='q_team_image'><img itemprop='image' src='https:\/\/medipurpose.com\/wp-content\/uploads\/2017\/05\/adeline-yi.jpg' alt='adeline-yi' \/><\/div><div class='q_team_text' ><div class='q_team_text_inner'><div class='q_team_title_holder'><h3 class='q_team_name' style = ''>Adeline Yi<\/h3><span style = ''>Gerente de Desarrollo de Nuevos Productos y QA\/RA<\/span><\/div><\/div><div class='q_team_social_holder'><\/div><\/div><\/div><\/div><a  itemprop=\"url\" href=\"\/sobre\/adeline-yi\" target=\"_self\"  class=\"qbutton  center default\" style=\"\">M\u00e1s Info<\/a>[vc_separator type=\u00bbtransparent\u00bb up=\u00bb36&#8243; down=\u00bb40&#8243;][\/vc_column_inner][vc_column_inner width=\u00bb1\/3&#8243;][vc_separator type=\u00bbtransparent\u00bb up=\u00bb36&#8243; down=\u00bb40&#8243;][\/vc_column_inner][\/vc_row_inner][\/vc_column][\/vc_row]<\/p>\n<\/div>","protected":false},"excerpt":{"rendered":"<p>[vc_row css_animation=\u00bb\u00bb row_type=\u00bbrow\u00bb use_row_as_full_screen_section=\u00bbno\u00bb type=\u00bbgrid\u00bb anchor=\u00bbportfolio\u00bb angled_section=\u00bbno\u00bb text_align=\u00bbleft\u00bb background_image_as_pattern=\u00bbwithout_pattern\u00bb background_color=\u00bb#ffffff\u00bb border_color=\u00bb#eeeeee\u00bb padding_top=\u00bb82&#8243; padding_bottom=\u00bb0&#8243;][vc_column][vc_column_text] Sobre MediPurpose [\/vc_column_text][vc_separator type=\u00bbsmall\u00bb position=\u00bbcenter\u00bb color=\u00bb#818181&#8243; up=\u00bb20&#8243; down=\u00bb80&#8243;][vc_row_inner row_type=\u00bbrow\u00bb type=\u00bbfull_width\u00bb text_align=\u00bbleft\u00bb css_animation=\u00bb\u00bb][vc_column_inner][vc_column_text] Sobre MediPurpose [\/vc_column_text][vc_separator type=\u00bbtransparent\u00bb up=\u00bb12&#8243; down=\u00bb0&#8243;][vc_column_text]Nos especializamos en dispositivos m\u00e9dicos de seguridad para punci\u00f3n, y estamos orgullosos de nuestros productos&#8230;<\/p>\n","protected":false},"author":3,"featured_media":0,"parent":0,"menu_order":0,"comment_status":"open","ping_status":"open","template":"full_width.php","meta":{"_monsterinsights_skip_tracking":false,"_monsterinsights_sitenote_active":false,"_monsterinsights_sitenote_note":"","_monsterinsights_sitenote_category":0,"footnotes":""},"class_list":["post-19349","page","type-page","status-publish","hentry"],"yoast_head":"<!-- This site is optimized with the Yoast SEO plugin v27.3 - https:\/\/yoast.com\/product\/yoast-seo-wordpress\/ -->\n<title>Sobre nosotros - MediPurpose<\/title>\n<meta name=\"robots\" content=\"index, follow, max-snippet:-1, max-image-preview:large, max-video-preview:-1\" \/>\n<link rel=\"canonical\" href=\"https:\/\/medipurpose.com\/es\/sobre-nosotros\/\" \/>\n<meta property=\"og:locale\" content=\"es_ES\" \/>\n<meta property=\"og:type\" content=\"article\" \/>\n<meta property=\"og:title\" content=\"Sobre nosotros - MediPurpose\" \/>\n<meta property=\"og:description\" content=\"[vc_row css_animation=\u00bb\u00bb row_type=\u00bbrow\u00bb use_row_as_full_screen_section=\u00bbno\u00bb type=\u00bbgrid\u00bb anchor=\u00bbportfolio\u00bb angled_section=\u00bbno\u00bb text_align=\u00bbleft\u00bb background_image_as_pattern=\u00bbwithout_pattern\u00bb background_color=\u00bb#ffffff\u00bb border_color=\u00bb#eeeeee\u00bb padding_top=\u00bb82&#8243; padding_bottom=\u00bb0&#8243;][vc_column][vc_column_text] Sobre MediPurpose [\/vc_column_text][vc_separator type=\u00bbsmall\u00bb position=\u00bbcenter\u00bb color=\u00bb#818181&#8243; up=\u00bb20&#8243; down=\u00bb80&#8243;][vc_row_inner row_type=\u00bbrow\u00bb type=\u00bbfull_width\u00bb text_align=\u00bbleft\u00bb css_animation=\u00bb\u00bb][vc_column_inner][vc_column_text] Sobre MediPurpose [\/vc_column_text][vc_separator type=\u00bbtransparent\u00bb up=\u00bb12&#8243; down=\u00bb0&#8243;][vc_column_text]Nos especializamos en dispositivos m\u00e9dicos de seguridad para punci\u00f3n, y estamos orgullosos de nuestros productos...\" \/>\n<meta property=\"og:url\" content=\"https:\/\/medipurpose.com\/es\/sobre-nosotros\/\" \/>\n<meta property=\"og:site_name\" content=\"MediPurpose\" \/>\n<meta property=\"article:modified_time\" content=\"2020-10-30T01:56:14+00:00\" \/>\n<meta name=\"twitter:card\" content=\"summary_large_image\" \/>\n<meta name=\"twitter:label1\" content=\"Tiempo de lectura\" \/>\n\t<meta name=\"twitter:data1\" content=\"3 minutos\" \/>\n<script type=\"application\/ld+json\" class=\"yoast-schema-graph\">{\"@context\":\"https:\\\/\\\/schema.org\",\"@graph\":[{\"@type\":\"WebPage\",\"@id\":\"https:\\\/\\\/medipurpose.com\\\/es\\\/sobre-nosotros\\\/\",\"url\":\"https:\\\/\\\/medipurpose.com\\\/es\\\/sobre-nosotros\\\/\",\"name\":\"Sobre nosotros - MediPurpose\",\"isPartOf\":{\"@id\":\"https:\\\/\\\/medipurpose.com\\\/es\\\/#website\"},\"datePublished\":\"2014-05-05T11:29:07+00:00\",\"dateModified\":\"2020-10-30T01:56:14+00:00\",\"breadcrumb\":{\"@id\":\"https:\\\/\\\/medipurpose.com\\\/es\\\/sobre-nosotros\\\/#breadcrumb\"},\"inLanguage\":\"es\",\"potentialAction\":[{\"@type\":\"ReadAction\",\"target\":[\"https:\\\/\\\/medipurpose.com\\\/es\\\/sobre-nosotros\\\/\"]}]},{\"@type\":\"BreadcrumbList\",\"@id\":\"https:\\\/\\\/medipurpose.com\\\/es\\\/sobre-nosotros\\\/#breadcrumb\",\"itemListElement\":[{\"@type\":\"ListItem\",\"position\":1,\"name\":\"Home\",\"item\":\"https:\\\/\\\/medipurpose.com\\\/es\\\/\"},{\"@type\":\"ListItem\",\"position\":2,\"name\":\"Sobre nosotros\"}]},{\"@type\":\"WebSite\",\"@id\":\"https:\\\/\\\/medipurpose.com\\\/es\\\/#website\",\"url\":\"https:\\\/\\\/medipurpose.com\\\/es\\\/\",\"name\":\"MediPurpose\",\"description\":\"\",\"potentialAction\":[{\"@type\":\"SearchAction\",\"target\":{\"@type\":\"EntryPoint\",\"urlTemplate\":\"https:\\\/\\\/medipurpose.com\\\/es\\\/?s={search_term_string}\"},\"query-input\":{\"@type\":\"PropertyValueSpecification\",\"valueRequired\":true,\"valueName\":\"search_term_string\"}}],\"inLanguage\":\"es\"}]}<\/script>\n<!-- \/ Yoast SEO plugin. -->","yoast_head_json":{"title":"Sobre nosotros - MediPurpose","robots":{"index":"index","follow":"follow","max-snippet":"max-snippet:-1","max-image-preview":"max-image-preview:large","max-video-preview":"max-video-preview:-1"},"canonical":"https:\/\/medipurpose.com\/es\/sobre-nosotros\/","og_locale":"es_ES","og_type":"article","og_title":"Sobre nosotros - MediPurpose","og_description":"[vc_row css_animation=\u00bb\u00bb row_type=\u00bbrow\u00bb use_row_as_full_screen_section=\u00bbno\u00bb type=\u00bbgrid\u00bb anchor=\u00bbportfolio\u00bb angled_section=\u00bbno\u00bb text_align=\u00bbleft\u00bb background_image_as_pattern=\u00bbwithout_pattern\u00bb background_color=\u00bb#ffffff\u00bb border_color=\u00bb#eeeeee\u00bb padding_top=\u00bb82&#8243; padding_bottom=\u00bb0&#8243;][vc_column][vc_column_text] Sobre MediPurpose [\/vc_column_text][vc_separator type=\u00bbsmall\u00bb position=\u00bbcenter\u00bb color=\u00bb#818181&#8243; up=\u00bb20&#8243; down=\u00bb80&#8243;][vc_row_inner row_type=\u00bbrow\u00bb type=\u00bbfull_width\u00bb text_align=\u00bbleft\u00bb css_animation=\u00bb\u00bb][vc_column_inner][vc_column_text] Sobre MediPurpose [\/vc_column_text][vc_separator type=\u00bbtransparent\u00bb up=\u00bb12&#8243; down=\u00bb0&#8243;][vc_column_text]Nos especializamos en dispositivos m\u00e9dicos de seguridad para punci\u00f3n, y estamos orgullosos de nuestros productos...","og_url":"https:\/\/medipurpose.com\/es\/sobre-nosotros\/","og_site_name":"MediPurpose","article_modified_time":"2020-10-30T01:56:14+00:00","twitter_card":"summary_large_image","twitter_misc":{"Tiempo de lectura":"3 minutos"},"schema":{"@context":"https:\/\/schema.org","@graph":[{"@type":"WebPage","@id":"https:\/\/medipurpose.com\/es\/sobre-nosotros\/","url":"https:\/\/medipurpose.com\/es\/sobre-nosotros\/","name":"Sobre nosotros - MediPurpose","isPartOf":{"@id":"https:\/\/medipurpose.com\/es\/#website"},"datePublished":"2014-05-05T11:29:07+00:00","dateModified":"2020-10-30T01:56:14+00:00","breadcrumb":{"@id":"https:\/\/medipurpose.com\/es\/sobre-nosotros\/#breadcrumb"},"inLanguage":"es","potentialAction":[{"@type":"ReadAction","target":["https:\/\/medipurpose.com\/es\/sobre-nosotros\/"]}]},{"@type":"BreadcrumbList","@id":"https:\/\/medipurpose.com\/es\/sobre-nosotros\/#breadcrumb","itemListElement":[{"@type":"ListItem","position":1,"name":"Home","item":"https:\/\/medipurpose.com\/es\/"},{"@type":"ListItem","position":2,"name":"Sobre nosotros"}]},{"@type":"WebSite","@id":"https:\/\/medipurpose.com\/es\/#website","url":"https:\/\/medipurpose.com\/es\/","name":"MediPurpose","description":"","potentialAction":[{"@type":"SearchAction","target":{"@type":"EntryPoint","urlTemplate":"https:\/\/medipurpose.com\/es\/?s={search_term_string}"},"query-input":{"@type":"PropertyValueSpecification","valueRequired":true,"valueName":"search_term_string"}}],"inLanguage":"es"}]}},"_links":{"self":[{"href":"https:\/\/medipurpose.com\/es\/wp-json\/wp\/v2\/pages\/19349","targetHints":{"allow":["GET"]}}],"collection":[{"href":"https:\/\/medipurpose.com\/es\/wp-json\/wp\/v2\/pages"}],"about":[{"href":"https:\/\/medipurpose.com\/es\/wp-json\/wp\/v2\/types\/page"}],"author":[{"embeddable":true,"href":"https:\/\/medipurpose.com\/es\/wp-json\/wp\/v2\/users\/3"}],"replies":[{"embeddable":true,"href":"https:\/\/medipurpose.com\/es\/wp-json\/wp\/v2\/comments?post=19349"}],"version-history":[{"count":5,"href":"https:\/\/medipurpose.com\/es\/wp-json\/wp\/v2\/pages\/19349\/revisions"}],"predecessor-version":[{"id":20211,"href":"https:\/\/medipurpose.com\/es\/wp-json\/wp\/v2\/pages\/19349\/revisions\/20211"}],"wp:attachment":[{"href":"https:\/\/medipurpose.com\/es\/wp-json\/wp\/v2\/media?parent=19349"}],"curies":[{"name":"wp","href":"https:\/\/api.w.org\/{rel}","templated":true}]}}