{"id":19296,"date":"2017-05-15T18:09:58","date_gmt":"2017-05-15T18:09:58","guid":{"rendered":"https:\/\/medipurpose.com\/casa\/"},"modified":"2022-05-19T04:39:45","modified_gmt":"2022-05-19T04:39:45","slug":"casa","status":"publish","type":"page","link":"https:\/\/medipurpose.com\/es\/","title":{"rendered":"Inicio"},"content":{"rendered":"<div class=\"wpb-content-wrapper\"><p>[vc_row css_animation=\u00bb\u00bb row_type=\u00bbrow\u00bb use_row_as_full_screen_section=\u00bbno\u00bb type=\u00bbfull_width\u00bb angled_section=\u00bbno\u00bb text_align=\u00bbleft\u00bb background_image_as_pattern=\u00bbwithout_pattern\u00bb][vc_column]\n\t\t\t<!-- START testslider REVOLUTION SLIDER 6.7.34 --><p class=\"rs-p-wp-fix\"><\/p>\n\t\t\t<rs-module-wrap id=\"rev_slider_2_1_wrapper\" data-source=\"gallery\" style=\"visibility:hidden;background:transparent;padding:0;margin:0px auto;margin-top:0;margin-bottom:0;\">\n\t\t\t\t<rs-module id=\"rev_slider_2_1\" style=\"\" data-version=\"6.7.34\">\n\t\t\t\t\t<rs-slides style=\"overflow: hidden; position: absolute;\">\n\t\t\t\t\t\t<rs-slide style=\"position: absolute;\" data-key=\"rs-7\" data-title=\"Slide\" data-anim=\"ms:600;r:0;\" data-in=\"o:0;\" data-out=\"a:false;\">\n\t\t\t\t\t\t\t<img decoding=\"async\" src=\"\/\/medipurpose.com\/wp-content\/plugins\/revslider\/sr6\/assets\/assets\/dummy.png\" alt=\"\" title=\"medipurpose-banner-home-sp-1920&#215;450\" width=\"1920\" height=\"450\" class=\"rev-slidebg tp-rs-img rs-lazyload\" data-lazyload=\"\/\/medipurpose.com\/wp-content\/uploads\/2021\/10\/medipurpose-banner-home-sp-1920x450-4.jpg\" data-no-retina>\n<!---->\t\t\t\t\t<\/rs-slide>\n\t\t\t\t\t<\/rs-slides>\n\t\t\t\t<\/rs-module>\n\t\t\t\t<script>\n\t\t\t\t\tsetREVStartSize({c: 'rev_slider_2_1',rl:[1240,1024,778,480],el:[450],gw:[1240],gh:[450],type:'standard',justify:'',layout:'fullwidth',mh:\"0\"});if (window.RS_MODULES!==undefined && window.RS_MODULES.modules!==undefined && window.RS_MODULES.modules[\"revslider21\"]!==undefined) {window.RS_MODULES.modules[\"revslider21\"].once = false;window.revapi2 = undefined;if (window.RS_MODULES.checkMinimal!==undefined) window.RS_MODULES.checkMinimal()}\n\t\t\t\t<\/script>\n\t\t\t<\/rs-module-wrap>\n\t\t\t<!-- END REVOLUTION SLIDER -->\n[\/vc_column][\/vc_row][vc_row css_animation=\u00bb\u00bb row_type=\u00bbrow\u00bb use_row_as_full_screen_section=\u00bbno\u00bb type=\u00bbgrid\u00bb anchor=\u00bbportfolio\u00bb angled_section=\u00bbno\u00bb text_align=\u00bbleft\u00bb background_image_as_pattern=\u00bbwithout_pattern\u00bb background_color=\u00bb#ffffff\u00bb border_color=\u00bb#ffffff\u00bb padding_top=\u00bb73&#8243; padding_bottom=\u00bb0&#8243;][vc_column][vc_row_inner row_type=\u00bbrow\u00bb type=\u00bbfull_width\u00bb text_align=\u00bbleft\u00bb css_animation=\u00bb\u00bb][vc_column_inner width=\u00bb1\/4&#8243;][vc_single_image image=\u00bb19316&#8243; img_size=\u00bbfull\u00bb alignment=\u00bbcenter\u00bb onclick=\u00bbcustom_link\u00bb img_link_target=\u00bb_blank\u00bb qode_css_animation=\u00bb\u00bb link=\u00bbhttp:%2F%2Fanzenscalpel.com%2F|\u00bb][vc_separator type=\u00bbtransparent\u00bb up=\u00bb25&#8243; down=\u00bb0&#8243;][vc_single_image image=\u00bb19305&#8243; img_size=\u00bbfull\u00bb alignment=\u00bbcenter\u00bb onclick=\u00bbcustom_link\u00bb img_link_target=\u00bb_blank\u00bb qode_css_animation=\u00bb\u00bb link=\u00bbhttp:%2F%2Fanzenscalpel.com%2F|\u00bb][vc_separator type=\u00bbtransparent\u00bb up=\u00bb30&#8243; down=\u00bb0&#8243;][vc_column_text]<\/p>\n<h5><a href=\"http:\/\/anzenscalpel.com\/\">Bistur\u00ed de seguridad Anzen\u2122<\/a><\/h5>\n<p>[\/vc_column_text][vc_separator type=\u00bbtransparent\u00bb up=\u00bb6&#8243; down=\u00bb0&#8243;][vc_column_text]<a href=\"http:\/\/anzenscalpel.com\/\">Anzen, un bistur\u00ed de seguridad con un mango de metal reutilizable similar en peso y equilibrio a los bistur\u00eds de mango de metal tradicionales, proporciona a los cirujanos y t\u00e9cnicos las caracter\u00edsticas de seguridad necesarias sin perder la familiaridad, el control y la facilidad de uso de sus bistur\u00eds actuales.<\/a>[\/vc_column_text][vc_separator type=\u00bbtransparent\u00bb up=\u00bb76&#8243; down=\u00bb0&#8243;][\/vc_column_inner][vc_column_inner width=\u00bb1\/4&#8243;][vc_single_image image=\u00bb19314&#8243; img_size=\u00bbfull\u00bb alignment=\u00bbcenter\u00bb onclick=\u00bbcustom_link\u00bb qode_css_animation=\u00bb\u00bb link=\u00bb\/surgilance\u00bb][vc_separator type=\u00bbtransparent\u00bb up=\u00bb0&#8243; down=\u00bb0&#8243;][vc_single_image image=\u00bb19303&#8243; img_size=\u00bbfull\u00bb alignment=\u00bbcenter\u00bb onclick=\u00bbcustom_link\u00bb qode_css_animation=\u00bb\u00bb link=\u00bb\/surgilance\u00bb][vc_separator type=\u00bbtransparent\u00bb up=\u00bb24&#8243; down=\u00bb0&#8243;][vc_column_text]<\/p>\n<h5><a href=\"http:\/\/medipurpose.com\/es\/surgilance-2\/\">SurgiLance\u2122<\/a><\/h5>\n<p>[\/vc_column_text][vc_separator type=\u00bbtransparent\u00bb up=\u00bb6&#8243; down=\u00bb0&#8243;][vc_column_text]<a href=\"http:\/\/medipurpose.com\/es\/surgilance-2\/\">Con m\u00e1s de mil millones de dispositivos vendidos desde su introducci\u00f3n en el a\u00f1o 2000, las lancetas de seguridad SurgiLance\u2122 han ganado popularidad en todo el mundo por su comodidad, simplicidad y seguridad.<\/a>[\/vc_column_text][vc_separator type=\u00bbtransparent\u00bb up=\u00bb76&#8243; down=\u00bb0&#8243;][\/vc_column_inner][vc_column_inner width=\u00bb1\/4&#8243;][vc_single_image image=\u00bb19308&#8243; img_size=\u00bbfull\u00bb alignment=\u00bbcenter\u00bb onclick=\u00bbcustom_link\u00bb qode_css_animation=\u00bb\u00bb link=\u00bb\/mediplus\u00bb][vc_separator type=\u00bbtransparent\u00bb up=\u00bb25&#8243; down=\u00bb0&#8243;][vc_single_image image=\u00bb19299&#8243; img_size=\u00bbfull\u00bb alignment=\u00bbcenter\u00bb onclick=\u00bbcustom_link\u00bb qode_css_animation=\u00bb\u00bb link=\u00bb\/mediplus\u00bb][vc_separator type=\u00bbtransparent\u00bb up=\u00bb41&#8243; down=\u00bb0&#8243;][vc_column_text]<\/p>\n<h5><a href=\"http:\/\/medipurpose.com\/es\/mediplus-2\/\">Mediplus\u2122<\/a><\/h5>\n<p>[\/vc_column_text][vc_separator type=\u00bbtransparent\u00bb up=\u00bb6&#8243; down=\u00bb0&#8243;][vc_column_text]<a href=\"http:\/\/medipurpose.com\/es\/mediplus-2\/\">Respaldada por m\u00e1s de 10 a\u00f1os de experiencia en la fabricaci\u00f3n y distribuci\u00f3n de productos m\u00e9dicos, nuestra l\u00ednea de productos de Cuidado Avanzado de Heridas de MediPlus\u2122 ofrece una serie de ventajas para las empresas que buscan productos de alta calidad para el cuidado de heridas a precios muy competitivos.<\/a>[\/vc_column_text][vc_separator type=\u00bbtransparent\u00bb up=\u00bb76&#8243; down=\u00bb0&#8243;][\/vc_column_inner][vc_column_inner width=\u00bb1\/4&#8243;][vc_single_image image=\u00bb19312&#8243; img_size=\u00bbfull\u00bb alignment=\u00bbcenter\u00bb onclick=\u00bbcustom_link\u00bb qode_css_animation=\u00bb\u00bb link=\u00bb\/babylance\u00bb][vc_separator type=\u00bbtransparent\u00bb up=\u00bb20&#8243; down=\u00bb0&#8243;][vc_single_image image=\u00bb19301&#8243; img_size=\u00bbfull\u00bb alignment=\u00bbcenter\u00bb onclick=\u00bbcustom_link\u00bb qode_css_animation=\u00bb\u00bb link=\u00bb\/babylance\u00bb][vc_separator type=\u00bbtransparent\u00bb up=\u00bb37&#8243; down=\u00bb0&#8243;][vc_column_text]<\/p>\n<h5><a href=\"http:\/\/medipurpose.com\/babylance\/\">babyLance\u2122<\/a><\/h5>\n<p>[\/vc_column_text][vc_separator type=\u00bbtransparent\u00bb up=\u00bb6&#8243; down=\u00bb0&#8243;][vc_column_text]<a href=\"http:\/\/medipurpose.com\/babylance\/\">AVISO ESPECIAL: babyLance\u2122 ha sido adquirida por Clinical Innovations, una empresa de dispositivos m\u00e9dicos enfocada en los campos neonatales y de parto.<\/a>[\/vc_column_text][vc_separator type=\u00bbtransparent\u00bb up=\u00bb15&#8243; down=\u00bb0&#8243;][vc_column_text]<a href=\"http:\/\/medipurpose.com\/babylance\/\">Nuestra lanceta de seguridad babyLance\u2122 es un dispositivo para punci\u00f3n en el tal\u00f3n del beb\u00e9 que se hace realidad gracias a los m\u00e1s de 10 a\u00f1os de experiencia probada en desarrollo de productos y a la tecnolog\u00eda de avanzada detr\u00e1s de nuestra lanceta de seguridad SurgiLance\u2122. El resultado es un dispositivo de incisi\u00f3n del tal\u00f3n preciso, seguro y consistente dise\u00f1ado espec\u00edficamente para beb\u00e9s.<\/a>[\/vc_column_text][vc_separator type=\u00bbtransparent\u00bb up=\u00bb76&#8243; down=\u00bb0&#8243;][\/vc_column_inner][\/vc_row_inner][\/vc_column][\/vc_row][vc_row css_animation=\u00bb\u00bb row_type=\u00bbrow\u00bb use_row_as_full_screen_section=\u00bbno\u00bb type=\u00bbfull_width\u00bb angled_section=\u00bbno\u00bb text_align=\u00bbleft\u00bb background_image_as_pattern=\u00bbwithout_pattern\u00bb][vc_column][vc_empty_space][\/vc_column][\/vc_row]<\/p>\n<\/div>","protected":false},"excerpt":{"rendered":"<p>[vc_row css_animation=\u00bb\u00bb row_type=\u00bbrow\u00bb use_row_as_full_screen_section=\u00bbno\u00bb type=\u00bbfull_width\u00bb angled_section=\u00bbno\u00bb text_align=\u00bbleft\u00bb background_image_as_pattern=\u00bbwithout_pattern\u00bb][vc_column][\/vc_column][\/vc_row][vc_row css_animation=\u00bb\u00bb row_type=\u00bbrow\u00bb use_row_as_full_screen_section=\u00bbno\u00bb type=\u00bbgrid\u00bb anchor=\u00bbportfolio\u00bb angled_section=\u00bbno\u00bb text_align=\u00bbleft\u00bb background_image_as_pattern=\u00bbwithout_pattern\u00bb background_color=\u00bb#ffffff\u00bb border_color=\u00bb#ffffff\u00bb padding_top=\u00bb73&#8243; padding_bottom=\u00bb0&#8243;][vc_column][vc_row_inner row_type=\u00bbrow\u00bb type=\u00bbfull_width\u00bb text_align=\u00bbleft\u00bb css_animation=\u00bb\u00bb][vc_column_inner width=\u00bb1\/4&#8243;][vc_single_image image=\u00bb19316&#8243; img_size=\u00bbfull\u00bb alignment=\u00bbcenter\u00bb onclick=\u00bbcustom_link\u00bb img_link_target=\u00bb_blank\u00bb qode_css_animation=\u00bb\u00bb link=\u00bbhttp:%2F%2Fanzenscalpel.com%2F|\u00bb][vc_separator type=\u00bbtransparent\u00bb up=\u00bb25&#8243; down=\u00bb0&#8243;][vc_single_image image=\u00bb19305&#8243; img_size=\u00bbfull\u00bb alignment=\u00bbcenter\u00bb onclick=\u00bbcustom_link\u00bb img_link_target=\u00bb_blank\u00bb qode_css_animation=\u00bb\u00bb link=\u00bbhttp:%2F%2Fanzenscalpel.com%2F|\u00bb][vc_separator type=\u00bbtransparent\u00bb up=\u00bb30&#8243; down=\u00bb0&#8243;][vc_column_text]&#8230;<\/p>\n","protected":false},"author":3,"featured_media":0,"parent":0,"menu_order":0,"comment_status":"open","ping_status":"open","template":"full_width.php","meta":{"_monsterinsights_skip_tracking":false,"_monsterinsights_sitenote_active":false,"_monsterinsights_sitenote_note":"","_monsterinsights_sitenote_category":0,"footnotes":""},"class_list":["post-19296","page","type-page","status-publish","hentry"],"yoast_head":"<!-- This site is optimized with the Yoast SEO plugin v27.3 - https:\/\/yoast.com\/product\/yoast-seo-wordpress\/ -->\n<title>Inicio - MediPurpose<\/title>\n<meta name=\"robots\" content=\"index, follow, max-snippet:-1, max-image-preview:large, max-video-preview:-1\" \/>\n<link rel=\"canonical\" href=\"https:\/\/medipurpose.com\/es\/\" \/>\n<meta property=\"og:locale\" content=\"es_ES\" \/>\n<meta property=\"og:type\" content=\"article\" \/>\n<meta property=\"og:title\" content=\"Inicio - MediPurpose\" \/>\n<meta property=\"og:description\" content=\"[vc_row css_animation=\u00bb\u00bb row_type=\u00bbrow\u00bb use_row_as_full_screen_section=\u00bbno\u00bb type=\u00bbfull_width\u00bb angled_section=\u00bbno\u00bb text_align=\u00bbleft\u00bb background_image_as_pattern=\u00bbwithout_pattern\u00bb][vc_column][\/vc_column][\/vc_row][vc_row css_animation=\u00bb\u00bb row_type=\u00bbrow\u00bb use_row_as_full_screen_section=\u00bbno\u00bb type=\u00bbgrid\u00bb anchor=\u00bbportfolio\u00bb angled_section=\u00bbno\u00bb text_align=\u00bbleft\u00bb background_image_as_pattern=\u00bbwithout_pattern\u00bb background_color=\u00bb#ffffff\u00bb border_color=\u00bb#ffffff\u00bb padding_top=\u00bb73&#8243; padding_bottom=\u00bb0&#8243;][vc_column][vc_row_inner row_type=\u00bbrow\u00bb type=\u00bbfull_width\u00bb text_align=\u00bbleft\u00bb css_animation=\u00bb\u00bb][vc_column_inner width=\u00bb1\/4&#8243;][vc_single_image image=\u00bb19316&#8243; img_size=\u00bbfull\u00bb alignment=\u00bbcenter\u00bb onclick=\u00bbcustom_link\u00bb img_link_target=\u00bb_blank\u00bb qode_css_animation=\u00bb\u00bb link=\u00bbhttp:%2F%2Fanzenscalpel.com%2F|\u00bb][vc_separator type=\u00bbtransparent\u00bb up=\u00bb25&#8243; down=\u00bb0&#8243;][vc_single_image image=\u00bb19305&#8243; img_size=\u00bbfull\u00bb alignment=\u00bbcenter\u00bb onclick=\u00bbcustom_link\u00bb img_link_target=\u00bb_blank\u00bb qode_css_animation=\u00bb\u00bb link=\u00bbhttp:%2F%2Fanzenscalpel.com%2F|\u00bb][vc_separator type=\u00bbtransparent\u00bb up=\u00bb30&#8243; down=\u00bb0&#8243;][vc_column_text]...\" \/>\n<meta property=\"og:url\" content=\"https:\/\/medipurpose.com\/es\/\" \/>\n<meta property=\"og:site_name\" content=\"MediPurpose\" \/>\n<meta property=\"article:modified_time\" content=\"2022-05-19T04:39:45+00:00\" \/>\n<meta name=\"twitter:card\" content=\"summary_large_image\" \/>\n<meta name=\"twitter:label1\" content=\"Tiempo de lectura\" \/>\n\t<meta name=\"twitter:data1\" content=\"4 minutos\" \/>\n<script type=\"application\/ld+json\" class=\"yoast-schema-graph\">{\"@context\":\"https:\\\/\\\/schema.org\",\"@graph\":[{\"@type\":\"WebPage\",\"@id\":\"https:\\\/\\\/medipurpose.com\\\/es\\\/\",\"url\":\"https:\\\/\\\/medipurpose.com\\\/es\\\/\",\"name\":\"Inicio - MediPurpose\",\"isPartOf\":{\"@id\":\"https:\\\/\\\/medipurpose.com\\\/es\\\/#website\"},\"datePublished\":\"2017-05-15T18:09:58+00:00\",\"dateModified\":\"2022-05-19T04:39:45+00:00\",\"breadcrumb\":{\"@id\":\"https:\\\/\\\/medipurpose.com\\\/es\\\/#breadcrumb\"},\"inLanguage\":\"es\",\"potentialAction\":[{\"@type\":\"ReadAction\",\"target\":[\"https:\\\/\\\/medipurpose.com\\\/es\\\/\"]}]},{\"@type\":\"BreadcrumbList\",\"@id\":\"https:\\\/\\\/medipurpose.com\\\/es\\\/#breadcrumb\",\"itemListElement\":[{\"@type\":\"ListItem\",\"position\":1,\"name\":\"Home\",\"item\":\"https:\\\/\\\/medipurpose.com\\\/es\\\/\"},{\"@type\":\"ListItem\",\"position\":2,\"name\":\"Inicio\"}]},{\"@type\":\"WebSite\",\"@id\":\"https:\\\/\\\/medipurpose.com\\\/es\\\/#website\",\"url\":\"https:\\\/\\\/medipurpose.com\\\/es\\\/\",\"name\":\"MediPurpose\",\"description\":\"\",\"potentialAction\":[{\"@type\":\"SearchAction\",\"target\":{\"@type\":\"EntryPoint\",\"urlTemplate\":\"https:\\\/\\\/medipurpose.com\\\/es\\\/?s={search_term_string}\"},\"query-input\":{\"@type\":\"PropertyValueSpecification\",\"valueRequired\":true,\"valueName\":\"search_term_string\"}}],\"inLanguage\":\"es\"}]}<\/script>\n<!-- \/ Yoast SEO plugin. -->","yoast_head_json":{"title":"Inicio - MediPurpose","robots":{"index":"index","follow":"follow","max-snippet":"max-snippet:-1","max-image-preview":"max-image-preview:large","max-video-preview":"max-video-preview:-1"},"canonical":"https:\/\/medipurpose.com\/es\/","og_locale":"es_ES","og_type":"article","og_title":"Inicio - MediPurpose","og_description":"[vc_row css_animation=\u00bb\u00bb row_type=\u00bbrow\u00bb use_row_as_full_screen_section=\u00bbno\u00bb type=\u00bbfull_width\u00bb angled_section=\u00bbno\u00bb text_align=\u00bbleft\u00bb background_image_as_pattern=\u00bbwithout_pattern\u00bb][vc_column][\/vc_column][\/vc_row][vc_row css_animation=\u00bb\u00bb row_type=\u00bbrow\u00bb use_row_as_full_screen_section=\u00bbno\u00bb type=\u00bbgrid\u00bb anchor=\u00bbportfolio\u00bb angled_section=\u00bbno\u00bb text_align=\u00bbleft\u00bb background_image_as_pattern=\u00bbwithout_pattern\u00bb background_color=\u00bb#ffffff\u00bb border_color=\u00bb#ffffff\u00bb padding_top=\u00bb73&#8243; padding_bottom=\u00bb0&#8243;][vc_column][vc_row_inner row_type=\u00bbrow\u00bb type=\u00bbfull_width\u00bb text_align=\u00bbleft\u00bb css_animation=\u00bb\u00bb][vc_column_inner width=\u00bb1\/4&#8243;][vc_single_image image=\u00bb19316&#8243; img_size=\u00bbfull\u00bb alignment=\u00bbcenter\u00bb onclick=\u00bbcustom_link\u00bb img_link_target=\u00bb_blank\u00bb qode_css_animation=\u00bb\u00bb link=\u00bbhttp:%2F%2Fanzenscalpel.com%2F|\u00bb][vc_separator type=\u00bbtransparent\u00bb up=\u00bb25&#8243; down=\u00bb0&#8243;][vc_single_image image=\u00bb19305&#8243; img_size=\u00bbfull\u00bb alignment=\u00bbcenter\u00bb onclick=\u00bbcustom_link\u00bb img_link_target=\u00bb_blank\u00bb qode_css_animation=\u00bb\u00bb link=\u00bbhttp:%2F%2Fanzenscalpel.com%2F|\u00bb][vc_separator type=\u00bbtransparent\u00bb up=\u00bb30&#8243; down=\u00bb0&#8243;][vc_column_text]...","og_url":"https:\/\/medipurpose.com\/es\/","og_site_name":"MediPurpose","article_modified_time":"2022-05-19T04:39:45+00:00","twitter_card":"summary_large_image","twitter_misc":{"Tiempo de lectura":"4 minutos"},"schema":{"@context":"https:\/\/schema.org","@graph":[{"@type":"WebPage","@id":"https:\/\/medipurpose.com\/es\/","url":"https:\/\/medipurpose.com\/es\/","name":"Inicio - MediPurpose","isPartOf":{"@id":"https:\/\/medipurpose.com\/es\/#website"},"datePublished":"2017-05-15T18:09:58+00:00","dateModified":"2022-05-19T04:39:45+00:00","breadcrumb":{"@id":"https:\/\/medipurpose.com\/es\/#breadcrumb"},"inLanguage":"es","potentialAction":[{"@type":"ReadAction","target":["https:\/\/medipurpose.com\/es\/"]}]},{"@type":"BreadcrumbList","@id":"https:\/\/medipurpose.com\/es\/#breadcrumb","itemListElement":[{"@type":"ListItem","position":1,"name":"Home","item":"https:\/\/medipurpose.com\/es\/"},{"@type":"ListItem","position":2,"name":"Inicio"}]},{"@type":"WebSite","@id":"https:\/\/medipurpose.com\/es\/#website","url":"https:\/\/medipurpose.com\/es\/","name":"MediPurpose","description":"","potentialAction":[{"@type":"SearchAction","target":{"@type":"EntryPoint","urlTemplate":"https:\/\/medipurpose.com\/es\/?s={search_term_string}"},"query-input":{"@type":"PropertyValueSpecification","valueRequired":true,"valueName":"search_term_string"}}],"inLanguage":"es"}]}},"_links":{"self":[{"href":"https:\/\/medipurpose.com\/es\/wp-json\/wp\/v2\/pages\/19296","targetHints":{"allow":["GET"]}}],"collection":[{"href":"https:\/\/medipurpose.com\/es\/wp-json\/wp\/v2\/pages"}],"about":[{"href":"https:\/\/medipurpose.com\/es\/wp-json\/wp\/v2\/types\/page"}],"author":[{"embeddable":true,"href":"https:\/\/medipurpose.com\/es\/wp-json\/wp\/v2\/users\/3"}],"replies":[{"embeddable":true,"href":"https:\/\/medipurpose.com\/es\/wp-json\/wp\/v2\/comments?post=19296"}],"version-history":[{"count":5,"href":"https:\/\/medipurpose.com\/es\/wp-json\/wp\/v2\/pages\/19296\/revisions"}],"predecessor-version":[{"id":22139,"href":"https:\/\/medipurpose.com\/es\/wp-json\/wp\/v2\/pages\/19296\/revisions\/22139"}],"wp:attachment":[{"href":"https:\/\/medipurpose.com\/es\/wp-json\/wp\/v2\/media?parent=19296"}],"curies":[{"name":"wp","href":"https:\/\/api.w.org\/{rel}","templated":true}]}}